{"id":109844,"date":"2022-09-12T09:25:55","date_gmt":"2022-09-12T09:25:55","guid":{"rendered":"https:\/\/moto-oprema.com\/Artikel\/leatt-5-5-flexlock-mx-tiger-stiefel\/"},"modified":"2022-09-12T09:25:55","modified_gmt":"2022-09-12T09:25:55","slug":"leatt-5-5-flexlock-mx-tiger-stiefel","status":"publish","type":"product","link":"https:\/\/moto-oprema.com\/de\/Artikel\/leatt-5-5-flexlock-mx-tiger-stiefel\/","title":{"rendered":"LEATT 5.5 FLEXLOCK MX TIGER STIEFEL"},"content":{"rendered":"<div class=\"ui-tabs-panel ui-widget-content ui-corner-bottom\" id=\"tab-product-description\">\n<div class=\"description\">Leatt Stiefel bieten ein H\u00f6chstma\u00df an Komfort und eine perfekte Passform auch f\u00fcr breite F\u00fc\u00dfe. Das adaptive FlexLock-System von Leatt reduziert die auf den Kn\u00f6chel wirkenden Kr\u00e4fte um bis zu 37% und die auf das Knie wirkenden Kr\u00e4fte um bis zu 35%, indem es die Bewegung des Kn\u00f6chels bei \u00fcberm\u00e4\u00dfiger Beugung f\u00fcr mehr Sicherheit blockiert. Die Schnallen sind aus geschmiedetem Aluminium mit einem Over-Lock-System und einer Basis aus rostfreiem Stahl gefertigt. Der SlideLock-Verschluss ist ein einzigartiges System, das eine gute Abdichtung im oberen Teil des Schuhs gew\u00e4hrleistet, selbst wenn Knieschoner verwendet werden.   <\/p>\n<p>Die Innenseite des Schuhs ist flach mit einer sch\u00fctzenden und griffigen TPU-Platte f\u00fcr ein besseres Fahrgef\u00fchl. Erweiterte Fu\u00dfst\u00fctzzone zum Fahren an der Fu\u00dfspitze und im R\u00fcckfu\u00dfbereich. Die Stiefel verf\u00fcgen au\u00dferdem \u00fcber ein atmungsaktives 3D-Mesh-Futter mit Anti-Rutsch-Beschichtung und das moderne und farbenfrohe Design macht sie zu einer wahren Augenweide!  <\/p>\n<p>CE-gepr\u00fcft und zertifiziert nach: prEN 13634:2017<\/p><\/div>\n<\/div>\n","protected":false},"excerpt":{"rendered":"<p>Leatt 5.5 FlexLock Motocross Stiefel<\/p>\n","protected":false},"featured_media":18987,"comment_status":"open","ping_status":"open","template":"","meta":{"_acf_changed":false},"brand":[2121],"gender":[],"product_brand":[],"product_cat":[1357,2028,2244],"product_tag":[],"class_list":{"0":"post-109844","1":"product","2":"type-product","3":"status-publish","4":"has-post-thumbnail","6":"brand-leatt-de","7":"product_cat-ausrustung-fur-motorradfahrer","8":"product_cat-motocross-ausrustung","9":"product_cat-mx-stiefel","10":"pa_velikost-skornji-43-de","11":"pa_velikost-skornji-44-5-de","12":"pa_velikost-skornji-45-5-de","14":"first","15":"onbackorder","16":"taxable","17":"shipping-taxable","18":"purchasable","19":"product-type-variable"},"acf":[],"_links":{"self":[{"href":"https:\/\/moto-oprema.com\/de\/wp-json\/wp\/v2\/product\/109844","targetHints":{"allow":["GET"]}}],"collection":[{"href":"https:\/\/moto-oprema.com\/de\/wp-json\/wp\/v2\/product"}],"about":[{"href":"https:\/\/moto-oprema.com\/de\/wp-json\/wp\/v2\/types\/product"}],"replies":[{"embeddable":true,"href":"https:\/\/moto-oprema.com\/de\/wp-json\/wp\/v2\/comments?post=109844"}],"wp:featuredmedia":[{"embeddable":true,"href":"https:\/\/moto-oprema.com\/de\/wp-json\/wp\/v2\/media\/18987"}],"wp:attachment":[{"href":"https:\/\/moto-oprema.com\/de\/wp-json\/wp\/v2\/media?parent=109844"}],"wp:term":[{"taxonomy":"brand","embeddable":true,"href":"https:\/\/moto-oprema.com\/de\/wp-json\/wp\/v2\/brand?post=109844"},{"taxonomy":"gender","embeddable":true,"href":"https:\/\/moto-oprema.com\/de\/wp-json\/wp\/v2\/gender?post=109844"},{"taxonomy":"product_brand","embeddable":true,"href":"https:\/\/moto-oprema.com\/de\/wp-json\/wp\/v2\/product_brand?post=109844"},{"taxonomy":"product_cat","embeddable":true,"href":"https:\/\/moto-oprema.com\/de\/wp-json\/wp\/v2\/product_cat?post=109844"},{"taxonomy":"product_tag","embeddable":true,"href":"https:\/\/moto-oprema.com\/de\/wp-json\/wp\/v2\/product_tag?post=109844"}],"curies":[{"name":"wp","href":"https:\/\/api.w.org\/{rel}","templated":true}]}}