{"id":109782,"date":"2022-09-26T10:40:56","date_gmt":"2022-09-26T10:40:56","guid":{"rendered":"https:\/\/moto-oprema.com\/Artikel\/leatt-mx-jersey-moto-4-5-kraftstoff\/"},"modified":"2022-09-26T10:40:56","modified_gmt":"2022-09-26T10:40:56","slug":"leatt-mx-jersey-moto-4-5-kraftstoff","status":"publish","type":"product","link":"https:\/\/moto-oprema.com\/de\/Artikel\/leatt-mx-jersey-moto-4-5-kraftstoff\/","title":{"rendered":"LEATT MX JERSEY MOTO 4.5 KRAFTSTOFF"},"content":{"rendered":"<p>Dieses klassische Leatt Trikot aus MoistureCool 3D-Stretch-Mesh-Gewebe ist \u00e4u\u00dferst bequem und verf\u00fcgt \u00fcber weiche Stretchb\u00fcndchen und zus\u00e4tzliche Atmungsaktivit\u00e4t dank der X-Flow-Mesh-Seiten. Der taillierte Schnitt ist so konzipiert, dass Sie es mit oder ohne Oberk\u00f6rperschutz tragen k\u00f6nnen.  <\/p>\n","protected":false},"excerpt":{"rendered":"<p>Dieses klassische Leatt Trikot aus MoistureCool 3D-Stretch-Mesh-Gewebe ist \u00e4u\u00dferst bequem und verf\u00fcgt \u00fcber weiche Stretchb\u00fcndchen und&#8230;<\/p>\n","protected":false},"featured_media":19276,"comment_status":"open","ping_status":"open","template":"","meta":{"_acf_changed":false},"brand":[2121],"gender":[],"product_brand":[],"product_cat":[2028,2029],"product_tag":[],"class_list":{"0":"post-109782","1":"product","2":"type-product","3":"status-publish","4":"has-post-thumbnail","6":"brand-leatt-de","7":"product_cat-motocross-ausrustung","8":"product_cat-mx-dresi-de","9":"pa_size-l-de","10":"pa_size-m-de","11":"pa_size-s-de","12":"pa_size-xl-de","14":"first","15":"onbackorder","16":"taxable","17":"shipping-taxable","18":"purchasable","19":"product-type-variable"},"acf":[],"_links":{"self":[{"href":"https:\/\/moto-oprema.com\/de\/wp-json\/wp\/v2\/product\/109782","targetHints":{"allow":["GET"]}}],"collection":[{"href":"https:\/\/moto-oprema.com\/de\/wp-json\/wp\/v2\/product"}],"about":[{"href":"https:\/\/moto-oprema.com\/de\/wp-json\/wp\/v2\/types\/product"}],"replies":[{"embeddable":true,"href":"https:\/\/moto-oprema.com\/de\/wp-json\/wp\/v2\/comments?post=109782"}],"wp:featuredmedia":[{"embeddable":true,"href":"https:\/\/moto-oprema.com\/de\/wp-json\/wp\/v2\/media\/19276"}],"wp:attachment":[{"href":"https:\/\/moto-oprema.com\/de\/wp-json\/wp\/v2\/media?parent=109782"}],"wp:term":[{"taxonomy":"brand","embeddable":true,"href":"https:\/\/moto-oprema.com\/de\/wp-json\/wp\/v2\/brand?post=109782"},{"taxonomy":"gender","embeddable":true,"href":"https:\/\/moto-oprema.com\/de\/wp-json\/wp\/v2\/gender?post=109782"},{"taxonomy":"product_brand","embeddable":true,"href":"https:\/\/moto-oprema.com\/de\/wp-json\/wp\/v2\/product_brand?post=109782"},{"taxonomy":"product_cat","embeddable":true,"href":"https:\/\/moto-oprema.com\/de\/wp-json\/wp\/v2\/product_cat?post=109782"},{"taxonomy":"product_tag","embeddable":true,"href":"https:\/\/moto-oprema.com\/de\/wp-json\/wp\/v2\/product_tag?post=109782"}],"curies":[{"name":"wp","href":"https:\/\/api.w.org\/{rel}","templated":true}]}}