{"id":109764,"date":"2022-09-29T10:05:52","date_gmt":"2022-09-29T10:05:52","guid":{"rendered":"https:\/\/moto-oprema.com\/Artikel\/dainese-urbactive-gore-tex-schuhe-schwarz-2\/"},"modified":"2022-09-29T10:05:52","modified_gmt":"2022-09-29T10:05:52","slug":"dainese-urbactive-gore-tex-schuhe-schwarz-2","status":"publish","type":"product","link":"https:\/\/moto-oprema.com\/de\/Artikel\/dainese-urbactive-gore-tex-schuhe-schwarz-2\/","title":{"rendered":"DAINESE URBACTIVE GORE-TEX SCHUHE SCHWARZ"},"content":{"rendered":"<p>Wasserdichte und atmungsaktive Motorradstiefel mit Gore-Tex\u00aeExtended Membran und Groundtrax\u00ae Sohlen.<\/p>\n<p>BESCHREIBUNG<\/p>\n<p>  Wasserdichte und atmungsaktive Motorradschuhe, ideal f\u00fcr das Tragen in jeder st\u00e4dtischen Umgebung, unter allen Bedingungen. Die Gore-Tex\u00ae Extended Membran und die Zusammensetzung des Obermaterials machen den Urbactive Gore-Tex Allrounder f\u00fcr den Einsatz in drei Jahreszeiten geeignet. Vielseitigkeit wird kombiniert mit einem hohen Ma\u00df an Sicherheit durch Verst\u00e4rkungen am Kn\u00f6chel und ein Exoskelett, das die Stabilit\u00e4t w\u00e4hrend der Fahrt erh\u00f6ht. Die Sohlen sind so konzipiert, dass sie sich bei einem Aufprall nicht verformen. Sie werden mit der Groundtrax\u00ae Technologie hergestellt, um Komfort, Stabilit\u00e4t und Traktion an den F\u00fc\u00dfen zu gew\u00e4hrleisten, so dass die Urbactive Gore-Tex Stiefel extrem bequem und f\u00fcr den st\u00e4ndigen Gebrauch w\u00e4hrend des ganzen Tages geeignet sind. Ihr geringes Gewicht tr\u00e4gt ebenfalls zum Komfort bei und erh\u00f6ht den Gehkomfort. Die Ortholite\u00ae-Einlegesohle sorgt f\u00fcr maximale Atmungsaktivit\u00e4t und lang anhaltende D\u00e4mpfung.     <\/p>\n<p>FEATURES<\/p>\n<ul>\n<li>  Bootstrap<\/li>\n<li>  Elastisches Band zur Aufbewahrung von Schn\u00fcrsenkeln<\/li>\n<li>  PU-Schalthebelschutz<\/li>\n<li>  Groundtrax\u00ae Gummilaufsohle f\u00fcr hervorragenden Gehkomfort<\/li>\n<li>  Ortholite-Einlage mit lang anhaltender D\u00e4mpfung und hoher Atmungsaktivit\u00e4t<\/li>\n<\/ul>\n<p>HAUPTMATERIALIEN<\/p>\n<ul>\n<li>  Obermaterial aus Stoff<\/li>\n<li>  Eins\u00e4tze aus synthetischem Wildleder<\/li>\n<\/ul>\n<p>SICHERHEIT<\/p>\n<p>  Starre Eins\u00e4tze im Fersenbereich mit weichem D-Schaum auf der Innenseite<br \/> CE-zertifizierte Schuhe &#8211; Kat. II &#8211; Norm EN 13634 <\/p>\n<p>TEMPERATUR<\/p>\n<p>  Gore Tex Extended Comfort Membrane<br \/> Mesh-Futter<\/p>\n","protected":false},"excerpt":{"rendered":"<p>Dainese Urbactive urbaner moderner Schuh aus wasserdichter Gore-Tex Membran. Erste Lieferung M\u00e4rz 2023 !<\/p>\n","protected":false},"featured_media":19531,"comment_status":"open","ping_status":"open","template":"","meta":{"_acf_changed":false},"brand":[2113],"gender":[],"product_brand":[],"product_cat":[1357,2043,2044],"product_tag":[],"class_list":{"0":"post-109764","1":"product","2":"type-product","3":"status-publish","4":"has-post-thumbnail","6":"brand-dainese-de","7":"product_cat-ausrustung-fur-motorradfahrer","8":"product_cat-schuhe","9":"product_cat-urbanes-schuhwerk","10":"pa_velikost-skornji-41-de","11":"pa_velikost-skornji-42-de","12":"pa_velikost-skornji-43-de","13":"pa_velikost-skornji-44-de","14":"pa_velikost-skornji-45-de","15":"pa_velikost-skornji-46-de","16":"pa_velikost-skornji-47-de","18":"first","19":"onbackorder","20":"taxable","21":"shipping-taxable","22":"purchasable","23":"product-type-variable"},"acf":[],"_links":{"self":[{"href":"https:\/\/moto-oprema.com\/de\/wp-json\/wp\/v2\/product\/109764","targetHints":{"allow":["GET"]}}],"collection":[{"href":"https:\/\/moto-oprema.com\/de\/wp-json\/wp\/v2\/product"}],"about":[{"href":"https:\/\/moto-oprema.com\/de\/wp-json\/wp\/v2\/types\/product"}],"replies":[{"embeddable":true,"href":"https:\/\/moto-oprema.com\/de\/wp-json\/wp\/v2\/comments?post=109764"}],"wp:featuredmedia":[{"embeddable":true,"href":"https:\/\/moto-oprema.com\/de\/wp-json\/wp\/v2\/media\/19531"}],"wp:attachment":[{"href":"https:\/\/moto-oprema.com\/de\/wp-json\/wp\/v2\/media?parent=109764"}],"wp:term":[{"taxonomy":"brand","embeddable":true,"href":"https:\/\/moto-oprema.com\/de\/wp-json\/wp\/v2\/brand?post=109764"},{"taxonomy":"gender","embeddable":true,"href":"https:\/\/moto-oprema.com\/de\/wp-json\/wp\/v2\/gender?post=109764"},{"taxonomy":"product_brand","embeddable":true,"href":"https:\/\/moto-oprema.com\/de\/wp-json\/wp\/v2\/product_brand?post=109764"},{"taxonomy":"product_cat","embeddable":true,"href":"https:\/\/moto-oprema.com\/de\/wp-json\/wp\/v2\/product_cat?post=109764"},{"taxonomy":"product_tag","embeddable":true,"href":"https:\/\/moto-oprema.com\/de\/wp-json\/wp\/v2\/product_tag?post=109764"}],"curies":[{"name":"wp","href":"https:\/\/api.w.org\/{rel}","templated":true}]}}