{"id":109608,"date":"2021-12-06T09:36:11","date_gmt":"2021-12-06T09:36:11","guid":{"rendered":"https:\/\/moto-oprema.com\/Artikel\/alpinestars-reiten-tech-v2-funktionale-sommer-kurzarm-t-shirt\/"},"modified":"2021-12-06T09:36:11","modified_gmt":"2021-12-06T09:36:11","slug":"alpinestars-reiten-tech-v2-funktionale-sommer-kurzarm-t-shirt","status":"publish","type":"product","link":"https:\/\/moto-oprema.com\/de\/Artikel\/alpinestars-reiten-tech-v2-funktionale-sommer-kurzarm-t-shirt\/","title":{"rendered":"ALPINESTARS REITEN TECH V2 FUNKTIONALE SOMMER KURZARM T-SHIRT"},"content":{"rendered":"<p>Spezielle polygene Behandlung h\u00e4lt die Basisschicht frisch, feuchtigkeitsableitendes Material, ideal f\u00fcr warme Bedingungen, leitet W\u00e4rme vom K\u00f6rper weg, Lycra Stretch Spandex Hauptmaterial, Netzeins\u00e4tze f\u00fcr optimale Bel\u00fcftung, unterst\u00fctzte Kompression reduziert Muskelerm\u00fcdung<\/p>\n<p>100% Polyester<\/p>\n","protected":false},"excerpt":{"rendered":"<p>Die Alpinestars Ride Tech Lite-1 einteilige Unterjacke ist als Basisunterjacke unter jeder Lederkombi konzipiert.<\/p>\n","protected":false},"featured_media":15010,"comment_status":"open","ping_status":"open","template":"","meta":{"_acf_changed":false},"brand":[2111],"gender":[],"product_brand":[],"product_cat":[1357],"product_tag":[],"class_list":{"0":"post-109608","1":"product","2":"type-product","3":"status-publish","4":"has-post-thumbnail","6":"brand-alpinestars-de","7":"product_cat-ausrustung-fur-motorradfahrer","8":"pa_size-m-l-de","9":"pa_size-xl-xxl-de","10":"pa_size-xs-s-de","12":"first","13":"onbackorder","14":"sale","15":"taxable","16":"shipping-taxable","17":"purchasable","18":"product-type-variable"},"acf":[],"_links":{"self":[{"href":"https:\/\/moto-oprema.com\/de\/wp-json\/wp\/v2\/product\/109608","targetHints":{"allow":["GET"]}}],"collection":[{"href":"https:\/\/moto-oprema.com\/de\/wp-json\/wp\/v2\/product"}],"about":[{"href":"https:\/\/moto-oprema.com\/de\/wp-json\/wp\/v2\/types\/product"}],"replies":[{"embeddable":true,"href":"https:\/\/moto-oprema.com\/de\/wp-json\/wp\/v2\/comments?post=109608"}],"wp:featuredmedia":[{"embeddable":true,"href":"https:\/\/moto-oprema.com\/de\/wp-json\/wp\/v2\/media\/15010"}],"wp:attachment":[{"href":"https:\/\/moto-oprema.com\/de\/wp-json\/wp\/v2\/media?parent=109608"}],"wp:term":[{"taxonomy":"brand","embeddable":true,"href":"https:\/\/moto-oprema.com\/de\/wp-json\/wp\/v2\/brand?post=109608"},{"taxonomy":"gender","embeddable":true,"href":"https:\/\/moto-oprema.com\/de\/wp-json\/wp\/v2\/gender?post=109608"},{"taxonomy":"product_brand","embeddable":true,"href":"https:\/\/moto-oprema.com\/de\/wp-json\/wp\/v2\/product_brand?post=109608"},{"taxonomy":"product_cat","embeddable":true,"href":"https:\/\/moto-oprema.com\/de\/wp-json\/wp\/v2\/product_cat?post=109608"},{"taxonomy":"product_tag","embeddable":true,"href":"https:\/\/moto-oprema.com\/de\/wp-json\/wp\/v2\/product_tag?post=109608"}],"curies":[{"name":"wp","href":"https:\/\/api.w.org\/{rel}","templated":true}]}}