{"id":109594,"date":"2021-12-29T11:03:22","date_gmt":"2021-12-29T11:03:22","guid":{"rendered":"https:\/\/moto-oprema.com\/Artikel\/leatt-3df-airfit-lite-kinderschutzweste\/"},"modified":"2021-12-29T11:03:22","modified_gmt":"2021-12-29T11:03:22","slug":"leatt-3df-airfit-lite-kinderschutzweste","status":"publish","type":"product","link":"https:\/\/moto-oprema.com\/de\/Artikel\/leatt-3df-airfit-lite-kinderschutzweste\/","title":{"rendered":"LEATT 3DF AirFit Lite Kinderschutzweste"},"content":{"rendered":"<p>Leatt 3DF Airfit Lite Youth Jacket Protection<\/p>\n<p>K\u00f6rperprotektor aus der 3DF-Kollektion mit Level 1-Zulassung.<\/p>\n<p>Mit Schutz f\u00fcr Brust, R\u00fccken, Schultern und Ellbogen; alles kombiniert in einem MoistureCool-Kleidungsst\u00fcck, hoch atmungsaktiv und waschbar.<\/p>\n<p>Dieser Protektor ist sowohl f\u00fcr Tr\u00e4ger von Halskrausen als auch von Nicht-Halskrausen geeignet.<\/p>\n","protected":false},"excerpt":{"rendered":"<p>Leatt 3DF Airfit Lite Youth Jacket Protection K\u00f6rperprotektor aus der 3DF-Kollektion mit Level 1-Zulassung. Mit Schutz&#8230;<\/p>\n","protected":false},"featured_media":15492,"comment_status":"open","ping_status":"closed","template":"","meta":{"_acf_changed":false},"brand":[2121],"gender":[],"product_brand":[],"product_cat":[2204,2028,2075,2659],"product_tag":[],"class_list":{"0":"post-109594","1":"product","2":"type-product","3":"status-publish","4":"has-post-thumbnail","6":"brand-leatt-de","7":"product_cat-fur-die-jungsten","8":"product_cat-motocross-ausrustung","9":"product_cat-mtb-radfahren-ausrustung","10":"product_cat-mtb-protektoren","11":"pa_size-l-xl-de","12":"pa_size-s-m-de","14":"first","15":"outofstock","16":"sale","17":"taxable","18":"shipping-taxable","19":"purchasable","20":"product-type-variable"},"acf":[],"_links":{"self":[{"href":"https:\/\/moto-oprema.com\/de\/wp-json\/wp\/v2\/product\/109594","targetHints":{"allow":["GET"]}}],"collection":[{"href":"https:\/\/moto-oprema.com\/de\/wp-json\/wp\/v2\/product"}],"about":[{"href":"https:\/\/moto-oprema.com\/de\/wp-json\/wp\/v2\/types\/product"}],"replies":[{"embeddable":true,"href":"https:\/\/moto-oprema.com\/de\/wp-json\/wp\/v2\/comments?post=109594"}],"wp:featuredmedia":[{"embeddable":true,"href":"https:\/\/moto-oprema.com\/de\/wp-json\/wp\/v2\/media\/15492"}],"wp:attachment":[{"href":"https:\/\/moto-oprema.com\/de\/wp-json\/wp\/v2\/media?parent=109594"}],"wp:term":[{"taxonomy":"brand","embeddable":true,"href":"https:\/\/moto-oprema.com\/de\/wp-json\/wp\/v2\/brand?post=109594"},{"taxonomy":"gender","embeddable":true,"href":"https:\/\/moto-oprema.com\/de\/wp-json\/wp\/v2\/gender?post=109594"},{"taxonomy":"product_brand","embeddable":true,"href":"https:\/\/moto-oprema.com\/de\/wp-json\/wp\/v2\/product_brand?post=109594"},{"taxonomy":"product_cat","embeddable":true,"href":"https:\/\/moto-oprema.com\/de\/wp-json\/wp\/v2\/product_cat?post=109594"},{"taxonomy":"product_tag","embeddable":true,"href":"https:\/\/moto-oprema.com\/de\/wp-json\/wp\/v2\/product_tag?post=109594"}],"curies":[{"name":"wp","href":"https:\/\/api.w.org\/{rel}","templated":true}]}}