{"id":109507,"date":"2022-01-20T09:39:57","date_gmt":"2022-01-20T09:39:57","guid":{"rendered":"https:\/\/moto-oprema.com\/Artikel\/leatt-mtb-jacke-all-montain-4-0-dune\/"},"modified":"2022-01-20T09:39:57","modified_gmt":"2022-01-20T09:39:57","slug":"leatt-mtb-jacke-all-montain-4-0-dune","status":"publish","type":"product","link":"https:\/\/moto-oprema.com\/de\/Artikel\/leatt-mtb-jacke-all-montain-4-0-dune\/","title":{"rendered":"LEATT MTB JACKE ALL MONTAIN 4.0 DUNE"},"content":{"rendered":"<p>Die leichte 4-Wege-Stretch-Jacke ist ideal f\u00fcr fast alle Fahrbedingungen und l\u00e4sst sich in ihrer eigenen Brusttasche zusammenfalten, so dass sie minimalistisch verstaut werden kann. Diese Jacke wurde mit zwei neuen Handw\u00e4rmertaschen an den H\u00fcften aufgewertet. Zu den Merkmalen geh\u00f6rt auch ein brandneues Kapuzendesign. Die Ride Adaptive Hood (RAhD) mit hohem Kragen kann auf vier verschiedene Arten getragen werden und bietet so vollst\u00e4ndigen Schutz bei allen Wetterbedingungen. Das einzigartige ClimbVent-System sorgt f\u00fcr optimale Bel\u00fcftung, wenn die Jacke ge\u00f6ffnet ist, und ist an den Ellbogen und Schultern mit Material verst\u00e4rkt. Die Leatt All-Mountain 2.0 Jacket ist aus leichtem, wasserabweisendem (5.000 mm) und atmungsaktivem (5.000 mm) Gewebe gefertigt und verf\u00fcgt \u00fcber ein patentiertes magnetisches Kapuzensystem, mit dem die Kapuze am Helm oder am R\u00fccken befestigt werden kann.     <\/p>\n<p>100% Polyester<\/p>\n","protected":false},"excerpt":{"rendered":"<p>Die leichte 4-Wege-Stretch-Jacke ist ideal f\u00fcr fast alle Fahrbedingungen und l\u00e4sst sich in ihrer eigenen Brusttasche&#8230;<\/p>\n","protected":false},"featured_media":16521,"comment_status":"open","ping_status":"closed","template":"","meta":{"_acf_changed":false},"brand":[2121],"gender":[],"product_brand":[],"product_cat":[2075,2671],"product_tag":[],"class_list":{"0":"post-109507","1":"product","2":"type-product","3":"status-publish","4":"has-post-thumbnail","6":"brand-leatt-de","7":"product_cat-mtb-radfahren-ausrustung","8":"product_cat-mtb-jakne-de","9":"pa_size-l-de","10":"pa_size-m-de","11":"pa_size-s-de","12":"pa_size-xl-de","14":"first","15":"outofstock","16":"taxable","17":"shipping-taxable","18":"purchasable","19":"product-type-variable"},"acf":[],"_links":{"self":[{"href":"https:\/\/moto-oprema.com\/de\/wp-json\/wp\/v2\/product\/109507","targetHints":{"allow":["GET"]}}],"collection":[{"href":"https:\/\/moto-oprema.com\/de\/wp-json\/wp\/v2\/product"}],"about":[{"href":"https:\/\/moto-oprema.com\/de\/wp-json\/wp\/v2\/types\/product"}],"replies":[{"embeddable":true,"href":"https:\/\/moto-oprema.com\/de\/wp-json\/wp\/v2\/comments?post=109507"}],"wp:featuredmedia":[{"embeddable":true,"href":"https:\/\/moto-oprema.com\/de\/wp-json\/wp\/v2\/media\/16521"}],"wp:attachment":[{"href":"https:\/\/moto-oprema.com\/de\/wp-json\/wp\/v2\/media?parent=109507"}],"wp:term":[{"taxonomy":"brand","embeddable":true,"href":"https:\/\/moto-oprema.com\/de\/wp-json\/wp\/v2\/brand?post=109507"},{"taxonomy":"gender","embeddable":true,"href":"https:\/\/moto-oprema.com\/de\/wp-json\/wp\/v2\/gender?post=109507"},{"taxonomy":"product_brand","embeddable":true,"href":"https:\/\/moto-oprema.com\/de\/wp-json\/wp\/v2\/product_brand?post=109507"},{"taxonomy":"product_cat","embeddable":true,"href":"https:\/\/moto-oprema.com\/de\/wp-json\/wp\/v2\/product_cat?post=109507"},{"taxonomy":"product_tag","embeddable":true,"href":"https:\/\/moto-oprema.com\/de\/wp-json\/wp\/v2\/product_tag?post=109507"}],"curies":[{"name":"wp","href":"https:\/\/api.w.org\/{rel}","templated":true}]}}