{"id":109502,"date":"2022-01-12T10:18:54","date_gmt":"2022-01-12T10:18:54","guid":{"rendered":"https:\/\/moto-oprema.com\/Artikel\/dainese-racing-4-frauen-lederjacke-schwarz-fluo-rot\/"},"modified":"2022-01-12T10:18:54","modified_gmt":"2022-01-12T10:18:54","slug":"dainese-racing-4-frauen-lederjacke-schwarz-fluo-rot","status":"publish","type":"product","link":"https:\/\/moto-oprema.com\/de\/Artikel\/dainese-racing-4-frauen-lederjacke-schwarz-fluo-rot\/","title":{"rendered":"DAINESE RACING 4 FRAUEN LEDERJACKE SCHWARZ &#8211; FLUO ROT"},"content":{"rendered":"<p>Die Dainese Racing 4 Lady ist eine Motorradlederjacke f\u00fcr Damen, die sich dem weiblichen K\u00f6rper anpasst. Ausgestattet mit 2-Wege-S1-Stretchgewebe und Microelastic 2.0 Ledereins\u00e4tzen, die sich an der Struktur des hochwertigen und robusten Tutu-Leders orientieren, bietet die Jacke au\u00dferdem ein hohes Ma\u00df an Komfort und Vielseitigkeit. Die Bel\u00fcftung wird durch ein atmungsaktives Nanofeel\u00ae-Futter unterst\u00fctzt. Zu den weiteren Details geh\u00f6ren verstellbare Taillen- und Kragenoptionen und ein Rei\u00dfverschluss am unteren Saum, um die Jacke mit der Motorradhose zu verbinden. F\u00fcr maximale Sicherheit sorgen Ellbogen- und Schulterpolster aus Verbundmaterial. Letztere werden durch austauschbare Aluminium-Au\u00dfenplatten erg\u00e4nzt &#8211; eine spezielle Dainese-Technologie &#8211; die im Falle eines Sturzes die Kufe unterst\u00fctzen und so gef\u00e4hrliche \u00dcberschl\u00e4ge auf Asphalt verhindern. Dank einer speziellen Tragetasche kann der Racing 4 Lady optional mit einem R\u00fcckenprotektor erg\u00e4nzt werden. Die Racing 4 Lady Damen-Motorradjacke ist au\u00dferdem mit 2 Au\u00dfen- und 2 Innentaschen f\u00fcr die sichere Aufbewahrung von Kleinteilen ausgestattet.       <\/p>\n<p>Merkmale:<\/p>\n<ul>\n<li>  aus doppelt elastischem S1-Stoff und Tutu-Rindsleder<\/li>\n<li>  2 Innentaschen und 2 Au\u00dfentaschen<\/li>\n<li>  Tasche zum Nachr\u00fcsten von G1 oder G2 R\u00fcckenprotektoren<\/li>\n<li>  Reflektierende Eins\u00e4tze<\/li>\n<li>  Befestigungssystem f\u00fcr Jacke und Hose<\/li>\n<li>  Anpassungsm\u00f6glichkeiten an Hals und Taille<\/li>\n<li>  Nanofeel\u00ae atmungsaktives Futter mit Silberionenbehandlung<\/li>\n<li>  Mitgespritzte Schulterbereiche mit Aluminiumeinsatz<\/li>\n<li>  abnehmbare Schulter- und Ellbogenpolster aus Verbundwerkstoff (EN 1621.1)<\/li>\n<li>  austauschbare Aluminium-Schulterplatte<\/li>\n<\/ul>\n","protected":false},"excerpt":{"rendered":"","protected":false},"featured_media":16056,"comment_status":"open","ping_status":"open","template":"","meta":{"_acf_changed":false},"brand":[2113],"gender":[2170],"product_brand":[],"product_cat":[1357,2045,2228],"product_tag":[],"class_list":{"0":"post-109502","1":"product","2":"type-product","3":"status-publish","4":"has-post-thumbnail","6":"brand-dainese-de","7":"gender-zenska-de","8":"product_cat-ausrustung-fur-motorradfahrer","9":"product_cat-jakne-de","10":"product_cat-lederjacken","11":"pa_size-38-de","12":"pa_size-40-de","13":"pa_size-42-de","14":"pa_size-44-de","15":"pa_size-46-de","16":"pa_size-48-de","17":"pa_size-50-de","19":"first","20":"onbackorder","21":"sale","22":"taxable","23":"shipping-taxable","24":"purchasable","25":"product-type-variable"},"acf":[],"_links":{"self":[{"href":"https:\/\/moto-oprema.com\/de\/wp-json\/wp\/v2\/product\/109502","targetHints":{"allow":["GET"]}}],"collection":[{"href":"https:\/\/moto-oprema.com\/de\/wp-json\/wp\/v2\/product"}],"about":[{"href":"https:\/\/moto-oprema.com\/de\/wp-json\/wp\/v2\/types\/product"}],"replies":[{"embeddable":true,"href":"https:\/\/moto-oprema.com\/de\/wp-json\/wp\/v2\/comments?post=109502"}],"wp:featuredmedia":[{"embeddable":true,"href":"https:\/\/moto-oprema.com\/de\/wp-json\/wp\/v2\/media\/16056"}],"wp:attachment":[{"href":"https:\/\/moto-oprema.com\/de\/wp-json\/wp\/v2\/media?parent=109502"}],"wp:term":[{"taxonomy":"brand","embeddable":true,"href":"https:\/\/moto-oprema.com\/de\/wp-json\/wp\/v2\/brand?post=109502"},{"taxonomy":"gender","embeddable":true,"href":"https:\/\/moto-oprema.com\/de\/wp-json\/wp\/v2\/gender?post=109502"},{"taxonomy":"product_brand","embeddable":true,"href":"https:\/\/moto-oprema.com\/de\/wp-json\/wp\/v2\/product_brand?post=109502"},{"taxonomy":"product_cat","embeddable":true,"href":"https:\/\/moto-oprema.com\/de\/wp-json\/wp\/v2\/product_cat?post=109502"},{"taxonomy":"product_tag","embeddable":true,"href":"https:\/\/moto-oprema.com\/de\/wp-json\/wp\/v2\/product_tag?post=109502"}],"curies":[{"name":"wp","href":"https:\/\/api.w.org\/{rel}","templated":true}]}}