{"id":109491,"date":"2022-01-19T11:45:15","date_gmt":"2022-01-19T11:45:15","guid":{"rendered":"https:\/\/moto-oprema.com\/Artikel\/leatt-mtb-shorts-all-montain-5-0-rost\/"},"modified":"2022-01-19T11:45:15","modified_gmt":"2022-01-19T11:45:15","slug":"leatt-mtb-shorts-all-montain-5-0-rost","status":"publish","type":"product","link":"https:\/\/moto-oprema.com\/de\/Artikel\/leatt-mtb-shorts-all-montain-5-0-rost\/","title":{"rendered":"LEATT MTB SHORTS ALL MONTAIN 5.0 ROST"},"content":{"rendered":"<p>Diese Shorts sind aus HydraDri 3-Lagen-Gewebe mit 4-Wege-Stretch gefertigt. Verst\u00e4rktes Material an Ges\u00e4\u00df und Knien mit \u00fcberlappenden Sicherheitsn\u00e4hten. Die DBX 5.0 Shorts sind wasserdicht und atmungsaktiv und verf\u00fcgen \u00fcber verschwei\u00dfte Rei\u00dfverschlusstaschen und verschlie\u00dfbare Bel\u00fcftungsschlitze. Wasserdichte Oberschenkeltaschen mit Schl\u00fcsselhaltern, 2 Seitentaschen und eine Handytasche auf der R\u00fcckseite machen diese Shorts zu einem Spitzenmodell unter den MTB-Shorts. Das Obermaterial ist wasserdicht und schmutzabweisend mit einer Wassers\u00e4ule von 30.000 mm und einer Atmungsaktivit\u00e4t von 23.000 m\u00b2. Die wasserdichten Bel\u00fcftungs\u00f6ffnungen haben YKK-Rei\u00dfverschl\u00fcsse.     <\/p>\n","protected":false},"excerpt":{"rendered":"<p>Diese Shorts sind aus HydraDri 3-Lagen-Gewebe mit 4-Wege-Stretch gefertigt. Verst\u00e4rktes Material an Ges\u00e4\u00df und Knien mit&#8230;<\/p>\n","protected":false},"featured_media":16426,"comment_status":"open","ping_status":"open","template":"","meta":{"_acf_changed":false},"brand":[2121],"gender":[],"product_brand":[],"product_cat":[2075,2664],"product_tag":[],"class_list":{"0":"post-109491","1":"product","2":"type-product","3":"status-publish","4":"has-post-thumbnail","6":"brand-leatt-de","7":"product_cat-mtb-radfahren-ausrustung","8":"product_cat-mtb-hosen","9":"pa_size-l-de","10":"pa_size-m-de","11":"pa_size-s-de","12":"pa_size-xl-de","13":"pa_size-xxl-de","15":"first","16":"onbackorder","17":"taxable","18":"shipping-taxable","19":"purchasable","20":"product-type-variable"},"acf":[],"_links":{"self":[{"href":"https:\/\/moto-oprema.com\/de\/wp-json\/wp\/v2\/product\/109491","targetHints":{"allow":["GET"]}}],"collection":[{"href":"https:\/\/moto-oprema.com\/de\/wp-json\/wp\/v2\/product"}],"about":[{"href":"https:\/\/moto-oprema.com\/de\/wp-json\/wp\/v2\/types\/product"}],"replies":[{"embeddable":true,"href":"https:\/\/moto-oprema.com\/de\/wp-json\/wp\/v2\/comments?post=109491"}],"wp:featuredmedia":[{"embeddable":true,"href":"https:\/\/moto-oprema.com\/de\/wp-json\/wp\/v2\/media\/16426"}],"wp:attachment":[{"href":"https:\/\/moto-oprema.com\/de\/wp-json\/wp\/v2\/media?parent=109491"}],"wp:term":[{"taxonomy":"brand","embeddable":true,"href":"https:\/\/moto-oprema.com\/de\/wp-json\/wp\/v2\/brand?post=109491"},{"taxonomy":"gender","embeddable":true,"href":"https:\/\/moto-oprema.com\/de\/wp-json\/wp\/v2\/gender?post=109491"},{"taxonomy":"product_brand","embeddable":true,"href":"https:\/\/moto-oprema.com\/de\/wp-json\/wp\/v2\/product_brand?post=109491"},{"taxonomy":"product_cat","embeddable":true,"href":"https:\/\/moto-oprema.com\/de\/wp-json\/wp\/v2\/product_cat?post=109491"},{"taxonomy":"product_tag","embeddable":true,"href":"https:\/\/moto-oprema.com\/de\/wp-json\/wp\/v2\/product_tag?post=109491"}],"curies":[{"name":"wp","href":"https:\/\/api.w.org\/{rel}","templated":true}]}}