{"id":109471,"date":"2022-01-27T11:19:41","date_gmt":"2022-01-27T11:19:41","guid":{"rendered":"https:\/\/moto-oprema.com\/Artikel\/alpinestars-topanga-lederjacke-schwarz\/"},"modified":"2022-01-27T11:19:41","modified_gmt":"2022-01-27T11:19:41","slug":"alpinestars-topanga-lederjacke-schwarz","status":"publish","type":"product","link":"https:\/\/moto-oprema.com\/de\/Artikel\/alpinestars-topanga-lederjacke-schwarz\/","title":{"rendered":"ALPINESTARS TOPANGA LEDERJACKE SCHWARZ"},"content":{"rendered":"<p>Eine klassisch gestylte B\u00fcffellederjacke f\u00fcr eine authentische Heritage-\u00c4sthetik. Die Topanga Lederjacke verf\u00fcgt \u00fcber Nucleon Flex Plus Schutz an den Schultern und Ellbogen f\u00fcr effektiven Aufprallschutz in den wichtigsten Bereichen. <\/p>\n<p>Merkmale:<\/p>\n<ul>\n<li>  Au\u00dfenseite aus hochwertigem B\u00fcffelleder.<\/li>\n<li>  Stretch-Stoff, verst\u00e4rkt mit Nylon und Elastan f\u00fcr den Komfort von Motorradfahrern.<\/li>\n<li>  600 Denier Polycotton-Verst\u00e4rkungen an Schultern und Ellbogen f\u00fcr zus\u00e4tzliche Abriebfestigkeit und Rei\u00dffestigkeit.<\/li>\n<li>  Verstellbarer Taillenumfang f\u00fcr ultimativen Komfort.<\/li>\n<li>  YKK-Frontrei\u00dfverschluss und Rei\u00dfverschl\u00fcsse an den Handgelenken f\u00fcr sicheren Verschluss.<\/li>\n<li>  Kurzer Kragen mit gepr\u00e4gter Lederschicht f\u00fcr mehr Reiterkomfort.<\/li>\n<li>  Zwei Rei\u00dfverschlusstaschen und zwei elastische Innentaschen zur sicheren Aufbewahrung.<\/li>\n<\/ul>\n<p>Spezifikationen:<\/p>\n<ul>\n<li>  Alpinestars Nucleon Flex Plus Schulter- und Ellbogensch\u00fctzer (Schutzstufe 1 &#8211; EN1621-1:2012)<\/li>\n<li>  Alpinestars Nucleon R\u00fcckenprotektor und Nucleon KR-Ci Brustprotektor sind als Upgrades erh\u00e4ltlich (nicht im Lieferumfang enthalten)<\/li>\n<li>  Motorrad-Schutzkleidung der Klasse A<\/li>\n<\/ul>\n<p>Zusammensetzung des Rohmaterials:<br \/>Material 90% B\u00fcffelleder, 10% Polyamid<\/p>\n","protected":false},"excerpt":{"rendered":"<p>Eine klassisch gestylte B\u00fcffellederjacke f\u00fcr eine authentische Heritage-\u00c4sthetik. Die Topanga Lederjacke verf\u00fcgt \u00fcber Nucleon Flex Plus&#8230;<\/p>\n","protected":false},"featured_media":16619,"comment_status":"open","ping_status":"closed","template":"","meta":{"_acf_changed":false},"brand":[2111],"gender":[],"product_brand":[],"product_cat":[1357,2045,2228],"product_tag":[],"class_list":{"0":"post-109471","1":"product","2":"type-product","3":"status-publish","4":"has-post-thumbnail","6":"brand-alpinestars-de","7":"product_cat-ausrustung-fur-motorradfahrer","8":"product_cat-jakne-de","9":"product_cat-lederjacken","10":"pa_size-l-de","11":"pa_size-m-de","12":"pa_size-xl-de","13":"pa_size-xxl-de","14":"pa_size-xxxl-de","16":"first","17":"outofstock","18":"taxable","19":"shipping-taxable","20":"purchasable","21":"product-type-variable"},"acf":[],"_links":{"self":[{"href":"https:\/\/moto-oprema.com\/de\/wp-json\/wp\/v2\/product\/109471","targetHints":{"allow":["GET"]}}],"collection":[{"href":"https:\/\/moto-oprema.com\/de\/wp-json\/wp\/v2\/product"}],"about":[{"href":"https:\/\/moto-oprema.com\/de\/wp-json\/wp\/v2\/types\/product"}],"replies":[{"embeddable":true,"href":"https:\/\/moto-oprema.com\/de\/wp-json\/wp\/v2\/comments?post=109471"}],"wp:featuredmedia":[{"embeddable":true,"href":"https:\/\/moto-oprema.com\/de\/wp-json\/wp\/v2\/media\/16619"}],"wp:attachment":[{"href":"https:\/\/moto-oprema.com\/de\/wp-json\/wp\/v2\/media?parent=109471"}],"wp:term":[{"taxonomy":"brand","embeddable":true,"href":"https:\/\/moto-oprema.com\/de\/wp-json\/wp\/v2\/brand?post=109471"},{"taxonomy":"gender","embeddable":true,"href":"https:\/\/moto-oprema.com\/de\/wp-json\/wp\/v2\/gender?post=109471"},{"taxonomy":"product_brand","embeddable":true,"href":"https:\/\/moto-oprema.com\/de\/wp-json\/wp\/v2\/product_brand?post=109471"},{"taxonomy":"product_cat","embeddable":true,"href":"https:\/\/moto-oprema.com\/de\/wp-json\/wp\/v2\/product_cat?post=109471"},{"taxonomy":"product_tag","embeddable":true,"href":"https:\/\/moto-oprema.com\/de\/wp-json\/wp\/v2\/product_tag?post=109471"}],"curies":[{"name":"wp","href":"https:\/\/api.w.org\/{rel}","templated":true}]}}