{"id":109385,"date":"2022-04-11T09:13:55","date_gmt":"2022-04-11T09:13:55","guid":{"rendered":"https:\/\/moto-oprema.com\/Artikel\/sizzapp-obd-max-gps-tracker-4g\/"},"modified":"2022-04-11T09:13:55","modified_gmt":"2022-04-11T09:13:55","slug":"sizzapp-obd-max-gps-tracker-4g","status":"publish","type":"product","link":"https:\/\/moto-oprema.com\/de\/Artikel\/sizzapp-obd-max-gps-tracker-4g\/","title":{"rendered":"SIZZAPP OBD MAX GPS TRACKER 4G"},"content":{"rendered":"<p>SIZZAPP ist ein kompaktes, einfach zu installierendes \u00dcberwachungsger\u00e4t ohne Vertragsbindung. Keine monatlichen Abonnements, NIEMALS! <\/p>\n<p>Verfolgen Sie den Standort Ihres Motorrads, sch\u00fctzen Sie es vor Diebstahl und erhalten Sie Benachrichtigungen, auch wenn Sie nicht in der N\u00e4he sind.<\/p>\n<p>In Echtzeit, in einer App, werden Sie \u00fcberall und jederzeit auf Probleme mit Ihrem Fahrrad aufmerksam gemacht.<\/p>\n<p>WARUM SIZZAPP W\u00c4HLEN?<\/p>\n<p>GPS<\/p>\n<p>Verfolgen Sie Ihr Fahrzeug jederzeit und \u00fcberall.<\/p>\n<p>ANWEISUNG<\/p>\n<p>LOCATION<\/p>\n<p>SPEED<\/p>\n<p>GEOZONE<\/p>\n<p>AUF EINER REISE \/ ZWISCHENSTATION<\/p>\n<p>ONLINE \/ OFFLINE<\/p>\n<p>SICHERHEIT<\/p>\n<p>Sorgen Sie f\u00fcr die Sicherheit Ihres Motorrads.<\/p>\n<p>BEWEGUNGSMELDER<\/p>\n<p>VERTREIBUNG UND UNFALL<\/p>\n<p>TRENNEN DER VERBINDUNG ZUM GER\u00c4T<\/p>\n<p>ALLGEMEINES<\/p>\n<p>Achten Sie auf wichtige Informationen zu Ihrem Fahrzeug<\/p>\n<p>BATTERIE-LEVEL<\/p>\n<p>ORGANISER<\/p>\n<p>VREME<\/p>\n<p>SOZIALES<\/p>\n<p>Fahren Sie auf Ihrem Motorrad in einer vernetzten Welt mit Ihren Mitfahrern.<\/p>\n<p>TEILEN SIE DIE ROUTE MIT FREUNDEN<\/p>\n<p>GRUPPENREITEN<\/p>\n<p>EVENT- UND REISEPLANUNG<\/p>\n<p>Das SIZZAPP OBD ist ein Ortungsterminal mit GNSS- und GSM-Konnektivit\u00e4t, das in der Lage ist, die Koordinaten des Ger\u00e4ts zu erfassen und sie \u00fcber ein GSM-Netz an einen Server zu \u00fcbermitteln. Es ist wichtig zu wissen, dass das SIZZAPP OBD \u00fcber eine Standard-OBD-II-Schnittstelle verf\u00fcgt, die die \u00dcberwachung grundlegender Fahrzeugparameter erm\u00f6glicht. Inhalt des Pakets  <\/p>\n<p>Der SIZZAPP OBD wird in einem Karton geliefert, der alle f\u00fcr den Betrieb notwendigen Zubeh\u00f6rteile enth\u00e4lt.<\/p>\n<p>Das Paket enth\u00e4lt:<\/p>\n<p>SIZZAPP OBD-Ger\u00e4t;<\/p>\n<p>Vorinstallierte SIM-Karte (weltweite Abdeckung);<\/p>\n<p>Li-Ionen-Akku. Grundfunktionen GSM\/GPRS\/4G\/GNSS-Funktionen: <\/p>\n<p>Quad-Band-Modul (GSM 850 \/ 900 \/ 1800 \/ 1900 MHz);<\/p>\n<p>GPRS Multi-Slot Klasse 12 (bis zu 240 kbps);<\/p>\n<p>SMS (Text, Daten);<\/p>\n<p>Integrierter GNSS-Empf\u00e4nger;<\/p>\n<p>GNSS-Empf\u00e4ngerempfindlichkeit bis zu -165 dBm. Hardware-Eigenschaften: <\/p>\n<p>eingebauter Bewegungssensor;<\/p>\n<p>Integriertes Bluetooth 3.0;<\/p>\n<p>Integriertes Bluetooth 4.0;<\/p>\n<p>GNSS-Innenantenne mit hohem Gewinn;<\/p>\n<p>GSM-Innenantenne mit hohem Gewinn;<\/p>\n<p>128 MB Flash (422 400 Datens\u00e4tze);<\/p>\n<p>170 mAh Li-Ionen-Akku mit 3,7 V. Merkmale der Schnittstelle: <\/p>\n<p>Spannungsversorgung: +10&#8230;+30 V;<\/p>\n<p>1 digitaler Eingang;<\/p>\n<p>EINFACH;<\/p>\n<p>K-LINE;<\/p>\n<p>USB-Anschluss;<\/p>\n<p>OBD II;<\/p>\n<p>2 LEDs, die den Status des Ger\u00e4ts anzeigen.<\/p>\n","protected":false},"excerpt":{"rendered":"<p>Sorgen Sie f\u00fcr die Sicherheit Ihres Fahrzeugs mit dem Sizzapp Ortungsger\u00e4t! Das brandneue SIZZAPP-Modell der n\u00e4chsten&#8230;<\/p>\n","protected":false},"featured_media":109386,"comment_status":"open","ping_status":"closed","template":"","meta":{"_acf_changed":false},"brand":[2666],"gender":[],"product_brand":[],"product_cat":[2025,2024],"product_tag":[],"class_list":{"0":"post-109385","1":"product","2":"type-product","3":"status-publish","4":"has-post-thumbnail","6":"brand-sizzapp-de","7":"product_cat-sonstiges-zubehor","8":"product_cat-zubehor","10":"first","11":"outofstock","12":"taxable","13":"shipping-taxable","14":"purchasable","15":"product-type-simple"},"acf":[],"_links":{"self":[{"href":"https:\/\/moto-oprema.com\/de\/wp-json\/wp\/v2\/product\/109385","targetHints":{"allow":["GET"]}}],"collection":[{"href":"https:\/\/moto-oprema.com\/de\/wp-json\/wp\/v2\/product"}],"about":[{"href":"https:\/\/moto-oprema.com\/de\/wp-json\/wp\/v2\/types\/product"}],"replies":[{"embeddable":true,"href":"https:\/\/moto-oprema.com\/de\/wp-json\/wp\/v2\/comments?post=109385"}],"wp:featuredmedia":[{"embeddable":true,"href":"https:\/\/moto-oprema.com\/de\/wp-json\/wp\/v2\/media\/109386"}],"wp:attachment":[{"href":"https:\/\/moto-oprema.com\/de\/wp-json\/wp\/v2\/media?parent=109385"}],"wp:term":[{"taxonomy":"brand","embeddable":true,"href":"https:\/\/moto-oprema.com\/de\/wp-json\/wp\/v2\/brand?post=109385"},{"taxonomy":"gender","embeddable":true,"href":"https:\/\/moto-oprema.com\/de\/wp-json\/wp\/v2\/gender?post=109385"},{"taxonomy":"product_brand","embeddable":true,"href":"https:\/\/moto-oprema.com\/de\/wp-json\/wp\/v2\/product_brand?post=109385"},{"taxonomy":"product_cat","embeddable":true,"href":"https:\/\/moto-oprema.com\/de\/wp-json\/wp\/v2\/product_cat?post=109385"},{"taxonomy":"product_tag","embeddable":true,"href":"https:\/\/moto-oprema.com\/de\/wp-json\/wp\/v2\/product_tag?post=109385"}],"curies":[{"name":"wp","href":"https:\/\/api.w.org\/{rel}","templated":true}]}}