{"id":109360,"date":"2022-05-09T09:05:21","date_gmt":"2022-05-09T09:05:21","guid":{"rendered":"https:\/\/moto-oprema.com\/Artikel\/shoei-slr2-alte-kommunikation\/"},"modified":"2022-05-09T09:05:21","modified_gmt":"2022-05-09T09:05:21","slug":"shoei-slr2-alte-kommunikation","status":"publish","type":"product","link":"https:\/\/moto-oprema.com\/de\/Artikel\/shoei-slr2-alte-kommunikation\/","title":{"rendered":"SHOEI SLR2 ALTE KOMMUNIKATION"},"content":{"rendered":"<p>Sena SRL2 Bluetooth Kommunikationssystem Shoei GT-Air 2 \/ Neotec 2<\/p>\n<p>Das SRL2 Bluetooth-Kommunikationssystem wurde in Zusammenarbeit zwischen Sena und Shoei speziell f\u00fcr die neuen Shoei GT-Air 2 und Neotec 2 Helme entwickelt. Es verf\u00fcgt \u00fcber die gleichen Funktionen wie das meistverkaufte 20S von Sena mit einer einfachen 3-Tasten-Steuerung und bietet verbesserte abnehmbare Mikrofonoptionen. Koppeln Sie es mit Ihrem Smartphone, um Musik zu h\u00f6ren, GPS-Anweisungen zu erhalten, zu telefonieren und vieles mehr.   <\/p>\n<p>Merkmale:<\/p>\n<p>  Hervorragendes Kommunikationserlebnis: Das SRL2, das mit einem dualen Bluetooth-Chip entwickelt wurde, erm\u00f6glicht die Interkom-Kommunikation mit bis zu 7 anderen Fahrern \u00fcber eine Entfernung von bis zu 1,6 km (1 Meile) im offenen Gel\u00e4nde. Audio Multitasking\u2122 erm\u00f6glicht es Ihnen, \u00fcber die Gegensprechanlage gleichzeitig Musik zu h\u00f6ren und mit anderen Teilnehmern zu sprechen. Das intelligente System senkt automatisch die Musiklautst\u00e4rke, wenn jemand zu sprechen beginnt, und erh\u00f6ht die Lautst\u00e4rke wieder, wenn das Gespr\u00e4ch beendet ist.  <br \/>  Die Funktion, die Sie brauchen: Das SRL2 verf\u00fcgt \u00fcber alle Funktionen, die Sie f\u00fcr eine wirklich kontinuierliche Fahrt ben\u00f6tigen, einschlie\u00dflich Gruppen-Intercom, Sprachsteuerung und mehr. Universal Intercom\u2122 erm\u00f6glicht es dem SRL2, mit Ger\u00e4ten anderer Hersteller zu kommunizieren. Das SRL2 verf\u00fcgt au\u00dferdem \u00fcber Advanced Noise Control\u2122, so dass Sie keine Au\u00dfenger\u00e4usche st\u00f6ren, selbst wenn Sie \u00fcber die Gegensprechanlage sprechen oder ein Telefonat f\u00fchren.  <br \/>  Mobile Apps erm\u00f6glichen die Verbindung und Steuerung: Verbinden Sie Ihr SRL2 SHOEI Kommunikationssystem mit der Sena Smartphone-App (f\u00fcr iPhone und Android) per Knopfdruck, um Einstellungen vorzunehmen und die Kurzanleitung aufzurufen. Das SRL2 ist auch mit der Sena RideConnected App kompatibel, die es Ihnen erm\u00f6glicht, \u00fcber Ihr mobiles Netzwerk mit einer unbegrenzten Anzahl von Radfahrern auf der ganzen Welt zu kommunizieren. <\/p>\n<p>Spezifikationen:<\/p>\n<p>Allgemeines:<\/p>\n<p>  Sprechzeit: 10 Stunden<br \/> Arbeitstemperatur: -10\u2103~55\u2103<\/p>\n<p>Abmessungen:<\/p>\n<p>  Lautsprecher: 31,9 mm &#8211; Dicke 4,4 mm<br \/> Boom-Mikrofon: L\u00e4nge 55 mm<br \/> Kabel zwischen den Lautsprechern: L\u00e4nge 85 mm<\/p>\n<p>Gewicht:<\/p>\n<p>  Modul: 100g<\/p>\n<p>Bluetooth:<\/p>\n<p>  Bluetooth 4.1<br \/> Headset-Profil (HSP)<br \/> Handsfree-Profil (HFP)<br \/> Advanced Audio Output Profile (A2DP)<br \/> Audio- oder Video-Fernbedienungsprofil (AVRCP)<\/p>\n<p>Gegensprechanlage:<\/p>\n<p>  Bluetooth-Gegensprechanlage: bis zu 1 Meile im Freien<br \/> Unterst\u00fctzt bis zu 8 Fahrer<\/p>\n<p>Ton:<\/p>\n<p>  Rauschunterdr\u00fcckung: Advanced Noise Control\u2122<br \/> Codec: Eingebauter SBC-Codec<br \/> FM-Radio<br \/> Radiofrequenzangaben: 76 ~ 108 MHz<br \/> 10 Senderspeicherpl\u00e4tze und automatische Suchfunktion<\/p>\n<p>Batterie:<\/p>\n<p>  Ladezeit: 2,5 Stunden<br \/> Typ: Lithium-Polymer-Akku<\/p>\n<p>Teststandards:<\/p>\n<p>  FCC, IC<\/p>\n<p>Kompatibilit\u00e4t:<\/p>\n<p>  Shoei GT Air 2<br \/> Neotec 2 (Stand: 15.3.2019)<\/p>\n","protected":false},"excerpt":{"rendered":"<p>Sena SRL2 Bluetooth Kommunikationssystem Shoei GT-Air 2 \/ Neotec 2<\/p>\n","protected":false},"featured_media":17551,"comment_status":"open","ping_status":"open","template":"","meta":{"_acf_changed":false},"brand":[2126],"gender":[],"product_brand":[],"product_cat":[1357,1360,2064],"product_tag":[],"class_list":{"0":"post-109360","1":"product","2":"type-product","3":"status-publish","4":"has-post-thumbnail","6":"brand-shoei-de","7":"product_cat-ausrustung-fur-motorradfahrer","8":"product_cat-helme","9":"product_cat-kommunikation","11":"first","12":"onbackorder","13":"taxable","14":"shipping-taxable","15":"purchasable","16":"product-type-simple"},"acf":[],"_links":{"self":[{"href":"https:\/\/moto-oprema.com\/de\/wp-json\/wp\/v2\/product\/109360","targetHints":{"allow":["GET"]}}],"collection":[{"href":"https:\/\/moto-oprema.com\/de\/wp-json\/wp\/v2\/product"}],"about":[{"href":"https:\/\/moto-oprema.com\/de\/wp-json\/wp\/v2\/types\/product"}],"replies":[{"embeddable":true,"href":"https:\/\/moto-oprema.com\/de\/wp-json\/wp\/v2\/comments?post=109360"}],"wp:featuredmedia":[{"embeddable":true,"href":"https:\/\/moto-oprema.com\/de\/wp-json\/wp\/v2\/media\/17551"}],"wp:attachment":[{"href":"https:\/\/moto-oprema.com\/de\/wp-json\/wp\/v2\/media?parent=109360"}],"wp:term":[{"taxonomy":"brand","embeddable":true,"href":"https:\/\/moto-oprema.com\/de\/wp-json\/wp\/v2\/brand?post=109360"},{"taxonomy":"gender","embeddable":true,"href":"https:\/\/moto-oprema.com\/de\/wp-json\/wp\/v2\/gender?post=109360"},{"taxonomy":"product_brand","embeddable":true,"href":"https:\/\/moto-oprema.com\/de\/wp-json\/wp\/v2\/product_brand?post=109360"},{"taxonomy":"product_cat","embeddable":true,"href":"https:\/\/moto-oprema.com\/de\/wp-json\/wp\/v2\/product_cat?post=109360"},{"taxonomy":"product_tag","embeddable":true,"href":"https:\/\/moto-oprema.com\/de\/wp-json\/wp\/v2\/product_tag?post=109360"}],"curies":[{"name":"wp","href":"https:\/\/api.w.org\/{rel}","templated":true}]}}