{"id":109307,"date":"2022-08-11T11:56:35","date_gmt":"2022-08-11T11:56:35","guid":{"rendered":"https:\/\/moto-oprema.com\/Artikel\/alpinestars-charger-v2-rucksack\/"},"modified":"2022-08-11T11:56:35","modified_gmt":"2022-08-11T11:56:35","slug":"alpinestars-charger-v2-rucksack","status":"publish","type":"product","link":"https:\/\/moto-oprema.com\/de\/Artikel\/alpinestars-charger-v2-rucksack\/","title":{"rendered":"ALPINESTARS CHARGER V2 RUCKSACK"},"content":{"rendered":"<p>Der Alpinestars Charger Rucksack hat ein Fassungsverm\u00f6gen von 18 Litern und ist aerodynamisch gestaltet mit einer halbstarren Hauptschale. Die zentrale magnetische Schnellverschlussschnalle ist perfekt f\u00fcr eine schnelle und einfache Verwendung. Das Hauptmaterial besteht aus strapazierf\u00e4higem 600D gemischt mit 400D Ripstop. Dar\u00fcber hinaus verf\u00fcgt der Rucksack \u00fcber einen verstellbaren Schultergurt, eine separate Fronttasche im oberen Teil des Rucksacks, ein gepolstertes Laptopfach, eine integrierte Helmhalterung, eine integrierte Regenh\u00fclle f\u00fcr schlechtes Wetter und reflektierende Elemente.<\/p>\n","protected":false},"excerpt":{"rendered":"<p>Der Alpinestars Rover Overland Rucksack hat ein aerodynamisches Profil und ein neues innovatives Lastentr\u00e4gersystem.<\/p>\n","protected":false},"featured_media":18383,"comment_status":"open","ping_status":"closed","template":"","meta":{"_acf_changed":false},"brand":[2111],"gender":[],"product_brand":[],"product_cat":[2093,2024],"product_tag":[],"class_list":{"0":"post-109307","1":"product","2":"type-product","3":"status-publish","4":"has-post-thumbnail","6":"brand-alpinestars-de","7":"product_cat-rucksacke-und-beinbeutel","8":"product_cat-zubehor","10":"first","11":"instock","12":"taxable","13":"shipping-taxable","14":"purchasable","15":"product-type-simple"},"acf":[],"_links":{"self":[{"href":"https:\/\/moto-oprema.com\/de\/wp-json\/wp\/v2\/product\/109307","targetHints":{"allow":["GET"]}}],"collection":[{"href":"https:\/\/moto-oprema.com\/de\/wp-json\/wp\/v2\/product"}],"about":[{"href":"https:\/\/moto-oprema.com\/de\/wp-json\/wp\/v2\/types\/product"}],"replies":[{"embeddable":true,"href":"https:\/\/moto-oprema.com\/de\/wp-json\/wp\/v2\/comments?post=109307"}],"wp:featuredmedia":[{"embeddable":true,"href":"https:\/\/moto-oprema.com\/de\/wp-json\/wp\/v2\/media\/18383"}],"wp:attachment":[{"href":"https:\/\/moto-oprema.com\/de\/wp-json\/wp\/v2\/media?parent=109307"}],"wp:term":[{"taxonomy":"brand","embeddable":true,"href":"https:\/\/moto-oprema.com\/de\/wp-json\/wp\/v2\/brand?post=109307"},{"taxonomy":"gender","embeddable":true,"href":"https:\/\/moto-oprema.com\/de\/wp-json\/wp\/v2\/gender?post=109307"},{"taxonomy":"product_brand","embeddable":true,"href":"https:\/\/moto-oprema.com\/de\/wp-json\/wp\/v2\/product_brand?post=109307"},{"taxonomy":"product_cat","embeddable":true,"href":"https:\/\/moto-oprema.com\/de\/wp-json\/wp\/v2\/product_cat?post=109307"},{"taxonomy":"product_tag","embeddable":true,"href":"https:\/\/moto-oprema.com\/de\/wp-json\/wp\/v2\/product_tag?post=109307"}],"curies":[{"name":"wp","href":"https:\/\/api.w.org\/{rel}","templated":true}]}}