{"id":109292,"date":"2022-09-21T10:25:55","date_gmt":"2022-09-21T10:25:55","guid":{"rendered":"https:\/\/moto-oprema.com\/Artikel\/alpinestars-protektor-kurz-bionisch\/"},"modified":"2022-09-21T10:25:55","modified_gmt":"2022-09-21T10:25:55","slug":"alpinestars-protektor-kurz-bionisch","status":"publish","type":"product","link":"https:\/\/moto-oprema.com\/de\/Artikel\/alpinestars-protektor-kurz-bionisch\/","title":{"rendered":"ALPINESTARS PROTEKTOR KURZ BIONISCH"},"content":{"rendered":"<p>Alpinestars Bionic Action Protector Shorts<\/p>\n<p>Die Bionic Pro Protector Shorts Level 1 haben ein leichtes, hochflexibles Design, das hohen Aufprall- und Abriebschutz in einer atmungsaktiven Mesh-H\u00fclle f\u00fcr hervorragende Luftzirkulation und Komfort bietet. Diese Shorts haben einen eingebauten H\u00fcftschutz und strategisch platzierte Polsterungen in den Schl\u00fcsselbereichen, die f\u00fcr Aufprallverletzungen anf\u00e4llig sind. Dies ist das Ergebnis umfangreicher Studien \u00fcber typische St\u00fcrze von Fahrern bei Bahnveranstaltungen. <\/p>\n<p>Merkmale:<\/p>\n<ul>\n<li>  Zweiteilige, \u00fcberlappende Konstruktion der H\u00fcftprotektoren an der Stelle, an der der H\u00fcftprotektor auf das Stretch-Mesh-Geh\u00e4use trifft, f\u00fcr mehr Bewegungsfreiheit<\/li>\n<li>  Elastische B\u00e4nder<\/li>\n<li>  Komfortable, f\u00fcr Enduro konzipierte S\u00e4mischleder-Polsterung<\/li>\n<li>  Die Polsterung ist strategisch in den Bereichen platziert, die bei typischen Rennstrecken-Crash-Studien f\u00fcr Aufprallsch\u00e4den anf\u00e4llig sind.<\/li>\n<li>  Der Tailleng\u00fcrtel und die seitlichen Polsterungen an den H\u00fcften teilen den Schutz in zwei Teile und bieten gleichzeitig vollen Schutz, ohne die Bewegungsfreiheit einzuschr\u00e4nken.<\/li>\n<li>  Weichteilgewebe<\/li>\n<li>  Polygiene Biostatic\u2122 Frische-Technologie<\/li>\n<li>  Dehnbare Unterkante f\u00fcr Kompatibilit\u00e4t mit Knieschonern<\/li>\n<\/ul>\n<p>Weitere Produktinformationen<br \/>Material 40% Polyamid, 15% Polyester, 18% Ethylenvinylacetat, 22% Elastan, 5% andere<\/p>\n","protected":false},"excerpt":{"rendered":"<p>Alpinestars Bionic Action Protector Shorts Die Bionic Pro Protector Shorts Level 1 haben ein leichtes, hochflexibles&#8230;<\/p>\n","protected":false},"featured_media":19108,"comment_status":"open","ping_status":"open","template":"","meta":{"_acf_changed":false},"brand":[2111],"gender":[],"product_brand":[],"product_cat":[2225],"product_tag":[],"class_list":{"0":"post-109292","1":"product","2":"type-product","3":"status-publish","4":"has-post-thumbnail","6":"brand-alpinestars-de","7":"product_cat-uncategorized-de","8":"pa_size-l-de","9":"pa_size-s-de","10":"pa_size-xl-de","12":"first","13":"onbackorder","14":"taxable","15":"shipping-taxable","16":"purchasable","17":"product-type-variable"},"acf":[],"_links":{"self":[{"href":"https:\/\/moto-oprema.com\/de\/wp-json\/wp\/v2\/product\/109292","targetHints":{"allow":["GET"]}}],"collection":[{"href":"https:\/\/moto-oprema.com\/de\/wp-json\/wp\/v2\/product"}],"about":[{"href":"https:\/\/moto-oprema.com\/de\/wp-json\/wp\/v2\/types\/product"}],"replies":[{"embeddable":true,"href":"https:\/\/moto-oprema.com\/de\/wp-json\/wp\/v2\/comments?post=109292"}],"wp:featuredmedia":[{"embeddable":true,"href":"https:\/\/moto-oprema.com\/de\/wp-json\/wp\/v2\/media\/19108"}],"wp:attachment":[{"href":"https:\/\/moto-oprema.com\/de\/wp-json\/wp\/v2\/media?parent=109292"}],"wp:term":[{"taxonomy":"brand","embeddable":true,"href":"https:\/\/moto-oprema.com\/de\/wp-json\/wp\/v2\/brand?post=109292"},{"taxonomy":"gender","embeddable":true,"href":"https:\/\/moto-oprema.com\/de\/wp-json\/wp\/v2\/gender?post=109292"},{"taxonomy":"product_brand","embeddable":true,"href":"https:\/\/moto-oprema.com\/de\/wp-json\/wp\/v2\/product_brand?post=109292"},{"taxonomy":"product_cat","embeddable":true,"href":"https:\/\/moto-oprema.com\/de\/wp-json\/wp\/v2\/product_cat?post=109292"},{"taxonomy":"product_tag","embeddable":true,"href":"https:\/\/moto-oprema.com\/de\/wp-json\/wp\/v2\/product_tag?post=109292"}],"curies":[{"name":"wp","href":"https:\/\/api.w.org\/{rel}","templated":true}]}}