{"id":109284,"date":"2022-09-21T09:44:40","date_gmt":"2022-09-21T09:44:40","guid":{"rendered":"https:\/\/moto-oprema.com\/Artikel\/alpinestars-bionic-plus-v2-visier\/"},"modified":"2022-09-21T09:44:40","modified_gmt":"2022-09-21T09:44:40","slug":"alpinestars-bionic-plus-v2-visier","status":"publish","type":"product","link":"https:\/\/moto-oprema.com\/de\/Artikel\/alpinestars-bionic-plus-v2-visier\/","title":{"rendered":"ALPINESTARS BIONIC PLUS V2 VISIER"},"content":{"rendered":"<p><span style=\"font-family:arial, helvetica, sans-serif;font-size:small;\"><\/span><span id=\"result_box\" xml_lang=\"sl\" lang=\"sl\"><span class=\"hps alt-edited\"><span style=\"font-family:arial, helvetica, sans-serif;font-size:small;\">Dieser ultraleichte, CE- und UKCA-zertifizierte K\u00f6rperschutz bietet hervorragenden Aufprallschutz f\u00fcr den Oberk\u00f6rper.<br \/>Dieser Protektor verf\u00fcgt \u00fcber den brandneuen Level 2 Cell Technology Brustprotektor f\u00fcr ultraleichtes Gewicht und optimale Atmungsaktivit\u00e4t. Super Vented Level 2 Nucleon Cell &amp; Flex Hybrid<br \/>Der R\u00fcckenprotektor mit dieser Technologie ist ergonomisch geformt und bietet eine verbesserte, flexible Passform. Sowohl der Front- als auch der R\u00fcckenprotektor sind mit Schaumstoff gef\u00fcttert, um einen sicheren und bequemen Sitz zu gew\u00e4hrleisten.<br \/>Der brandneue Cell Technology-Brustprotektor verf\u00fcgt \u00fcber eine stark perforierte Schale f\u00fcr ein hohes Ma\u00df an Bel\u00fcftung und Schutz.<br \/>Verf\u00fcgt \u00fcber den neuen Cell Technology-R\u00fcckenprotektor mit Flex-Kanal f\u00fcr erh\u00f6hte Mobilit\u00e4t. Die Protektoren sind f\u00fcr maximale Atmungsaktivit\u00e4t und K\u00fchlung perforiert.<br \/>Elastisches Verschlusssystem mit neu gestalteten Schnallen, die schnell und einfach zu bedienen sind und sich an eine Vielzahl von K\u00f6rpergr\u00f6\u00dfen von Radfahrern anpassen<br \/>.<br \/>Gepolsterte Schale f\u00fcr optimalen Komfort und Sitz.<br \/>Verstellbare Schultergurte f\u00fcr optimalen Sitz.<br \/>Kompatibilit\u00e4t mit der Bionic Neck Support mit elastischen BNS-Laschen.   <\/span><\/span><\/span><\/p>\n","protected":false},"excerpt":{"rendered":"<p>Dieser ultraleichte, CE- und UKCA-zertifizierte K\u00f6rperschutz bietet hervorragenden Aufprallschutz f\u00fcr den Oberk\u00f6rper.Dieser Protektor verf\u00fcgt \u00fcber den&#8230;<\/p>\n","protected":false},"featured_media":19091,"comment_status":"open","ping_status":"open","template":"","meta":{"_acf_changed":false},"brand":[2111],"gender":[],"product_brand":[],"product_cat":[2028,2222,2079],"product_tag":[],"class_list":{"0":"post-109284","1":"product","2":"type-product","3":"status-publish","4":"has-post-thumbnail","6":"brand-alpinestars-de","7":"product_cat-motocross-ausrustung","8":"product_cat-mx-korperprotektoren","9":"product_cat-mx-schilder","10":"pa_size-l-de","11":"pa_size-m-de","12":"pa_size-s-de","13":"pa_size-xl-de","14":"pa_size-xxl-de","16":"first","17":"onbackorder","18":"sale","19":"taxable","20":"shipping-taxable","21":"purchasable","22":"product-type-variable"},"acf":[],"_links":{"self":[{"href":"https:\/\/moto-oprema.com\/de\/wp-json\/wp\/v2\/product\/109284","targetHints":{"allow":["GET"]}}],"collection":[{"href":"https:\/\/moto-oprema.com\/de\/wp-json\/wp\/v2\/product"}],"about":[{"href":"https:\/\/moto-oprema.com\/de\/wp-json\/wp\/v2\/types\/product"}],"replies":[{"embeddable":true,"href":"https:\/\/moto-oprema.com\/de\/wp-json\/wp\/v2\/comments?post=109284"}],"wp:featuredmedia":[{"embeddable":true,"href":"https:\/\/moto-oprema.com\/de\/wp-json\/wp\/v2\/media\/19091"}],"wp:attachment":[{"href":"https:\/\/moto-oprema.com\/de\/wp-json\/wp\/v2\/media?parent=109284"}],"wp:term":[{"taxonomy":"brand","embeddable":true,"href":"https:\/\/moto-oprema.com\/de\/wp-json\/wp\/v2\/brand?post=109284"},{"taxonomy":"gender","embeddable":true,"href":"https:\/\/moto-oprema.com\/de\/wp-json\/wp\/v2\/gender?post=109284"},{"taxonomy":"product_brand","embeddable":true,"href":"https:\/\/moto-oprema.com\/de\/wp-json\/wp\/v2\/product_brand?post=109284"},{"taxonomy":"product_cat","embeddable":true,"href":"https:\/\/moto-oprema.com\/de\/wp-json\/wp\/v2\/product_cat?post=109284"},{"taxonomy":"product_tag","embeddable":true,"href":"https:\/\/moto-oprema.com\/de\/wp-json\/wp\/v2\/product_tag?post=109284"}],"curies":[{"name":"wp","href":"https:\/\/api.w.org\/{rel}","templated":true}]}}