{"id":109218,"date":"2021-12-07T11:39:23","date_gmt":"2021-12-07T11:39:23","guid":{"rendered":"https:\/\/moto-oprema.com\/Artikel\/alpinestars-full-bore-handschuhe-schwarz-fluo-gelb\/"},"modified":"2021-12-07T11:39:23","modified_gmt":"2021-12-07T11:39:23","slug":"alpinestars-full-bore-handschuhe-schwarz-fluo-gelb","status":"publish","type":"product","link":"https:\/\/moto-oprema.com\/de\/Artikel\/alpinestars-full-bore-handschuhe-schwarz-fluo-gelb\/","title":{"rendered":"ALPINESTARS FULL BORE HANDSCHUHE SCHWARZ FLUO GELB"},"content":{"rendered":"<p>Dank ihres optimierten Designs bieten die Handschuhe eine optimale Kombination aus Qualit\u00e4t, Schutz und Luftzirkulation. Sie sind aus einem fortschrittlichen, atmungsaktiven Stretchmaterial gefertigt, das den Fahrkomfort verbessert und eine ideale Passform gew\u00e4hrleistet. <\/p>\n<p>Die Handfl\u00e4che ist aus synthetischem Wildleder gefertigt und bietet maximalen Komfort und ein besseres Gef\u00fchl f\u00fcr das Fahrrad und seine Bedienelemente. Neopren und TPR im Kn\u00f6chelbereich bieten verbesserten Schutz gegen St\u00f6\u00dfe und m\u00f6gliche \u00c4ste\/Felsen beim Fahren im Gel\u00e4nde und sind gleichzeitig extrem flexibel und bequem. <\/p>\n<\/p>\n<p>48% Polyester, 28% Kunstleder, 14% Neopren, 12% Polymaid<\/p>\n","protected":false},"excerpt":{"rendered":"<p>Dank ihres optimierten Designs bieten die Handschuhe eine optimale Kombination aus Qualit\u00e4t, Schutz und Luftzirkulation. Sie&#8230;<\/p>\n","protected":false},"featured_media":109224,"comment_status":"open","ping_status":"open","template":"","meta":{"_acf_changed":false},"brand":[2111],"gender":[2168],"product_brand":[],"product_cat":[2028,2070],"product_tag":[],"class_list":{"0":"post-109218","1":"product","2":"type-product","3":"status-publish","4":"has-post-thumbnail","6":"brand-alpinestars-de","7":"gender-moski-de","8":"product_cat-motocross-ausrustung","9":"product_cat-mx-handschuhe","10":"pa_size-l-de","11":"pa_size-m-de","12":"pa_size-s-de","13":"pa_size-xl-de","14":"pa_size-xxl-de","16":"first","17":"onbackorder","18":"sale","19":"taxable","20":"shipping-taxable","21":"purchasable","22":"product-type-variable"},"acf":[],"_links":{"self":[{"href":"https:\/\/moto-oprema.com\/de\/wp-json\/wp\/v2\/product\/109218","targetHints":{"allow":["GET"]}}],"collection":[{"href":"https:\/\/moto-oprema.com\/de\/wp-json\/wp\/v2\/product"}],"about":[{"href":"https:\/\/moto-oprema.com\/de\/wp-json\/wp\/v2\/types\/product"}],"replies":[{"embeddable":true,"href":"https:\/\/moto-oprema.com\/de\/wp-json\/wp\/v2\/comments?post=109218"}],"wp:featuredmedia":[{"embeddable":true,"href":"https:\/\/moto-oprema.com\/de\/wp-json\/wp\/v2\/media\/109224"}],"wp:attachment":[{"href":"https:\/\/moto-oprema.com\/de\/wp-json\/wp\/v2\/media?parent=109218"}],"wp:term":[{"taxonomy":"brand","embeddable":true,"href":"https:\/\/moto-oprema.com\/de\/wp-json\/wp\/v2\/brand?post=109218"},{"taxonomy":"gender","embeddable":true,"href":"https:\/\/moto-oprema.com\/de\/wp-json\/wp\/v2\/gender?post=109218"},{"taxonomy":"product_brand","embeddable":true,"href":"https:\/\/moto-oprema.com\/de\/wp-json\/wp\/v2\/product_brand?post=109218"},{"taxonomy":"product_cat","embeddable":true,"href":"https:\/\/moto-oprema.com\/de\/wp-json\/wp\/v2\/product_cat?post=109218"},{"taxonomy":"product_tag","embeddable":true,"href":"https:\/\/moto-oprema.com\/de\/wp-json\/wp\/v2\/product_tag?post=109218"}],"curies":[{"name":"wp","href":"https:\/\/api.w.org\/{rel}","templated":true}]}}