{"id":109155,"date":"2021-12-27T10:48:28","date_gmt":"2021-12-27T10:48:28","guid":{"rendered":"https:\/\/moto-oprema.com\/Artikel\/leatt-5-5-nackenschutz-fuer-kinder\/"},"modified":"2021-12-27T10:48:28","modified_gmt":"2021-12-27T10:48:28","slug":"leatt-5-5-nackenschutz-fuer-kinder","status":"publish","type":"product","link":"https:\/\/moto-oprema.com\/de\/Artikel\/leatt-5-5-nackenschutz-fuer-kinder\/","title":{"rendered":"LEATT 5.5 NACKENSCHUTZ F\u00dcR KINDER"},"content":{"rendered":"<p>T\u00fcrsch\u00fctzer LEATT 5.5 junior<\/p>\n<p>Unabh\u00e4ngige Studien zeigen, dass Verletzungen im Nackenbereich um bis zu 89% reduziert werden k\u00f6nnen. Eine spezielle Aussparung f\u00fcr das Schl\u00fcsselbein h\u00e4lt die empfindlichen Knochen frei. Um die Kr\u00e4fte auf den Nacken umzuverteilen und dem Helm Bewegungsfreiheit zu bieten, wurde die Plattform speziell daf\u00fcr entwickelt. Die CoreFlex Split Rear Folding Brace ist so konzipiert, dass sie sich den Bewegungen des K\u00f6rpers anpasst und sich l\u00f6st, wenn zu viel Druck auf den R\u00fccken ausge\u00fcbt wird. Um einen perfekten Sitz zu gew\u00e4hrleisten, kann die Leatt 5.5 Nackenst\u00fctze mit den SureFit Schiebeverstellungen angepasst werden, die drei Einstellm\u00f6glichkeiten bieten. Das flache Knopfsystem macht das \u00d6ffnen und Schlie\u00dfen schnell und einfach. CE-gepr\u00fcft und zertifiziert 89\/686\/EEC. Gewicht ca. 780 g.<\/p>\n","protected":false},"excerpt":{"rendered":"<p>T\u00fcrsch\u00fctzer LEATT 5.5 junior Unabh\u00e4ngige Studien zeigen, dass Verletzungen im Nackenbereich um bis zu 89% reduziert&#8230;<\/p>\n","protected":false},"featured_media":15481,"comment_status":"open","ping_status":"closed","template":"","meta":{"_acf_changed":false},"brand":[2121],"gender":[],"product_brand":[],"product_cat":[2216,2028,2330],"product_tag":[],"class_list":{"0":"post-109155","1":"product","2":"type-product","3":"status-publish","4":"has-post-thumbnail","6":"brand-leatt-de","7":"product_cat-fur-die-jungsten-de","8":"product_cat-motocross-ausrustung","9":"product_cat-mx-protektoren","11":"first","12":"instock","13":"sale","14":"taxable","15":"shipping-taxable","16":"purchasable","17":"product-type-simple"},"acf":[],"_links":{"self":[{"href":"https:\/\/moto-oprema.com\/de\/wp-json\/wp\/v2\/product\/109155","targetHints":{"allow":["GET"]}}],"collection":[{"href":"https:\/\/moto-oprema.com\/de\/wp-json\/wp\/v2\/product"}],"about":[{"href":"https:\/\/moto-oprema.com\/de\/wp-json\/wp\/v2\/types\/product"}],"replies":[{"embeddable":true,"href":"https:\/\/moto-oprema.com\/de\/wp-json\/wp\/v2\/comments?post=109155"}],"wp:featuredmedia":[{"embeddable":true,"href":"https:\/\/moto-oprema.com\/de\/wp-json\/wp\/v2\/media\/15481"}],"wp:attachment":[{"href":"https:\/\/moto-oprema.com\/de\/wp-json\/wp\/v2\/media?parent=109155"}],"wp:term":[{"taxonomy":"brand","embeddable":true,"href":"https:\/\/moto-oprema.com\/de\/wp-json\/wp\/v2\/brand?post=109155"},{"taxonomy":"gender","embeddable":true,"href":"https:\/\/moto-oprema.com\/de\/wp-json\/wp\/v2\/gender?post=109155"},{"taxonomy":"product_brand","embeddable":true,"href":"https:\/\/moto-oprema.com\/de\/wp-json\/wp\/v2\/product_brand?post=109155"},{"taxonomy":"product_cat","embeddable":true,"href":"https:\/\/moto-oprema.com\/de\/wp-json\/wp\/v2\/product_cat?post=109155"},{"taxonomy":"product_tag","embeddable":true,"href":"https:\/\/moto-oprema.com\/de\/wp-json\/wp\/v2\/product_tag?post=109155"}],"curies":[{"name":"wp","href":"https:\/\/api.w.org\/{rel}","templated":true}]}}