{"id":109079,"date":"2022-04-06T11:10:48","date_gmt":"2022-04-06T11:10:48","guid":{"rendered":"https:\/\/moto-oprema.com\/Artikel\/sizzapp-gps-tracker-2g\/"},"modified":"2022-04-06T11:10:48","modified_gmt":"2022-04-06T11:10:48","slug":"sizzapp-gps-tracker-2g","status":"publish","type":"product","link":"https:\/\/moto-oprema.com\/de\/Artikel\/sizzapp-gps-tracker-2g\/","title":{"rendered":"SIZZAPP GPS TRACKER 2G"},"content":{"rendered":"<p>Sizzapp GPS-Tracker mit integrierter SIM-Karte und kostenloser Daten\u00fcbertragung. Kostenlose App f\u00fcr Android- und IOS-Ger\u00e4te. <\/p>\n<p>Einfache Installation mit nur zwei Dr\u00e4hten (Plus und Minus). Spannungsversorgung +10 bis +30V <\/p>\n<p>SIZZAPP ist ein kompaktes, einfach zu installierendes \u00dcberwachungsger\u00e4t ohne Vertragsbindung. Keine monatlichen Abonnements, NIEMALS! <\/p>\n<p>Verfolgen Sie den Standort Ihres Motorrads, sch\u00fctzen Sie es vor Diebstahl und erhalten Sie Benachrichtigungen, auch wenn Sie nicht in der N\u00e4he sind.<\/p>\n<p>In Echtzeit, in einer App, werden Sie \u00fcberall und jederzeit auf Probleme mit Ihrem Fahrrad aufmerksam gemacht.<\/p>\n<p>WARUM SIZZAPP W\u00c4HLEN?<\/p>\n<p>GPS<\/p>\n<p>Verfolgen Sie Ihr Fahrzeug jederzeit und \u00fcberall.<\/p>\n<p>ANWEISUNG<\/p>\n<p>LOCATION<\/p>\n<p>SPEED<\/p>\n<p>GEOZONE<\/p>\n<p>AUF EINER REISE \/ ZWISCHENSTATION<\/p>\n<p>ONLINE \/ OFFLINE<\/p>\n<p>SICHERHEIT<\/p>\n<p>Sorgen Sie f\u00fcr die Sicherheit Ihres Motorrads.<\/p>\n<p>BEWEGUNGSMELDER<\/p>\n<p>VERTREIBUNG UND UNFALL<\/p>\n<p>TRENNEN DER VERBINDUNG ZUM GER\u00c4T<\/p>\n<p>ALLGEMEINES<\/p>\n<p>Achten Sie auf wichtige Informationen zu Ihrem Fahrzeug<\/p>\n<p>BATTERIE-LEVEL<\/p>\n<p>ORGANISER<\/p>\n<p>VREME<\/p>\n<p>SOZIALES<\/p>\n<p>Fahren Sie auf Ihrem Motorrad in einer vernetzten Welt mit Ihren Mitfahrern.<\/p>\n<p>TEILEN SIE DIE ROUTE MIT FREUNDEN<\/p>\n<p>GRUPPENREITEN<\/p>\n<p>EVENT- UND REISEPLANUNG<\/p>\n<p>Merkmale:<\/p>\n<p><span class=\"VIiyi\" lang=\"sl\" xml_lang=\"sl\"><span class=\"JLqJ4b ChMk0b\">Das SIZZAPP 2-Draht-Ger\u00e4t ist ein Ortungsterminal mit GNSS- und GSM-Konnektivit\u00e4t, das in der Lage ist, die Koordinaten des Ger\u00e4ts zu erfassen und sie \u00fcber ein GSM-Netz an einen Server zu \u00fcbermitteln.<\/span><\/span><\/p>\n<p>Inhalt des Sets:<\/p>\n<ul>\n<li><span class=\"VIiyi\" lang=\"sl\" xml_lang=\"sl\"><span class=\"JLqJ4b\">Vorinstallierter 2-Draht SIZZAPP;<\/span><\/span><\/li>\n<li><span class=\"VIiyi\" lang=\"sl\" xml_lang=\"sl\"><span class=\"JLqJ4b\">  Vorinstallierte SIM-Karte<br \/>\n<\/span><\/span><\/li>\n<li><span class=\"VIiyi\" lang=\"sl\" xml_lang=\"sl\"><span class=\"JLqJ4b\">  eingebauter Li-Ion-Akku<\/span><\/span><\/li>\n<\/ul>\n<p><span class=\"VIiyi\" lang=\"sl\" xml_lang=\"sl\"><span class=\"JLqJ4b\">Technische Merkmale <span class=\"VIiyi\" lang=\"sl\" xml_lang=\"sl\"><span class=\"JLqJ4b\"><span class=\"VIiyi\" lang=\"sl\" xml_lang=\"sl\"><span class=\"JLqJ4b\">GSM\/GPRS\/GNSS:<\/span><\/span><\/span><\/span><\/span><\/span><\/p>\n<ul>\n<li><span class=\"VIiyi\" lang=\"sl\" xml_lang=\"sl\"><span class=\"JLqJ4b\"><span class=\"VIiyi\" lang=\"sl\" xml_lang=\"sl\"><span class=\"JLqJ4b\">Multiband-Modul (GSM 850 \/ 900 \/ 1800 \/ 19  <\/span><\/span><\/span><\/span><\/li>\n<li><span class=\"VIiyi\" lang=\"sl\" xml_lang=\"sl\"><span class=\"JLqJ4b\"><span class=\"VIiyi\" lang=\"sl\" xml_lang=\"sl\"><span class=\"JLqJ4b\">GPRS Klasse 12;  <\/span><\/span><\/span><\/span><\/li>\n<li><span class=\"VIiyi\" lang=\"sl\" xml_lang=\"sl\"><span class=\"JLqJ4b\"><span class=\"VIiyi\" lang=\"sl\" xml_lang=\"sl\"><span class=\"JLqJ4b\">SMS (Text, Daten);<\/span><\/span><\/span><\/span><\/li>\n<li><span class=\"VIiyi\" lang=\"sl\" xml_lang=\"sl\"><span class=\"JLqJ4b\"><span class=\"VIiyi\" lang=\"sl\" xml_lang=\"sl\"><span class=\"JLqJ4b\">Integrierter GNSS-Empf\u00e4nger;  <\/span><\/span><\/span><\/span><\/li>\n<li><span class=\"VIiyi\" lang=\"sl\" xml_lang=\"sl\"><span class=\"JLqJ4b\"><span class=\"VIiyi\" lang=\"sl\" xml_lang=\"sl\"><span class=\"JLqJ4b\">GNSS-Empf\u00e4ngerempfindlichkeit bis zu -165 dBm.<\/span><\/span> <\/span><\/span><\/li>\n<\/ul>\n<p><span class=\"VIiyi\" lang=\"sl\" xml_lang=\"sl\"><span class=\"JLqJ4b\"><span class=\"VIiyi\" lang=\"sl\" xml_lang=\"sl\"><span class=\"JLqJ4b\">Hardware-Funktionen:<br \/>\n<\/span><\/span><\/span><\/span><\/p>\n<ul>\n<li><span class=\"VIiyi\" lang=\"sl\" xml_lang=\"sl\"><span class=\"JLqJ4b\"><span class=\"VIiyi\" lang=\"sl\" xml_lang=\"sl\"><span class=\"JLqJ4b\">  Eingebauter Bewegungssensor;<\/span><\/span><\/span><\/span><\/li>\n<li><span class=\"VIiyi\" lang=\"sl\" xml_lang=\"sl\"><span class=\"JLqJ4b\"><span class=\"VIiyi\" lang=\"sl\" xml_lang=\"sl\"><span class=\"JLqJ4b\">  Integriertes Bluetooth 4.0;<\/span><\/span><\/span><\/span><\/li>\n<li><span class=\"VIiyi\" lang=\"sl\" xml_lang=\"sl\"><span class=\"JLqJ4b\"><span class=\"VIiyi\" lang=\"sl\" xml_lang=\"sl\"><span class=\"JLqJ4b\">  GNSS-Innenantenne mit hohem Gewinn;<\/span><\/span><\/span><\/span><\/li>\n<li><span class=\"VIiyi\" lang=\"sl\" xml_lang=\"sl\"><span class=\"JLqJ4b\"><span class=\"VIiyi\" lang=\"sl\" xml_lang=\"sl\"><span class=\"JLqJ4b\">  GSM-Innenantenne mit hohem Gewinn;<\/span><\/span><\/span><\/span><\/li>\n<li><span class=\"VIiyi\" lang=\"sl\" xml_lang=\"sl\"><span class=\"JLqJ4b\"><span class=\"VIiyi\" lang=\"sl\" xml_lang=\"sl\"><span class=\"JLqJ4b\">  128 MB interner Flash-Speicher;<\/span><\/span><\/span><\/span><\/li>\n<li><span class=\"VIiyi\" lang=\"sl\" xml_lang=\"sl\"><span class=\"JLqJ4b\"><span class=\"VIiyi\" lang=\"sl\" xml_lang=\"sl\"><span class=\"JLqJ4b\">  170 mAh Li-Ionen-Akku mit 3,7 V.<\/span><\/span><\/span><\/span><\/li>\n<\/ul>\n<p><span class=\"VIiyi\" lang=\"sl\" xml_lang=\"sl\"><span class=\"JLqJ4b\"><span class=\"VIiyi\" lang=\"sl\" xml_lang=\"sl\"><span class=\"JLqJ4b\"><br \/>\nInterface-Funktionen:<br \/>\n<\/span><\/span><\/span><\/span><\/p>\n<ul>\n<li><span class=\"VIiyi\" lang=\"sl\" xml_lang=\"sl\"><span class=\"JLqJ4b\"><span class=\"VIiyi\" lang=\"sl\" xml_lang=\"sl\"><span class=\"JLqJ4b\">  Spannungsversorgung: 10 \u00f7 30 V;<\/span><\/span><\/span><\/span><\/li>\n<li><span class=\"VIiyi\" lang=\"sl\" xml_lang=\"sl\"><span class=\"JLqJ4b\"><span class=\"VIiyi\" lang=\"sl\" xml_lang=\"sl\"><span class=\"JLqJ4b\">  USB-Anschluss;<\/span><\/span><\/span><\/span><\/li>\n<li><span class=\"VIiyi\" lang=\"sl\" xml_lang=\"sl\"><span class=\"JLqJ4b\"><span class=\"VIiyi\" lang=\"sl\" xml_lang=\"sl\"><span class=\"JLqJ4b\">  2 LEDs, die den Status des Ger\u00e4ts anzeigen.<\/span><\/span><\/span><\/span><\/li>\n<\/ul>\n<p><span class=\"VIiyi\" lang=\"sl\" xml_lang=\"sl\"><span class=\"JLqJ4b\"><span class=\"VIiyi\" lang=\"sl\" xml_lang=\"sl\"><span class=\"JLqJ4b\"><br \/>\nBesondere Merkmale:<br \/>\n<\/span><\/span><\/span><\/span><\/p>\n<ul>\n<li><span class=\"VIiyi\" lang=\"sl\" xml_lang=\"sl\"><span class=\"JLqJ4b\"><span class=\"VIiyi\" lang=\"sl\" xml_lang=\"sl\"><span class=\"JLqJ4b\">Korrigieren Sie schnell Ihre Position;<\/span><\/span><\/span><\/span><\/li>\n<li><span class=\"VIiyi\" lang=\"sl\" xml_lang=\"sl\"><span class=\"JLqJ4b\"><span class=\"VIiyi\" lang=\"sl\" xml_lang=\"sl\"><span class=\"JLqJ4b\">  Qualitativ hochwertige Ortung auch in st\u00e4dtischen Gebieten mit hoher Dichte;<\/span><\/span><\/span><\/span><\/li>\n<li><span class=\"VIiyi\" lang=\"sl\" xml_lang=\"sl\"><span class=\"JLqJ4b\"><span class=\"VIiyi\" lang=\"sl\" xml_lang=\"sl\"><span class=\"JLqJ4b\">  Kleines Geh\u00e4use;<\/span><\/span><\/span><\/span><\/li>\n<li><span class=\"VIiyi\" lang=\"sl\" xml_lang=\"sl\"><span class=\"JLqJ4b\"><span class=\"VIiyi\" lang=\"sl\" xml_lang=\"sl\"><span class=\"JLqJ4b\">  GNSS- und GSM-Antennen mit hohem Gewinn f\u00fcr den Innenbereich;<\/span><\/span><\/span><\/span><\/li>\n<li><span class=\"VIiyi\" lang=\"sl\" xml_lang=\"sl\"><span class=\"JLqJ4b\"><span class=\"VIiyi\" lang=\"sl\" xml_lang=\"sl\"><span class=\"JLqJ4b\">  2 LED-Statusanzeige;<\/span><\/span><\/span><\/span><\/li>\n<li><span class=\"VIiyi\" lang=\"sl\" xml_lang=\"sl\"><span class=\"JLqJ4b\"><span class=\"VIiyi\" lang=\"sl\" xml_lang=\"sl\"><span class=\"JLqJ4b\">  Echtzeit-Verfolgung;<\/span><\/span><\/span><\/span><\/li>\n<\/ul>\n<p><span class=\"VIiyi\" lang=\"sl\" xml_lang=\"sl\"><span class=\"JLqJ4b\"><span class=\"VIiyi\" lang=\"sl\" xml_lang=\"sl\"><span class=\"JLqJ4b\">Intelligentes Data Mining auf der Grundlage von:<\/span><\/span><\/span><\/span><\/p>\n<ul>\n<li>\n<ul>\n<li><span class=\"VIiyi\" lang=\"sl\" xml_lang=\"sl\"><span class=\"JLqJ4b\"><span class=\"VIiyi\" lang=\"sl\" xml_lang=\"sl\"><span class=\"JLqJ4b\">  Zeit;<\/span><\/span><\/span><\/span><\/li>\n<\/ul>\n<ul>\n<li><span class=\"VIiyi\" lang=\"sl\" xml_lang=\"sl\"><span class=\"JLqJ4b\"><span class=\"VIiyi\" lang=\"sl\" xml_lang=\"sl\"><span class=\"JLqJ4b\">  als;<\/span><\/span><\/span><\/span><\/li>\n<li><span class=\"VIiyi\" lang=\"sl\" xml_lang=\"sl\"><span class=\"JLqJ4b\"><span class=\"VIiyi\" lang=\"sl\" xml_lang=\"sl\"><span class=\"JLqJ4b\">  Entfernung;<\/span><\/span><\/span><\/span><\/li>\n<li><span class=\"VIiyi\" lang=\"sl\" xml_lang=\"sl\"><span class=\"JLqJ4b\"><span class=\"VIiyi\" lang=\"sl\" xml_lang=\"sl\"><span class=\"JLqJ4b\">  Z\u00fcndung oder ein anderes E\/A-Ereignis.<\/span><\/span><\/span><\/span><\/li>\n<li><span class=\"VIiyi\" lang=\"sl\" xml_lang=\"sl\"><span class=\"JLqJ4b\"><span class=\"VIiyi\" lang=\"sl\" xml_lang=\"sl\"><span class=\"JLqJ4b\">  Senden der erfassten Daten \u00fcber GPRS;<\/span><\/span><\/span><\/span><\/li>\n<li><span class=\"VIiyi\" lang=\"sl\" xml_lang=\"sl\"><span class=\"JLqJ4b\"><span class=\"VIiyi\" lang=\"sl\" xml_lang=\"sl\"><span class=\"JLqJ4b\">  E\/A-Ereignisse GPRS und SMS;<\/span><\/span><\/span><\/span><\/li>\n<li><span class=\"VIiyi\" lang=\"sl\" xml_lang=\"sl\"><span class=\"JLqJ4b\"><span class=\"VIiyi\" lang=\"sl\" xml_lang=\"sl\"><span class=\"JLqJ4b\">  virtueller Kilometerz\u00e4hler;<\/span><\/span><\/span><\/span><\/li>\n<li><span class=\"VIiyi\" lang=\"sl\" xml_lang=\"sl\"><span class=\"JLqJ4b\"><span class=\"VIiyi\" lang=\"sl\" xml_lang=\"sl\"><span class=\"JLqJ4b\">  Erkennung von Interferenzen;<\/span><\/span><\/span><\/span><\/li>\n<li><span class=\"VIiyi\" lang=\"sl\" xml_lang=\"sl\"><span class=\"JLqJ4b\"><span class=\"VIiyi\" lang=\"sl\" xml_lang=\"sl\"><span class=\"JLqJ4b\">  Konfigurierbar \u00fcber gesch\u00fctzte SMS-Befehle;<\/span><\/span><\/span><\/span><\/li>\n<li><span class=\"VIiyi\" lang=\"sl\" xml_lang=\"sl\"><span class=\"JLqJ4b\"><span class=\"VIiyi\" lang=\"sl\" xml_lang=\"sl\"><span class=\"JLqJ4b\">  \u00dcberspannungsschutz.<\/span><\/span><\/span><\/span><\/li>\n<\/ul>\n<\/li>\n<\/ul>\n","protected":false},"excerpt":{"rendered":"<p>Sorgen Sie f\u00fcr die Sicherheit Ihres Fahrzeugs mit dem Sizzapp Ortungsger\u00e4t!<\/p>\n","protected":false},"featured_media":17498,"comment_status":"open","ping_status":"open","template":"","meta":{"_acf_changed":false},"brand":[2666],"gender":[],"product_brand":[],"product_cat":[2025,2024],"product_tag":[],"class_list":{"0":"post-109079","1":"product","2":"type-product","3":"status-publish","4":"has-post-thumbnail","6":"brand-sizzapp-de","7":"product_cat-sonstiges-zubehor","8":"product_cat-zubehor","10":"first","11":"instock","12":"sale","13":"taxable","14":"shipping-taxable","15":"purchasable","16":"product-type-simple"},"acf":[],"_links":{"self":[{"href":"https:\/\/moto-oprema.com\/de\/wp-json\/wp\/v2\/product\/109079","targetHints":{"allow":["GET"]}}],"collection":[{"href":"https:\/\/moto-oprema.com\/de\/wp-json\/wp\/v2\/product"}],"about":[{"href":"https:\/\/moto-oprema.com\/de\/wp-json\/wp\/v2\/types\/product"}],"replies":[{"embeddable":true,"href":"https:\/\/moto-oprema.com\/de\/wp-json\/wp\/v2\/comments?post=109079"}],"wp:featuredmedia":[{"embeddable":true,"href":"https:\/\/moto-oprema.com\/de\/wp-json\/wp\/v2\/media\/17498"}],"wp:attachment":[{"href":"https:\/\/moto-oprema.com\/de\/wp-json\/wp\/v2\/media?parent=109079"}],"wp:term":[{"taxonomy":"brand","embeddable":true,"href":"https:\/\/moto-oprema.com\/de\/wp-json\/wp\/v2\/brand?post=109079"},{"taxonomy":"gender","embeddable":true,"href":"https:\/\/moto-oprema.com\/de\/wp-json\/wp\/v2\/gender?post=109079"},{"taxonomy":"product_brand","embeddable":true,"href":"https:\/\/moto-oprema.com\/de\/wp-json\/wp\/v2\/product_brand?post=109079"},{"taxonomy":"product_cat","embeddable":true,"href":"https:\/\/moto-oprema.com\/de\/wp-json\/wp\/v2\/product_cat?post=109079"},{"taxonomy":"product_tag","embeddable":true,"href":"https:\/\/moto-oprema.com\/de\/wp-json\/wp\/v2\/product_tag?post=109079"}],"curies":[{"name":"wp","href":"https:\/\/api.w.org\/{rel}","templated":true}]}}