{"id":109015,"date":"2021-12-29T09:43:49","date_gmt":"2021-12-29T09:43:49","guid":{"rendered":"https:\/\/moto-oprema.com\/Artikel\/leatt-mtb-schutz-t-shirt-roost-tee\/"},"modified":"2021-12-29T09:43:49","modified_gmt":"2021-12-29T09:43:49","slug":"leatt-mtb-schutz-t-shirt-roost-tee","status":"publish","type":"product","link":"https:\/\/moto-oprema.com\/de\/Artikel\/leatt-mtb-schutz-t-shirt-roost-tee\/","title":{"rendered":"LEATT MTB-Schutz T-Shirt ROOST TEE"},"content":{"rendered":"<div class=\"tw-ta-container tw-nfl\" id=\"tw-target-text-container\">\n<p class=\"tw-data-text tw-text-large tw-ta\" id=\"tw-target-text\" style=\"text-align:left;\" dir=\"ltr\"><span xml_lang=\"sl\" lang=\"sl\">-Gemacht auch f\u00fcr MTB und DH.  <\/span><\/p>\n<p>Das Leatt Roost T-Shirt ist sehr leicht und passt problemlos \u00fcber Ihre Hose. Stretcheins\u00e4tze sorgen f\u00fcr eine bequeme Passform. Das MoistureCool-Material h\u00e4lt den K\u00f6rper k\u00fchl und leitet den Schwei\u00df ab.  <\/p><\/div>\n<div class=\"tw-ta-container tw-nfl\" id=\"z6maec\"><\/div>\n","protected":false},"excerpt":{"rendered":"<p>* Regul\u00e4rer MPC-Preis laut Preisliste des Herstellers &#8211; 239,00 *<\/p>\n","protected":false},"featured_media":15484,"comment_status":"open","ping_status":"open","template":"","meta":{"_acf_changed":false},"brand":[2121],"gender":[],"product_brand":[],"product_cat":[1357],"product_tag":[],"class_list":{"0":"post-109015","1":"product","2":"type-product","3":"status-publish","4":"has-post-thumbnail","6":"brand-leatt-de","7":"product_cat-ausrustung-fur-motorradfahrer","8":"pa_size-l-xl-de","9":"pa_size-s-m-de","10":"pa_size-xxl-de","12":"first","13":"onbackorder","14":"taxable","15":"shipping-taxable","16":"purchasable","17":"product-type-variable"},"acf":[],"_links":{"self":[{"href":"https:\/\/moto-oprema.com\/de\/wp-json\/wp\/v2\/product\/109015","targetHints":{"allow":["GET"]}}],"collection":[{"href":"https:\/\/moto-oprema.com\/de\/wp-json\/wp\/v2\/product"}],"about":[{"href":"https:\/\/moto-oprema.com\/de\/wp-json\/wp\/v2\/types\/product"}],"replies":[{"embeddable":true,"href":"https:\/\/moto-oprema.com\/de\/wp-json\/wp\/v2\/comments?post=109015"}],"wp:featuredmedia":[{"embeddable":true,"href":"https:\/\/moto-oprema.com\/de\/wp-json\/wp\/v2\/media\/15484"}],"wp:attachment":[{"href":"https:\/\/moto-oprema.com\/de\/wp-json\/wp\/v2\/media?parent=109015"}],"wp:term":[{"taxonomy":"brand","embeddable":true,"href":"https:\/\/moto-oprema.com\/de\/wp-json\/wp\/v2\/brand?post=109015"},{"taxonomy":"gender","embeddable":true,"href":"https:\/\/moto-oprema.com\/de\/wp-json\/wp\/v2\/gender?post=109015"},{"taxonomy":"product_brand","embeddable":true,"href":"https:\/\/moto-oprema.com\/de\/wp-json\/wp\/v2\/product_brand?post=109015"},{"taxonomy":"product_cat","embeddable":true,"href":"https:\/\/moto-oprema.com\/de\/wp-json\/wp\/v2\/product_cat?post=109015"},{"taxonomy":"product_tag","embeddable":true,"href":"https:\/\/moto-oprema.com\/de\/wp-json\/wp\/v2\/product_tag?post=109015"}],"curies":[{"name":"wp","href":"https:\/\/api.w.org\/{rel}","templated":true}]}}