{"id":108932,"date":"2022-01-04T09:25:31","date_gmt":"2022-01-04T09:25:31","guid":{"rendered":"https:\/\/moto-oprema.com\/Artikel\/leatt-velocity-5-5-abrollbrille-rot\/"},"modified":"2022-01-04T09:25:31","modified_gmt":"2022-01-04T09:25:31","slug":"leatt-velocity-5-5-abrollbrille-rot","status":"publish","type":"product","link":"https:\/\/moto-oprema.com\/de\/Artikel\/leatt-velocity-5-5-abrollbrille-rot\/","title":{"rendered":"LEATT VELOCITY 5.5 ABROLLBRILLE ROT"},"content":{"rendered":"<p>Velocity 5.5 ist kugelsicher &#8211; im wahrsten Sinne des Wortes. Es wurde nach milit\u00e4rischen ballistischen Standards auf Aufprall getestet und sorgt daf\u00fcr, dass Ihre Sicht jederzeit klar und gesch\u00fctzt ist, ganz gleich, was vom Boden oder von der Person vor Ihnen geworfen wird. <\/p>\n<p>Das WideVision (170\u00b0) Anti-Beschlag-Glas bietet eine optimale Sicht auf die Front und die Umgebung. Au\u00dferdem ist die Brille dank des Abrei\u00dfsystems auch f\u00fcr schlammige Mountainbiketage geeignet. Die Passform der Brille wird den Tr\u00e4gern gefallen, w\u00e4hrend die breiten Streben, das Drehsystem und das 45-mm-Anti-Rutsch-Band perfekt zu fast allen Helmen passen.  <\/p>\n<p>Wenn Sie schwitzen, sorgen der dreilagige Schaumstoff mit doppelter Dichte und das Anti-Schwei\u00df-Vlies f\u00fcr maximalen Komfort und verhindern, dass Schwei\u00df in Ihre Augen gelangt. Die Velocity 5.5 ist ein Muss f\u00fcr alle Enduro-, Downhill- und Mountainbike-Fahrer. <\/p>\n<p>CE-gepr\u00fcft und zertifiziert nach EN 1938:2010<\/p>\n","protected":false},"excerpt":{"rendered":"<p>RED CLEAR 83%<\/p>\n","protected":false},"featured_media":15722,"comment_status":"open","ping_status":"open","template":"","meta":{"_acf_changed":false},"brand":[2121],"gender":[2173],"product_brand":[],"product_cat":[2028,2075,2660,2182],"product_tag":[],"class_list":{"0":"post-108932","1":"product","2":"type-product","3":"status-publish","4":"has-post-thumbnail","6":"brand-leatt-de","7":"gender-unisex-de","8":"product_cat-motocross-ausrustung","9":"product_cat-mtb-radfahren-ausrustung","10":"product_cat-mtb-schutzbrille","11":"product_cat-mx-brille","13":"first","14":"instock","15":"taxable","16":"shipping-taxable","17":"purchasable","18":"product-type-simple"},"acf":[],"_links":{"self":[{"href":"https:\/\/moto-oprema.com\/de\/wp-json\/wp\/v2\/product\/108932","targetHints":{"allow":["GET"]}}],"collection":[{"href":"https:\/\/moto-oprema.com\/de\/wp-json\/wp\/v2\/product"}],"about":[{"href":"https:\/\/moto-oprema.com\/de\/wp-json\/wp\/v2\/types\/product"}],"replies":[{"embeddable":true,"href":"https:\/\/moto-oprema.com\/de\/wp-json\/wp\/v2\/comments?post=108932"}],"wp:featuredmedia":[{"embeddable":true,"href":"https:\/\/moto-oprema.com\/de\/wp-json\/wp\/v2\/media\/15722"}],"wp:attachment":[{"href":"https:\/\/moto-oprema.com\/de\/wp-json\/wp\/v2\/media?parent=108932"}],"wp:term":[{"taxonomy":"brand","embeddable":true,"href":"https:\/\/moto-oprema.com\/de\/wp-json\/wp\/v2\/brand?post=108932"},{"taxonomy":"gender","embeddable":true,"href":"https:\/\/moto-oprema.com\/de\/wp-json\/wp\/v2\/gender?post=108932"},{"taxonomy":"product_brand","embeddable":true,"href":"https:\/\/moto-oprema.com\/de\/wp-json\/wp\/v2\/product_brand?post=108932"},{"taxonomy":"product_cat","embeddable":true,"href":"https:\/\/moto-oprema.com\/de\/wp-json\/wp\/v2\/product_cat?post=108932"},{"taxonomy":"product_tag","embeddable":true,"href":"https:\/\/moto-oprema.com\/de\/wp-json\/wp\/v2\/product_tag?post=108932"}],"curies":[{"name":"wp","href":"https:\/\/api.w.org\/{rel}","templated":true}]}}