{"id":108532,"date":"2023-04-13T04:29:44","date_gmt":"2023-04-13T04:29:44","guid":{"rendered":"https:\/\/moto-oprema.com\/Artikel\/alpinestars-gp-force-v2-smx-s-sp-8-v3\/"},"modified":"2023-04-13T04:29:44","modified_gmt":"2023-04-13T04:29:44","slug":"alpinestars-gp-force-v2-smx-s-sp-8-v3","status":"publish","type":"product","link":"https:\/\/moto-oprema.com\/de\/Artikel\/alpinestars-gp-force-v2-smx-s-sp-8-v3\/","title":{"rendered":"ALPINESTARS GP FORCE V2 + SMX S + SP-8 V3"},"content":{"rendered":"<p>*1 Alpinestars GP FORCE V2 Tr\u00e4gerhose<br \/>\n*2 Alpinestars SMX-S Stiefel<br \/>\n*3 Alpinestars SP-8 V3 Handschuhe<\/p>\n<p>Geeignetes Kit f\u00fcr den normalen Stra\u00dfenverkehr. Nat\u00fcrlich kann es auch mit anderen Modellen kombiniert werden und der Preis wird dann entsprechend angepasst (mit Rabatt). <\/p>\n<p>*1<br \/>\nDer zweiteilige Alpinestars GP FORCE Phantom Anzug ist vielseitig und bequem. Er ist aus hochwertigem Leder gefertigt und verf\u00fcgt \u00fcber eine Reihe von CE-zertifizierten Protektoren und anderen Funktionen, die Ihren Komfort und Ihre Sicherheit gew\u00e4hrleisten. Au\u00dferdem verf\u00fcgt er \u00fcber zahlreiche Stretcheins\u00e4tze f\u00fcr eine bessere Passform. Der Anzug eignet sich gut f\u00fcr Leistungsfahrer, ist aber auch vielseitig f\u00fcr normale Stra\u00dfenfahrten einsetzbar.   <\/p>\n<p>*2<br \/>\nDie Alpinestars SMX-S Stiefel wurden entwickelt, um sowohl auf der Rennstrecke als auch auf normalen Stra\u00dfen gefahren zu werden. Er verf\u00fcgt \u00fcber ein neu gestaltetes Obermaterial, das Ihnen noch mehr Flexibilit\u00e4t bietet. Dar\u00fcber hinaus beinhaltet der Stiefel die neuesten Alpinestars Entdeckungen im Bereich der Fu\u00dfbekleidung. Jede Komponente des SMX-S Stiefels, der CE-zertifiziert ist, wurde sorgf\u00e4ltig entwickelt, um dem Fahrer einen Vorteil in Sachen Sicherheit, Ergonomie und Leistung w\u00e4hrend der Fahrt zu bieten.   <\/p>\n<p>*3<br \/>\nDie Alpinestars SP-8 V3 CE-zertifizierten Handschuhe sind aus hoch abriebfestem Leder gefertigt. Die Fingerkn\u00f6chel sind durch einen Polymerprotektor gesch\u00fctzt. Neben dem hohen Schutzniveau bieten die SP-8 V2 Handschuhe auch Bewegungsfreiheit und Sto\u00dffestigkeit. Die Finger sind vorgeformt und mit einem Klettverschluss versehen. Auf der Handfl\u00e4che und dem Daumen finden Sie einen neuen anatomisch geformten Einsatz f\u00fcr besseren Grip.<\/p>\n","protected":false},"excerpt":{"rendered":"<p>*1 Alpinestars GP FORCE V2 Tr\u00e4gerhose *2 Alpinestars SMX-S Stiefel *3 Alpinestars SP-8 V3 Handschuhe Geeignetes&#8230;<\/p>\n","protected":false},"featured_media":20856,"comment_status":"open","ping_status":"open","template":"","meta":{"_acf_changed":false},"brand":[2111],"gender":[],"product_brand":[],"product_cat":[2175,1357],"product_tag":[],"class_list":{"0":"post-108532","1":"product","2":"type-product","3":"status-publish","4":"has-post-thumbnail","6":"brand-alpinestars-de","7":"product_cat-2-teilige-latzhose","8":"product_cat-ausrustung-fur-motorradfahrer","9":"pa_size-48-de","10":"pa_size-50-de","11":"pa_size-52-de","12":"pa_size-54-de","13":"pa_size-56-de","14":"pa_size-58-de","15":"pa_size-60-de","16":"pa_velikost-rokavice-2-l-de","17":"pa_velikost-rokavice-2-m-de","18":"pa_velikost-rokavice-2-s-de","19":"pa_velikost-rokavice-2-xl-de","20":"pa_velikost-rokavice-2-xxl-de","21":"pa_velikost-skornji-2-38-de","22":"pa_velikost-skornji-2-39-de","23":"pa_velikost-skornji-2-40-de","24":"pa_velikost-skornji-2-41-de","25":"pa_velikost-skornji-2-42-de","26":"pa_velikost-skornji-2-43-de","27":"pa_velikost-skornji-2-45-de","28":"pa_velikost-skornji-2-46-de","30":"first","31":"onbackorder","32":"sale","33":"taxable","34":"shipping-taxable","35":"purchasable","36":"product-type-variable"},"acf":[],"_links":{"self":[{"href":"https:\/\/moto-oprema.com\/de\/wp-json\/wp\/v2\/product\/108532","targetHints":{"allow":["GET"]}}],"collection":[{"href":"https:\/\/moto-oprema.com\/de\/wp-json\/wp\/v2\/product"}],"about":[{"href":"https:\/\/moto-oprema.com\/de\/wp-json\/wp\/v2\/types\/product"}],"replies":[{"embeddable":true,"href":"https:\/\/moto-oprema.com\/de\/wp-json\/wp\/v2\/comments?post=108532"}],"wp:featuredmedia":[{"embeddable":true,"href":"https:\/\/moto-oprema.com\/de\/wp-json\/wp\/v2\/media\/20856"}],"wp:attachment":[{"href":"https:\/\/moto-oprema.com\/de\/wp-json\/wp\/v2\/media?parent=108532"}],"wp:term":[{"taxonomy":"brand","embeddable":true,"href":"https:\/\/moto-oprema.com\/de\/wp-json\/wp\/v2\/brand?post=108532"},{"taxonomy":"gender","embeddable":true,"href":"https:\/\/moto-oprema.com\/de\/wp-json\/wp\/v2\/gender?post=108532"},{"taxonomy":"product_brand","embeddable":true,"href":"https:\/\/moto-oprema.com\/de\/wp-json\/wp\/v2\/product_brand?post=108532"},{"taxonomy":"product_cat","embeddable":true,"href":"https:\/\/moto-oprema.com\/de\/wp-json\/wp\/v2\/product_cat?post=108532"},{"taxonomy":"product_tag","embeddable":true,"href":"https:\/\/moto-oprema.com\/de\/wp-json\/wp\/v2\/product_tag?post=108532"}],"curies":[{"name":"wp","href":"https:\/\/api.w.org\/{rel}","templated":true}]}}