{"id":108241,"date":"2023-04-13T04:32:03","date_gmt":"2023-04-13T04:32:03","guid":{"rendered":"https:\/\/moto-oprema.com\/Artikel\/alpinestars-missile-v2-smx-plus-v2-gp-pro-r3\/"},"modified":"2023-04-13T04:32:03","modified_gmt":"2023-04-13T04:32:03","slug":"alpinestars-missile-v2-smx-plus-v2-gp-pro-r3","status":"publish","type":"product","link":"https:\/\/moto-oprema.com\/de\/Artikel\/alpinestars-missile-v2-smx-plus-v2-gp-pro-r3\/","title":{"rendered":"ALPINESTARS MISSILE V2 + SMX PLUS V2 + GP PRO R3"},"content":{"rendered":"<p>*1 Alpinestars MISSILE V2 Tr\u00e4gerhose<br \/>\n*2 Alpinestars SMX PLUS V2 Stiefel<br \/>\n*3 Alpinestars GP PRO R3 Handschuhe<\/p>\n<p>Geeignetes Kit f\u00fcr den normalen Stra\u00dfenverkehr. Nat\u00fcrlich kann es auch mit anderen Modellen kombiniert werden und der Preis wird dann entsprechend angepasst (mit Rabatt). <\/p>\n<p>*1<br \/>\n<span class=\"VIiyi\" lang=\"sl\"><span class=\"JLqJ4b\">Der zweiteilige Leder-Rennanzug Missile v2 bietet optimale Abriebfestigkeit und gleichzeitig ein hohes Ma\u00df an aktivem Schutz im Rennsport. Dieser Anzug ist mit der Tech-Air\u00ae Technologie kompatibel und kann das Tech-Air\u00ae 10 Airbagsystem aufnehmen, zusammen mit einem erweiterten H\u00fcftschutz.<\/span><\/span><\/p>\n<p>*2<\/p>\n<p><strong>Alpinestars SMX Plus V2 Sportstiefel.<br \/>\n<\/strong><\/p>\n<div id=\"tw-target-text-container\" class=\"tw-ta-container tw-nfl\">\n<p><span lang=\"sl\">Hervorragender Schutz, maximale Flexibilit\u00e4t, verbesserte Abriebfestigkeit, Bewegungsfreiheit, Bel\u00fcftungs\u00f6ffnungen, austauschbarer Zehen- und Fersenschuh, CE-zertifiziert.<\/span><\/p>\n<\/div>\n<p>*3<br \/>\nDie GP Pro R3 Handschuhe bieten mit ihrem ergonomischen Design und anatomisch geformten Details den besten Schutz und Komfort. Der GP Pro R3 wurde auf MotoGP- und WSBK-Driftstrecken getestet und verf\u00fcgt \u00fcber Alpinestars exklusive Dynamic Friction Shield-Handschuhe, die eine bessere Luftzirkulation erm\u00f6glichen. Mit ihnen sind Sie bereit f\u00fcr Ihren besten Tag auf der Strecke.<\/p>\n","protected":false},"excerpt":{"rendered":"<p>*1 Alpinestars MISSILE V2 Tr\u00e4gerhose *2 Alpinestars SMX PLUS V2 Stiefel *3 Alpinestars GP PRO R3&#8230;<\/p>\n","protected":false},"featured_media":108242,"comment_status":"open","ping_status":"closed","template":"","meta":{"_acf_changed":false},"brand":[2111],"gender":[],"product_brand":[],"product_cat":[2175,1357],"product_tag":[],"class_list":{"0":"post-108241","1":"product","2":"type-product","3":"status-publish","4":"has-post-thumbnail","6":"brand-alpinestars-de","7":"product_cat-2-teilige-latzhose","8":"product_cat-ausrustung-fur-motorradfahrer","9":"pa_size-48-de","10":"pa_size-50-de","11":"pa_size-52-de","12":"pa_size-54-de","13":"pa_size-56-de","14":"pa_size-58-de","15":"pa_size-60-de","16":"pa_velikost-rokavice-2-l-de","17":"pa_velikost-rokavice-2-m-de","18":"pa_velikost-rokavice-2-s-de","19":"pa_velikost-rokavice-2-xl-de","20":"pa_velikost-rokavice-2-xxl-de","21":"pa_velikost-skornji-2-38-de","22":"pa_velikost-skornji-2-39-de","23":"pa_velikost-skornji-2-40-de","24":"pa_velikost-skornji-2-41-de","25":"pa_velikost-skornji-2-42-de","26":"pa_velikost-skornji-2-43-de","27":"pa_velikost-skornji-2-44-de","28":"pa_velikost-skornji-2-45-de","29":"pa_velikost-skornji-2-46-de","31":"first","32":"onbackorder","33":"sale","34":"taxable","35":"shipping-taxable","36":"purchasable","37":"product-type-variable"},"acf":[],"_links":{"self":[{"href":"https:\/\/moto-oprema.com\/de\/wp-json\/wp\/v2\/product\/108241","targetHints":{"allow":["GET"]}}],"collection":[{"href":"https:\/\/moto-oprema.com\/de\/wp-json\/wp\/v2\/product"}],"about":[{"href":"https:\/\/moto-oprema.com\/de\/wp-json\/wp\/v2\/types\/product"}],"replies":[{"embeddable":true,"href":"https:\/\/moto-oprema.com\/de\/wp-json\/wp\/v2\/comments?post=108241"}],"wp:featuredmedia":[{"embeddable":true,"href":"https:\/\/moto-oprema.com\/de\/wp-json\/wp\/v2\/media\/108242"}],"wp:attachment":[{"href":"https:\/\/moto-oprema.com\/de\/wp-json\/wp\/v2\/media?parent=108241"}],"wp:term":[{"taxonomy":"brand","embeddable":true,"href":"https:\/\/moto-oprema.com\/de\/wp-json\/wp\/v2\/brand?post=108241"},{"taxonomy":"gender","embeddable":true,"href":"https:\/\/moto-oprema.com\/de\/wp-json\/wp\/v2\/gender?post=108241"},{"taxonomy":"product_brand","embeddable":true,"href":"https:\/\/moto-oprema.com\/de\/wp-json\/wp\/v2\/product_brand?post=108241"},{"taxonomy":"product_cat","embeddable":true,"href":"https:\/\/moto-oprema.com\/de\/wp-json\/wp\/v2\/product_cat?post=108241"},{"taxonomy":"product_tag","embeddable":true,"href":"https:\/\/moto-oprema.com\/de\/wp-json\/wp\/v2\/product_tag?post=108241"}],"curies":[{"name":"wp","href":"https:\/\/api.w.org\/{rel}","templated":true}]}}