{"id":108197,"date":"2023-01-26T10:32:06","date_gmt":"2023-01-26T10:32:06","guid":{"rendered":"https:\/\/moto-oprema.com\/Artikel\/alpinestars-t-sp-1-wp-schwarz-fluo-gelb\/"},"modified":"2023-01-26T10:32:06","modified_gmt":"2023-01-26T10:32:06","slug":"alpinestars-t-sp-1-wp-schwarz-fluo-gelb","status":"publish","type":"product","link":"https:\/\/moto-oprema.com\/de\/Artikel\/alpinestars-t-sp-1-wp-schwarz-fluo-gelb\/","title":{"rendered":"ALPINESTARS T-SP 1 WP SCHWARZ FLUO GELB"},"content":{"rendered":"<p>Die Alpinestars T-SP-1 Waterproof Jacket verf\u00fcgt \u00fcber verst\u00e4rkte Gewebe an strategischen Stellen und ein fortschrittliches Polycanvas-Hauptmaterial f\u00fcr hohe Rei\u00df- und Abriebfestigkeit. Die T-SP-1 Waterproof ist ideal f\u00fcr eine Vielzahl von Wetterbedingungen und verf\u00fcgt \u00fcber eine wasserdichte Membran, Bel\u00fcftungs\u00f6ffnungen mit Rei\u00dfverschluss und ein herausnehmbares Thermofutter in der gesamten Jacke. Die T-SP-1 Waterproof Jacket verf\u00fcgt \u00fcber einen klassenf\u00fchrenden Innenschutz und die Option, sie mit Alpinestars Nucleon Brust- und R\u00fcckenschutz aufzur\u00fcsten.  <\/p>\n<p>Details<\/p>\n<ul>\n<li>  Mehrteilige, fortschrittliche Polycanvas-Au\u00dfenhautkonstruktion mit abriebfestem Material in strategischen Bereichen<\/li>\n<li>  Klettverschluss an der Taille f\u00fcr bessere Passform<\/li>\n<li>  Zwei Rei\u00dfverschlusstaschen zur Aufbewahrung kleiner Gegenst\u00e4nde und eine wasserdichte Innentasche auf der Vorderseite<\/li>\n<li>  G\u00fcrtelrei\u00dfverschluss zur Befestigung an Alpinestars Hosen<\/li>\n<li>  Aufgestickte Logos f\u00fcr einen einzigartigen Stil<\/li>\n<li>  Niedriger Kragen mit 3D-texturiertem Komfortgewebe am Krageninnenfutter<\/li>\n<li>  Geformte \u00c4rmelkonstruktion reduziert Erm\u00fcdung<\/li>\n<li>  Reflektierende Details machen den Fahrer f\u00fcr andere Verkehrsteilnehmer besser sichtbar.<\/li>\n<li>  Brustpolster und R\u00fcckenf\u00e4cher (Alpinestars Nucleon Brustpolster und Nucleon R\u00fcckenpolster sind als Zubeh\u00f6r erh\u00e4ltlich)<\/li>\n<li>  Bio Armour Schulter- und Ellbogenschoner<\/li>\n<li>  Komfortabler Saum aus Mikrofaser am Kragen<\/li>\n<\/ul>\n<p>100% Polyester<\/p>\n","protected":false},"excerpt":{"rendered":"<p>Alpinestars T-SP-1 wasserdichte Jacke Farbe: Schwarz-Fluo Gelb<\/p>\n","protected":false},"featured_media":20549,"comment_status":"open","ping_status":"closed","template":"","meta":{"_acf_changed":false},"brand":[2111],"gender":[],"product_brand":[],"product_cat":[1357,2045,2048],"product_tag":[],"class_list":{"0":"post-108197","1":"product","2":"type-product","3":"status-publish","4":"has-post-thumbnail","6":"brand-alpinestars-de","7":"product_cat-ausrustung-fur-motorradfahrer","8":"product_cat-jakne-de","9":"product_cat-textil-jacken","10":"pa_size-l-de","11":"pa_size-m-de","12":"pa_size-s-de","13":"pa_size-xl-de","14":"pa_size-xxl-de","16":"first","17":"outofstock","18":"sale","19":"taxable","20":"shipping-taxable","21":"purchasable","22":"product-type-variable"},"acf":[],"_links":{"self":[{"href":"https:\/\/moto-oprema.com\/de\/wp-json\/wp\/v2\/product\/108197","targetHints":{"allow":["GET"]}}],"collection":[{"href":"https:\/\/moto-oprema.com\/de\/wp-json\/wp\/v2\/product"}],"about":[{"href":"https:\/\/moto-oprema.com\/de\/wp-json\/wp\/v2\/types\/product"}],"replies":[{"embeddable":true,"href":"https:\/\/moto-oprema.com\/de\/wp-json\/wp\/v2\/comments?post=108197"}],"wp:featuredmedia":[{"embeddable":true,"href":"https:\/\/moto-oprema.com\/de\/wp-json\/wp\/v2\/media\/20549"}],"wp:attachment":[{"href":"https:\/\/moto-oprema.com\/de\/wp-json\/wp\/v2\/media?parent=108197"}],"wp:term":[{"taxonomy":"brand","embeddable":true,"href":"https:\/\/moto-oprema.com\/de\/wp-json\/wp\/v2\/brand?post=108197"},{"taxonomy":"gender","embeddable":true,"href":"https:\/\/moto-oprema.com\/de\/wp-json\/wp\/v2\/gender?post=108197"},{"taxonomy":"product_brand","embeddable":true,"href":"https:\/\/moto-oprema.com\/de\/wp-json\/wp\/v2\/product_brand?post=108197"},{"taxonomy":"product_cat","embeddable":true,"href":"https:\/\/moto-oprema.com\/de\/wp-json\/wp\/v2\/product_cat?post=108197"},{"taxonomy":"product_tag","embeddable":true,"href":"https:\/\/moto-oprema.com\/de\/wp-json\/wp\/v2\/product_tag?post=108197"}],"curies":[{"name":"wp","href":"https:\/\/api.w.org\/{rel}","templated":true}]}}