{"id":108122,"date":"2022-10-24T11:02:51","date_gmt":"2022-10-24T11:02:51","guid":{"rendered":"https:\/\/moto-oprema.com\/Artikel\/fox-brille-vue-stray-grau-rot\/"},"modified":"2022-10-24T11:02:51","modified_gmt":"2022-10-24T11:02:51","slug":"fox-brille-vue-stray-grau-rot","status":"publish","type":"product","link":"https:\/\/moto-oprema.com\/de\/Artikel\/fox-brille-vue-stray-grau-rot\/","title":{"rendered":"FOX BRILLE VUE STRAY GRAU ROT"},"content":{"rendered":"<p>Gro\u00dfe Blende f\u00fcr exzellente periphere Sicht<br \/> Eingespritzte Polycarbonat-Scheibe f\u00fcr optische Klarheit und Schmutzabweisung<br \/> TruLock\u2122-System f\u00fcr schnellen und einfachen Scheibenwechsel<br \/> Weiches TPU-Gesichtspolster f\u00fcr eine perfekte Anpassung an Ihre Gesichtsform f\u00fcr verbesserten Komfort<br \/> ABS\/Nylon-Au\u00dfenrahmen f\u00fcr erh\u00f6hte Schmutzresistenz und Robustheit<br \/> 360-Ventilationssystem f\u00fcr optimierte Luftzirkulation f\u00fcr k\u00fchlen Komfort und Anti-Tau<br \/> 45 mm silikonbeschichtetes Band f\u00fcr erstklassigen Halt am Helm<br \/> 3-Lagen geformter Schaumstoff f\u00fcr Feuchtigkeitstransport und bequemen Sitz<br \/> Inklusive abrei\u00dfbarer Visiere<\/p>\n<p>LINSENTECHNOLOGIE<\/p>\n<p>  UVA- und UVB-Schutz<br \/> Geformtes Design f\u00fcr au\u00dfergew\u00f6hnliche optische Klarheit<br \/> Erf\u00fcllt die Normen ANSI Z87.1-2010 und DIN-EN 1938:2010 f\u00fcr Sto\u00dffestigkeit<br \/> Antibeschlagbeschichtung<br \/> Spritzgegossenes Glas in dunkelgrauer Farbe<\/p>\n","protected":false},"excerpt":{"rendered":"<p>Visier transparent &#8211; verspiegelt<\/p>\n","protected":false},"featured_media":20238,"comment_status":"open","ping_status":"open","template":"","meta":{"_acf_changed":false},"brand":[2115],"gender":[2173],"product_brand":[],"product_cat":[2028,2182],"product_tag":[],"class_list":{"0":"post-108122","1":"product","2":"type-product","3":"status-publish","4":"has-post-thumbnail","6":"brand-fox-de","7":"gender-unisex-de","8":"product_cat-motocross-ausrustung","9":"product_cat-mx-brille","11":"first","12":"onbackorder","13":"taxable","14":"shipping-taxable","15":"purchasable","16":"product-type-simple"},"acf":[],"_links":{"self":[{"href":"https:\/\/moto-oprema.com\/de\/wp-json\/wp\/v2\/product\/108122","targetHints":{"allow":["GET"]}}],"collection":[{"href":"https:\/\/moto-oprema.com\/de\/wp-json\/wp\/v2\/product"}],"about":[{"href":"https:\/\/moto-oprema.com\/de\/wp-json\/wp\/v2\/types\/product"}],"replies":[{"embeddable":true,"href":"https:\/\/moto-oprema.com\/de\/wp-json\/wp\/v2\/comments?post=108122"}],"wp:featuredmedia":[{"embeddable":true,"href":"https:\/\/moto-oprema.com\/de\/wp-json\/wp\/v2\/media\/20238"}],"wp:attachment":[{"href":"https:\/\/moto-oprema.com\/de\/wp-json\/wp\/v2\/media?parent=108122"}],"wp:term":[{"taxonomy":"brand","embeddable":true,"href":"https:\/\/moto-oprema.com\/de\/wp-json\/wp\/v2\/brand?post=108122"},{"taxonomy":"gender","embeddable":true,"href":"https:\/\/moto-oprema.com\/de\/wp-json\/wp\/v2\/gender?post=108122"},{"taxonomy":"product_brand","embeddable":true,"href":"https:\/\/moto-oprema.com\/de\/wp-json\/wp\/v2\/product_brand?post=108122"},{"taxonomy":"product_cat","embeddable":true,"href":"https:\/\/moto-oprema.com\/de\/wp-json\/wp\/v2\/product_cat?post=108122"},{"taxonomy":"product_tag","embeddable":true,"href":"https:\/\/moto-oprema.com\/de\/wp-json\/wp\/v2\/product_tag?post=108122"}],"curies":[{"name":"wp","href":"https:\/\/api.w.org\/{rel}","templated":true}]}}