{"id":108110,"date":"2023-01-16T09:40:30","date_gmt":"2023-01-16T09:40:30","guid":{"rendered":"https:\/\/moto-oprema.com\/Artikel\/rostige-stiche-stevie-jakna\/"},"modified":"2023-01-16T09:40:30","modified_gmt":"2023-01-16T09:40:30","slug":"rostige-stiche-stevie-jakna","status":"publish","type":"product","link":"https:\/\/moto-oprema.com\/de\/Artikel\/rostige-stiche-stevie-jakna\/","title":{"rendered":"Rostige Stiche Stevie Jakna"},"content":{"rendered":"<div class=\"col-xs-12 col-sm-8\">\n<div class=\"article-text cms\">\n<p>Die Rusty Stitches Jari ist eine hochwertige Motorradjacke im abgenutzten Retro-Look, mit Innenfutter und Bel\u00fcftungsl\u00f6chern.<\/p>\n<p><strong>Rusty Stitches Jacke Jari:<\/strong><\/div>\n<div class=\"article-text cms\"><\/p>\n<ul>\n<li>100% Rindsleder,<\/li>\n<li>verstellbares Thermo-Innenfutter aus 100% Polyester,<\/li>\n<li>2 Innentaschen,<\/li>\n<li>2 Au\u00dfentaschen,<\/li>\n<li>2 Bel\u00fcftungs\u00f6ffnungen auf der Brust,<\/li>\n<li>zertifizierte Besch\u00fctzer,<\/li>\n<li>eine \u00d6ffnung auf der R\u00fcckseite f\u00fcr den R\u00fcckenprotektor.<\/li>\n<\/ul>\n<\/div>\n<\/div>\n","protected":false},"excerpt":{"rendered":"<p>Farbe: Grau &#8211; Blau<\/p>\n","protected":false},"featured_media":20412,"comment_status":"open","ping_status":"closed","template":"","meta":{"_acf_changed":false},"brand":[],"gender":[],"product_brand":[],"product_cat":[1357,2045,2228],"product_tag":[],"class_list":{"0":"post-108110","1":"product","2":"type-product","3":"status-publish","4":"has-post-thumbnail","6":"product_cat-ausrustung-fur-motorradfahrer","7":"product_cat-jakne-de","8":"product_cat-lederjacken","9":"pa_velikost-st-l-de","11":"first","12":"outofstock","13":"sale","14":"taxable","15":"shipping-taxable","16":"purchasable","17":"product-type-variable"},"acf":[],"_links":{"self":[{"href":"https:\/\/moto-oprema.com\/de\/wp-json\/wp\/v2\/product\/108110","targetHints":{"allow":["GET"]}}],"collection":[{"href":"https:\/\/moto-oprema.com\/de\/wp-json\/wp\/v2\/product"}],"about":[{"href":"https:\/\/moto-oprema.com\/de\/wp-json\/wp\/v2\/types\/product"}],"replies":[{"embeddable":true,"href":"https:\/\/moto-oprema.com\/de\/wp-json\/wp\/v2\/comments?post=108110"}],"wp:featuredmedia":[{"embeddable":true,"href":"https:\/\/moto-oprema.com\/de\/wp-json\/wp\/v2\/media\/20412"}],"wp:attachment":[{"href":"https:\/\/moto-oprema.com\/de\/wp-json\/wp\/v2\/media?parent=108110"}],"wp:term":[{"taxonomy":"brand","embeddable":true,"href":"https:\/\/moto-oprema.com\/de\/wp-json\/wp\/v2\/brand?post=108110"},{"taxonomy":"gender","embeddable":true,"href":"https:\/\/moto-oprema.com\/de\/wp-json\/wp\/v2\/gender?post=108110"},{"taxonomy":"product_brand","embeddable":true,"href":"https:\/\/moto-oprema.com\/de\/wp-json\/wp\/v2\/product_brand?post=108110"},{"taxonomy":"product_cat","embeddable":true,"href":"https:\/\/moto-oprema.com\/de\/wp-json\/wp\/v2\/product_cat?post=108110"},{"taxonomy":"product_tag","embeddable":true,"href":"https:\/\/moto-oprema.com\/de\/wp-json\/wp\/v2\/product_tag?post=108110"}],"curies":[{"name":"wp","href":"https:\/\/api.w.org\/{rel}","templated":true}]}}