{"id":108090,"date":"2023-04-25T07:21:20","date_gmt":"2023-04-25T07:21:20","guid":{"rendered":"https:\/\/moto-oprema.com\/Artikel\/dainese-dry-balaclava-kapuze\/"},"modified":"2023-04-25T07:21:20","modified_gmt":"2023-04-25T07:21:20","slug":"dainese-dry-balaclava-kapuze","status":"publish","type":"product","link":"https:\/\/moto-oprema.com\/de\/Artikel\/dainese-dry-balaclava-kapuze\/","title":{"rendered":"DAINESE DRY BALACLAVA &#8211; KAPUZE"},"content":{"rendered":"<div id=\"tab-product-description-original\" class=\"ui-tabs-panel ui-widget-content ui-corner-bottom\">\n<div class=\"description\">Widerstandsf\u00e4hige und atmungsaktive Kapuze f\u00fcr maximalen Komfort auch unter Ihrem Helm.<\/div>\n<div>\n<p>Die Dainese Dry Balaclava ist eine robuste und atmungsaktive Sturmhaube zum Schutz vor Wind. Dank der Verwendung von wasserabweisendem Dryarn-Gewebe, <\/p>\n<p>Die Dry Balaclava reguliert die Transpiration optimal, so dass der Unterarm immer trocken bleibt und f\u00fcr Frische und Komfort sorgt. Die Dry Balaclava ist aus atmungsaktivem Stretchmaterial gefertigt, das Gesicht und Hals vollst\u00e4ndig bedeckt und perfekt f\u00fcr den ganzj\u00e4hrigen Gebrauch geeignet ist. <\/p>\n<p>Merkmale:<\/p>\n<p>Rei\u00df- und peelresistent<br \/>\nKomfortzonen an den Ohren<br \/>\nNahtlose Konstruktion f\u00fcr maximalen Komfort<br \/>\n100% recyclebare umweltfreundliche Fasern<br \/>\nMaximale Bel\u00fcftung<br \/>\nRohstoffzusammensetzung:<br \/>\n95% Polypropylen, 5% Elastan<\/p>\n<\/div>\n<\/div>\n","protected":false},"excerpt":{"rendered":"<p>Widerstandsf\u00e4hige und atmungsaktive Kapuze f\u00fcr maximalen Komfort auch unter Ihrem Helm.<\/p>\n","protected":false},"featured_media":21452,"comment_status":"open","ping_status":"open","template":"","meta":{"_acf_changed":false},"brand":[2113],"gender":[],"product_brand":[],"product_cat":[1357,2208,2212],"product_tag":[],"class_list":{"0":"post-108090","1":"product","2":"type-product","3":"status-publish","4":"has-post-thumbnail","6":"brand-dainese-de","7":"product_cat-ausrustung-fur-motorradfahrer","8":"product_cat-funktionskleidung-und-unterwasche","9":"product_cat-unterkappen","11":"first","12":"onbackorder","13":"taxable","14":"shipping-taxable","15":"purchasable","16":"product-type-simple"},"acf":[],"_links":{"self":[{"href":"https:\/\/moto-oprema.com\/de\/wp-json\/wp\/v2\/product\/108090","targetHints":{"allow":["GET"]}}],"collection":[{"href":"https:\/\/moto-oprema.com\/de\/wp-json\/wp\/v2\/product"}],"about":[{"href":"https:\/\/moto-oprema.com\/de\/wp-json\/wp\/v2\/types\/product"}],"replies":[{"embeddable":true,"href":"https:\/\/moto-oprema.com\/de\/wp-json\/wp\/v2\/comments?post=108090"}],"wp:featuredmedia":[{"embeddable":true,"href":"https:\/\/moto-oprema.com\/de\/wp-json\/wp\/v2\/media\/21452"}],"wp:attachment":[{"href":"https:\/\/moto-oprema.com\/de\/wp-json\/wp\/v2\/media?parent=108090"}],"wp:term":[{"taxonomy":"brand","embeddable":true,"href":"https:\/\/moto-oprema.com\/de\/wp-json\/wp\/v2\/brand?post=108090"},{"taxonomy":"gender","embeddable":true,"href":"https:\/\/moto-oprema.com\/de\/wp-json\/wp\/v2\/gender?post=108090"},{"taxonomy":"product_brand","embeddable":true,"href":"https:\/\/moto-oprema.com\/de\/wp-json\/wp\/v2\/product_brand?post=108090"},{"taxonomy":"product_cat","embeddable":true,"href":"https:\/\/moto-oprema.com\/de\/wp-json\/wp\/v2\/product_cat?post=108090"},{"taxonomy":"product_tag","embeddable":true,"href":"https:\/\/moto-oprema.com\/de\/wp-json\/wp\/v2\/product_tag?post=108090"}],"curies":[{"name":"wp","href":"https:\/\/api.w.org\/{rel}","templated":true}]}}