{"id":108080,"date":"2023-03-14T09:13:16","date_gmt":"2023-03-14T09:13:16","guid":{"rendered":"https:\/\/moto-oprema.com\/Artikel\/dainese-dry-mid-socken\/"},"modified":"2023-03-14T09:13:16","modified_gmt":"2023-03-14T09:13:16","slug":"dainese-dry-mid-socken","status":"publish","type":"product","link":"https:\/\/moto-oprema.com\/de\/Artikel\/dainese-dry-mid-socken\/","title":{"rendered":"DAINESE DRY MID SOCKEN"},"content":{"rendered":"<p>Die Dry Mid Socks sind eine mittellange Version der Dainese Dry Socks. Sie sind atmungsaktiv, v\u00f6llig ergonomisch und sorgen f\u00fcr eine gute Thermoregulierung bei mildem Wetter. Dank der Verwendung von wasserabweisendem Dryarn-Gewebe regulieren die Dry Dry Socks die Transpiration optimal und halten den K\u00f6rper jederzeit trocken &#8211; f\u00fcr garantierte Frische und Komfort.  <\/p>\n<p>Eigenschaften:<br \/>\nKn\u00f6chelst\u00fctze f\u00fcr mehr Komfort und Pr\u00e4zision beim Laufen<br \/>\nKompressionslinien zur Muskelunterst\u00fctzung: verringern die Vibration und optimieren die Blutzirkulation<br \/>\nFu\u00dfkompression f\u00fcr erh\u00f6hte Durchblutung<br \/>\nTraktion an der Sohle, um ein Rutschen im Schuh zu verhindern<br \/>\nBel\u00fcftete Mesh-Eins\u00e4tze am Fu\u00dfr\u00fccken: optimieren die Thermoregulation und Atmungsaktivit\u00e4t<\/p>\n<p>Gr\u00f6\u00dfe:<\/p>\n<p>36-38, 39-41, 42-44, 45-47<\/p>\n<p>Zusammensetzung des Rohmaterials:<\/p>\n<p>86% Polyamid, 8% Elasthan, 6% Polypropylen<\/p>\n","protected":false},"excerpt":{"rendered":"<p>Motorrad-Luftsocken erm\u00f6glichen eine optimale Blutzirkulation w\u00e4hrend der Fahrt.<\/p>\n","protected":false},"featured_media":20817,"comment_status":"open","ping_status":"closed","template":"","meta":{"_acf_changed":false},"brand":[2113],"gender":[],"product_brand":[],"product_cat":[1357,2208,2212],"product_tag":[],"class_list":{"0":"post-108080","1":"product","2":"type-product","3":"status-publish","4":"has-post-thumbnail","6":"brand-dainese-de","7":"product_cat-ausrustung-fur-motorradfahrer","8":"product_cat-funktionskleidung-und-unterwasche","9":"product_cat-unterkappen","10":"pa_velikost-st-36-38-de","11":"pa_velikost-st-39-41-de","12":"pa_velikost-st-42-44-de","13":"pa_velikost-st-45-47-de","15":"first","16":"instock","17":"taxable","18":"shipping-taxable","19":"purchasable","20":"product-type-variable"},"acf":[],"_links":{"self":[{"href":"https:\/\/moto-oprema.com\/de\/wp-json\/wp\/v2\/product\/108080","targetHints":{"allow":["GET"]}}],"collection":[{"href":"https:\/\/moto-oprema.com\/de\/wp-json\/wp\/v2\/product"}],"about":[{"href":"https:\/\/moto-oprema.com\/de\/wp-json\/wp\/v2\/types\/product"}],"replies":[{"embeddable":true,"href":"https:\/\/moto-oprema.com\/de\/wp-json\/wp\/v2\/comments?post=108080"}],"wp:featuredmedia":[{"embeddable":true,"href":"https:\/\/moto-oprema.com\/de\/wp-json\/wp\/v2\/media\/20817"}],"wp:attachment":[{"href":"https:\/\/moto-oprema.com\/de\/wp-json\/wp\/v2\/media?parent=108080"}],"wp:term":[{"taxonomy":"brand","embeddable":true,"href":"https:\/\/moto-oprema.com\/de\/wp-json\/wp\/v2\/brand?post=108080"},{"taxonomy":"gender","embeddable":true,"href":"https:\/\/moto-oprema.com\/de\/wp-json\/wp\/v2\/gender?post=108080"},{"taxonomy":"product_brand","embeddable":true,"href":"https:\/\/moto-oprema.com\/de\/wp-json\/wp\/v2\/product_brand?post=108080"},{"taxonomy":"product_cat","embeddable":true,"href":"https:\/\/moto-oprema.com\/de\/wp-json\/wp\/v2\/product_cat?post=108080"},{"taxonomy":"product_tag","embeddable":true,"href":"https:\/\/moto-oprema.com\/de\/wp-json\/wp\/v2\/product_tag?post=108080"}],"curies":[{"name":"wp","href":"https:\/\/api.w.org\/{rel}","templated":true}]}}