{"id":108066,"date":"2023-04-19T07:55:52","date_gmt":"2023-04-19T07:55:52","guid":{"rendered":"https:\/\/moto-oprema.com\/Artikel\/dainese-mig-3-air-tex-handschuhe-schwarz\/"},"modified":"2023-04-19T07:55:52","modified_gmt":"2023-04-19T07:55:52","slug":"dainese-mig-3-air-tex-handschuhe-schwarz","status":"publish","type":"product","link":"https:\/\/moto-oprema.com\/de\/Artikel\/dainese-mig-3-air-tex-handschuhe-schwarz\/","title":{"rendered":"DAINESE MIG 3 AIR TEX HANDSCHUHE SCHWARZ"},"content":{"rendered":"<p>Die Mig 3 Air Motorradhandschuhe bieten maximalen Komfort &#8211; auch an hei\u00dfen Tagen &#8211; dank ihrer unverwechselbaren Passform, Leichtigkeit und Atmungsaktivit\u00e4t dank der Struktur auf dem Handr\u00fccken, die vollst\u00e4ndig aus bel\u00fcftetem Mesh besteht. TPU-Kn\u00f6chelpolster gew\u00e4hrleisten die Sicherheitsstandards von Dainese. Eine Ikone f\u00fcr den t\u00e4glichen Gebrauch im Sommer.  <\/p>\n<p>Merkmale:<\/p>\n<p>Sommer-Motorradhandschuhe aus atmungsaktivem Netzmaterial mit TPU-Kn\u00f6chelpolstern<br \/>\nperforierter Handr\u00fccken<br \/>\nelastische Gewebeeins\u00e4tze<br \/>\nverstellbarer Riemen f\u00fcr Manschette<br \/>\nvorgekr\u00fcmmte Finger<br \/>\nsuperbequemes Handgelenk<br \/>\nelastische Eins\u00e4tze<br \/>\nDainese SmartTouch<br \/>\nMikroinjektionseins\u00e4tze an den Fingern<br \/>\nweiche Eins\u00e4tze<br \/>\nPolyurethaneins\u00e4tze an den Kn\u00f6cheln<br \/>\nverst\u00e4rkte Handfl\u00e4che<br \/>\nKategorie II &#8211; EN 13594\/2015, Norm 1. Stufe 1 <\/p>\n<p>Materialzusammensetzung:<br \/>\n80% Polyester, 17% Nylon, 3% Elastan<\/p>\n","protected":false},"excerpt":{"rendered":"<p>Die Mig 3 Air Motorradhandschuhe bieten maximalen Komfort &#8211; auch an hei\u00dfen Tagen &#8211; dank ihrer&#8230;<\/p>\n","protected":false},"featured_media":21439,"comment_status":"open","ping_status":"open","template":"","meta":{"_acf_changed":false},"brand":[2113],"gender":[],"product_brand":[],"product_cat":[1357,2086],"product_tag":[],"class_list":{"0":"post-108066","1":"product","2":"type-product","3":"status-publish","4":"has-post-thumbnail","6":"brand-dainese-de","7":"product_cat-ausrustung-fur-motorradfahrer","8":"product_cat-handschuhe","9":"pa_size-l-de","10":"pa_size-m-de","11":"pa_size-s-de","12":"pa_size-xl-de","13":"pa_size-xs-de","14":"pa_size-xxl-de","15":"pa_size-xxs-de","16":"pa_size-xxxl-de","17":"pa_size-xxxs-de","19":"first","20":"onbackorder","21":"taxable","22":"shipping-taxable","23":"purchasable","24":"product-type-variable"},"acf":[],"_links":{"self":[{"href":"https:\/\/moto-oprema.com\/de\/wp-json\/wp\/v2\/product\/108066","targetHints":{"allow":["GET"]}}],"collection":[{"href":"https:\/\/moto-oprema.com\/de\/wp-json\/wp\/v2\/product"}],"about":[{"href":"https:\/\/moto-oprema.com\/de\/wp-json\/wp\/v2\/types\/product"}],"replies":[{"embeddable":true,"href":"https:\/\/moto-oprema.com\/de\/wp-json\/wp\/v2\/comments?post=108066"}],"wp:featuredmedia":[{"embeddable":true,"href":"https:\/\/moto-oprema.com\/de\/wp-json\/wp\/v2\/media\/21439"}],"wp:attachment":[{"href":"https:\/\/moto-oprema.com\/de\/wp-json\/wp\/v2\/media?parent=108066"}],"wp:term":[{"taxonomy":"brand","embeddable":true,"href":"https:\/\/moto-oprema.com\/de\/wp-json\/wp\/v2\/brand?post=108066"},{"taxonomy":"gender","embeddable":true,"href":"https:\/\/moto-oprema.com\/de\/wp-json\/wp\/v2\/gender?post=108066"},{"taxonomy":"product_brand","embeddable":true,"href":"https:\/\/moto-oprema.com\/de\/wp-json\/wp\/v2\/product_brand?post=108066"},{"taxonomy":"product_cat","embeddable":true,"href":"https:\/\/moto-oprema.com\/de\/wp-json\/wp\/v2\/product_cat?post=108066"},{"taxonomy":"product_tag","embeddable":true,"href":"https:\/\/moto-oprema.com\/de\/wp-json\/wp\/v2\/product_tag?post=108066"}],"curies":[{"name":"wp","href":"https:\/\/api.w.org\/{rel}","templated":true}]}}