{"id":107935,"date":"2023-02-06T12:38:27","date_gmt":"2023-02-06T12:38:27","guid":{"rendered":"https:\/\/moto-oprema.com\/Artikel\/dainese-deamon-x-safety-hoodie-gruen-schwarz\/"},"modified":"2023-02-06T12:38:27","modified_gmt":"2023-02-06T12:38:27","slug":"dainese-deamon-x-safety-hoodie-gruen-schwarz","status":"publish","type":"product","link":"https:\/\/moto-oprema.com\/de\/Artikel\/dainese-deamon-x-safety-hoodie-gruen-schwarz\/","title":{"rendered":"DAINESE DEAMON-X SAFETY HOODIE GR\u00dcN SCHWARZ"},"content":{"rendered":"<p>Der Daemon-X Kapuzenpullover ist aus weichem Stoff gefertigt und extrem bequem und vielseitig. Dank der Pro-Shape 2.0-Protektoren an den Schultern und Ellbogen, die unauff\u00e4llig und unsichtbar sind, ist er bequem und entspannt zu tragen. Der Pullover ist mit einer Innentasche und zwei Au\u00dfentaschen f\u00fcr die sichere Aufbewahrung von Kleinigkeiten ausgestattet und bietet die M\u00f6glichkeit, Bluetooth-Kopfh\u00f6rer an die Kabel der Kapuze anzuschlie\u00dfen, was das Kleidungsst\u00fcck \u00e4u\u00dferst funktionell und praktisch macht.  <\/p>\n<p>Merkmale:<\/p>\n<p>  1 Tasche im Innenfutter und 2 Au\u00dfentaschen<br \/> Kopfh\u00f6rerhalter am Ende der Kapuzenkabel<br \/> Reflektierendes Band zum Aufrollen der Kapuze bei Nichtgebrauch<br \/> Feste Kapuze<br \/> Polyester-Vliesstoff<\/p>\n<p>Technische Daten:<\/p>\n<p>  R\u00fcckenschutztasche G1 und G2<br \/> Pro-Shape 2.0 weiche Ellbogenpolster EN 1621.1 Grad 1<br \/> Pro-Shape 2.0 weiche Schulterpolster EN 1621.1 Grad 1<br \/> EN 17092, Klasse A<\/p>\n<p>Zusammensetzung des Rohmaterials:<br \/>Au\u00dfenmaterial: 100% Polyester, Innenfutter: 100% Polyester<\/p>\n","protected":false},"excerpt":{"rendered":"<p>Der Daemon-X Kapuzenpullover ist aus weichem Stoff gefertigt und extrem bequem und vielseitig. Dank der Pro-Shape&#8230;<\/p>\n","protected":false},"featured_media":107952,"comment_status":"open","ping_status":"closed","template":"","meta":{"_acf_changed":false},"brand":[2111],"gender":[],"product_brand":[],"product_cat":[1357,2045,2048],"product_tag":[],"class_list":{"0":"post-107935","1":"product","2":"type-product","3":"status-publish","4":"has-post-thumbnail","6":"brand-alpinestars-de","7":"product_cat-ausrustung-fur-motorradfahrer","8":"product_cat-jakne-de","9":"product_cat-textil-jacken","10":"pa_size-48-de","11":"pa_size-50-de","12":"pa_size-52-de","13":"pa_size-54-de","14":"pa_size-56-de","15":"pa_size-58-de","16":"pa_size-60-de","18":"first","19":"onbackorder","20":"taxable","21":"shipping-taxable","22":"purchasable","23":"product-type-variable"},"acf":[],"_links":{"self":[{"href":"https:\/\/moto-oprema.com\/de\/wp-json\/wp\/v2\/product\/107935","targetHints":{"allow":["GET"]}}],"collection":[{"href":"https:\/\/moto-oprema.com\/de\/wp-json\/wp\/v2\/product"}],"about":[{"href":"https:\/\/moto-oprema.com\/de\/wp-json\/wp\/v2\/types\/product"}],"replies":[{"embeddable":true,"href":"https:\/\/moto-oprema.com\/de\/wp-json\/wp\/v2\/comments?post=107935"}],"wp:featuredmedia":[{"embeddable":true,"href":"https:\/\/moto-oprema.com\/de\/wp-json\/wp\/v2\/media\/107952"}],"wp:attachment":[{"href":"https:\/\/moto-oprema.com\/de\/wp-json\/wp\/v2\/media?parent=107935"}],"wp:term":[{"taxonomy":"brand","embeddable":true,"href":"https:\/\/moto-oprema.com\/de\/wp-json\/wp\/v2\/brand?post=107935"},{"taxonomy":"gender","embeddable":true,"href":"https:\/\/moto-oprema.com\/de\/wp-json\/wp\/v2\/gender?post=107935"},{"taxonomy":"product_brand","embeddable":true,"href":"https:\/\/moto-oprema.com\/de\/wp-json\/wp\/v2\/product_brand?post=107935"},{"taxonomy":"product_cat","embeddable":true,"href":"https:\/\/moto-oprema.com\/de\/wp-json\/wp\/v2\/product_cat?post=107935"},{"taxonomy":"product_tag","embeddable":true,"href":"https:\/\/moto-oprema.com\/de\/wp-json\/wp\/v2\/product_tag?post=107935"}],"curies":[{"name":"wp","href":"https:\/\/api.w.org\/{rel}","templated":true}]}}