{"id":107913,"date":"2023-01-31T11:38:30","date_gmt":"2023-01-31T11:38:30","guid":{"rendered":"https:\/\/moto-oprema.com\/Artikel\/alpinestars-stella-2pc-gp-plus-schwarz-m-grau\/"},"modified":"2023-01-31T11:38:30","modified_gmt":"2023-01-31T11:38:30","slug":"alpinestars-stella-2pc-gp-plus-schwarz-m-grau","status":"publish","type":"product","link":"https:\/\/moto-oprema.com\/de\/Artikel\/alpinestars-stella-2pc-gp-plus-schwarz-m-grau\/","title":{"rendered":"ALPINESTARS STELLA 2PC GP PLUS SCHWARZ M.GRAU"},"content":{"rendered":"<p>Der Alpinestars Einteiler Stella Missile v2 bietet optimale Abriebfestigkeit und gleichzeitig ein hohes Ma\u00df an aktivem Schutz im Rennsport. Dieser Anzug ist mit der Tech-Air\u00ae Technologie kompatibel und kann das Tech-Air\u00ae 10 Airbagsystem aufnehmen, zusammen mit einem erweiterten H\u00fcftschutz.<\/p>\n<p>Merkmale:<\/p>\n<p>Der Anzug wurde entwickelt, um den h\u00f6chsten Grad an aktivem Schutz im Rennsport zu bieten. Er ist mit der Tech-Air\u00ae Technologie kompatibel und kann ein Tech-Air\u00ae 10 Airbagsystem mit erweitertem H\u00fcftschutz oder ein Tech-Air\u00ae 5 Airbagkit mit einem neuen Rennalgorithmus aufnehmen, der zum Download zur Verf\u00fcgung steht. <br \/>Die Schulter-, Ellbogen- und Knieschoner von DFS bieten optimalen Schutz vor St\u00f6\u00dfen und Abrieb und sorgen f\u00fcr eine hervorragende Reibungskontrolle.<br \/>HRSF-Polyamid-Stretcheins\u00e4tze f\u00fcr optimale Verschlei\u00dffestigkeit bei gleichzeitig gr\u00f6\u00dferer Bewegungsfreiheit.<br \/>Anatomisch angepasst f\u00fcr eine optimale Passform f\u00fcr Frauen.<br \/>Race fit &#8211; hohe Beweglichkeit von K\u00f6rper, Armen und Knien f\u00fcr verbesserte Leistung.<br \/>Hochwertiges Rindsleder mit zwei Schichten im Sitzbereich f\u00fcr eine bessere Verschlei\u00dffestigkeit.<br \/>DFS-Protektoren bieten optimale Sto\u00df- und Abriebfestigkeit und eine hervorragende Reibungskontrolle.<br \/>Der Race spec GP-R Innenschutz ist weich und bietet eine erweiterte Abdeckung f\u00fcr zus\u00e4tzlichen Schutz in wichtigen Bereichen.<br \/>Bio-Flex H\u00fcftprotektoren f\u00fcr optimale Sto\u00dffestigkeit.<br \/>Polygiene BiostaticTM Stays Fresh Technology Comfort Line-Behandlung in Mesh-Gewebe f\u00fcr mehr Benutzerfreundlichkeit.<br \/>Durch das Schnappsystem kann der als Zubeh\u00f6r erh\u00e4ltliche Nucleon Race R\u00fcckenprotektor angebracht werden.<br \/>Das hintere Fach kann Nucleon Heckeins\u00e4tze aufnehmen (als nachr\u00fcstbares Zubeh\u00f6r erh\u00e4ltlich).<br \/>Nucleon Brusteins\u00e4tze (als nachr\u00fcstbares Zubeh\u00f6r erh\u00e4ltlich) k\u00f6nnen in das Brustfach eingesetzt werden.<\/p>\n<p><span class=\"VIiyi\" xml_lang=\"sl\" lang=\"sl\"><span class=\"JLqJ4b\"><span>Zusammensetzung des Rohmaterials:<\/span><\/span><\/span><\/p>\n<p><span class=\"VIiyi\" xml_lang=\"sl\" lang=\"sl\"><span class=\"JLqJ4b\"><span>Au\u00dfen: 42% Rindsleder, 38% B\u00fcffelleder, 20% Polyamid  <\/span><\/span><\/span><\/p>\n<p><span class=\"VIiyi\" xml_lang=\"sl\" lang=\"sl\"><span class=\"JLqJ4b\"><span>Innenfutter: 81% Polyester, 16% Polyamid, 3% Elasthan<\/span><\/span><\/span><\/p>\n","protected":false},"excerpt":{"rendered":"<p>Der Alpinestars Einteiler Stella Missile v2 bietet optimale Abriebfestigkeit und gleichzeitig ein hohes Ma\u00df an aktivem&#8230;<\/p>\n","protected":false},"featured_media":20564,"comment_status":"open","ping_status":"closed","template":"","meta":{"_acf_changed":false},"brand":[2111],"gender":[],"product_brand":[],"product_cat":[1357],"product_tag":[],"class_list":{"0":"post-107913","1":"product","2":"type-product","3":"status-publish","4":"has-post-thumbnail","6":"brand-alpinestars-de","7":"product_cat-ausrustung-fur-motorradfahrer","8":"pa_size-38-de","9":"pa_size-40-de","10":"pa_size-42-de","11":"pa_size-44-de","12":"pa_size-46-de","13":"pa_size-48-de","14":"pa_size-50-de","16":"first","17":"outofstock","18":"sale","19":"taxable","20":"shipping-taxable","21":"purchasable","22":"product-type-variable"},"acf":[],"_links":{"self":[{"href":"https:\/\/moto-oprema.com\/de\/wp-json\/wp\/v2\/product\/107913","targetHints":{"allow":["GET"]}}],"collection":[{"href":"https:\/\/moto-oprema.com\/de\/wp-json\/wp\/v2\/product"}],"about":[{"href":"https:\/\/moto-oprema.com\/de\/wp-json\/wp\/v2\/types\/product"}],"replies":[{"embeddable":true,"href":"https:\/\/moto-oprema.com\/de\/wp-json\/wp\/v2\/comments?post=107913"}],"wp:featuredmedia":[{"embeddable":true,"href":"https:\/\/moto-oprema.com\/de\/wp-json\/wp\/v2\/media\/20564"}],"wp:attachment":[{"href":"https:\/\/moto-oprema.com\/de\/wp-json\/wp\/v2\/media?parent=107913"}],"wp:term":[{"taxonomy":"brand","embeddable":true,"href":"https:\/\/moto-oprema.com\/de\/wp-json\/wp\/v2\/brand?post=107913"},{"taxonomy":"gender","embeddable":true,"href":"https:\/\/moto-oprema.com\/de\/wp-json\/wp\/v2\/gender?post=107913"},{"taxonomy":"product_brand","embeddable":true,"href":"https:\/\/moto-oprema.com\/de\/wp-json\/wp\/v2\/product_brand?post=107913"},{"taxonomy":"product_cat","embeddable":true,"href":"https:\/\/moto-oprema.com\/de\/wp-json\/wp\/v2\/product_cat?post=107913"},{"taxonomy":"product_tag","embeddable":true,"href":"https:\/\/moto-oprema.com\/de\/wp-json\/wp\/v2\/product_tag?post=107913"}],"curies":[{"name":"wp","href":"https:\/\/api.w.org\/{rel}","templated":true}]}}