{"id":107833,"date":"2023-09-22T08:14:34","date_gmt":"2023-09-22T08:14:34","guid":{"rendered":"https:\/\/moto-oprema.com\/Artikel\/dainese-damen-freeland-2-gore-tex-schwarz-stiefel\/"},"modified":"2023-09-22T08:14:34","modified_gmt":"2023-09-22T08:14:34","slug":"dainese-damen-freeland-2-gore-tex-schwarz-stiefel","status":"publish","type":"product","link":"https:\/\/moto-oprema.com\/de\/Artikel\/dainese-damen-freeland-2-gore-tex-schwarz-stiefel\/","title":{"rendered":"DAINESE DAMEN FREELAND 2 GORE-TEX SCHWARZ STIEFEL"},"content":{"rendered":"<p>Motorradtourenstiefel f\u00fcr Damen aus perforiertem Gewebe und wasserdichter Gore-Tex\u00ae-Membran, ideal f\u00fcr den Einsatz in vier Jahreszeiten und bei allen Wetterbedingungen. Der Freeland 2 Gore-Tex\u00ae hat ein modernes Design und eine an die Ergonomie des weiblichen Fu\u00dfes angepasste Passform. Er bietet ein hohes Ma\u00df an Klimakomfort, ist leicht und einfach zu tragen, ohne dabei die Funktionalit\u00e4t zu vernachl\u00e4ssigen und technische Details zu erforschen. Die Groundtrax\u00ae-Au\u00dfensohle ist mit einem speziellen Profil ausgestattet, das f\u00fcr maximale Stabilit\u00e4t und Traktion auf unterschiedlichem Terrain sorgt, w\u00e4hrend das Obermaterial aus Mikrofaser mit gro\u00dfen Stretcheins\u00e4tzen f\u00fcr au\u00dfergew\u00f6hnliche Leichtigkeit und Gehkomfort sorgt. Au\u00dferdem sind die Sohlen der Stiefel asymmetrisch f\u00fcr eine bessere Kontrolle der H\u00e4nde w\u00e4hrend der Fahrt.    <\/p>\n<p>Merkmale:<\/p>\n<p>Atmungsaktive und wasserdichte Gore-Tex\u00ae Performance Comfort Membran<br \/>\nObermaterial aus Mikrofaser mit Laserperforation f\u00fcr optimale Atmungsaktivit\u00e4t<br \/>\nSchnitt, angepasst an die Ergonomie des weiblichen Fu\u00dfes<br \/>\nStretch-Eins\u00e4tze auf der Vorder- und R\u00fcckseite f\u00fcr maximalen Komfort und Leichtigkeit beim Laufen<br \/>\nOrtholite\u00ae Einlegesohle mit lang anhaltender D\u00e4mpfung und hoher Atmungsaktivit\u00e4t<br \/>\nReflektierende Eins\u00e4tze f\u00fcr hohe Sichtbarkeit<br \/>\nEinfache Wadenanpassung mit Riemen<br \/>\nRei\u00dfverschluss auf der Innenseite<br \/>\nGroundtrax\u00ae Gummi-Au\u00dfensohle mit guter Traktion<br \/>\nTechnische Daten:<\/p>\n<p>Weicher und flexibler Auxaguard-Schienbeinschutz<br \/>\nStarre Eins\u00e4tze an den Kn\u00f6cheln<br \/>\nSchalthebelverst\u00e4rkung<br \/>\nMotorradschutzausr\u00fcstung gem\u00e4\u00df Verordnung (EU) 2016\/425<br \/>\nPers\u00f6nliche Schutzausr\u00fcstung &#8211; Motorradschutzstiefel (EN 13634:2017, Kat II)<\/p>\n<div class=\"BdDRKe\">\n<div class=\"aJIq1d DSmisd\">\n<div>\n<div><\/div>\n<\/div>\n<\/div>\n<\/div>\n<div class=\"aJIq1d DSmisd\">\n<div><\/div>\n<\/div>\n<div id=\"ow2837\">\n<div><\/div>\n<\/div>\n","protected":false},"excerpt":{"rendered":"<p>Gore-Tex\u00ae Damenstiefel mit zertifiziertem Schutz und wasserdichtem Material<\/p>\n","protected":false},"featured_media":22553,"comment_status":"open","ping_status":"closed","template":"","meta":{"_acf_changed":false},"brand":[2113],"gender":[2170],"product_brand":[],"product_cat":[1357,2043,2049],"product_tag":[],"class_list":{"0":"post-107833","1":"product","2":"type-product","3":"status-publish","4":"has-post-thumbnail","6":"brand-dainese-de","7":"gender-zenska-de","8":"product_cat-ausrustung-fur-motorradfahrer","9":"product_cat-schuhe","10":"product_cat-touring-schuhe","11":"pa_size-36-de","12":"pa_size-37-de","13":"pa_size-38-de","14":"pa_size-39-de","15":"pa_size-40-de","16":"pa_size-41-de","17":"pa_size-42-de","19":"first","20":"onbackorder","21":"taxable","22":"shipping-taxable","23":"purchasable","24":"product-type-variable"},"acf":[],"_links":{"self":[{"href":"https:\/\/moto-oprema.com\/de\/wp-json\/wp\/v2\/product\/107833","targetHints":{"allow":["GET"]}}],"collection":[{"href":"https:\/\/moto-oprema.com\/de\/wp-json\/wp\/v2\/product"}],"about":[{"href":"https:\/\/moto-oprema.com\/de\/wp-json\/wp\/v2\/types\/product"}],"replies":[{"embeddable":true,"href":"https:\/\/moto-oprema.com\/de\/wp-json\/wp\/v2\/comments?post=107833"}],"wp:featuredmedia":[{"embeddable":true,"href":"https:\/\/moto-oprema.com\/de\/wp-json\/wp\/v2\/media\/22553"}],"wp:attachment":[{"href":"https:\/\/moto-oprema.com\/de\/wp-json\/wp\/v2\/media?parent=107833"}],"wp:term":[{"taxonomy":"brand","embeddable":true,"href":"https:\/\/moto-oprema.com\/de\/wp-json\/wp\/v2\/brand?post=107833"},{"taxonomy":"gender","embeddable":true,"href":"https:\/\/moto-oprema.com\/de\/wp-json\/wp\/v2\/gender?post=107833"},{"taxonomy":"product_brand","embeddable":true,"href":"https:\/\/moto-oprema.com\/de\/wp-json\/wp\/v2\/product_brand?post=107833"},{"taxonomy":"product_cat","embeddable":true,"href":"https:\/\/moto-oprema.com\/de\/wp-json\/wp\/v2\/product_cat?post=107833"},{"taxonomy":"product_tag","embeddable":true,"href":"https:\/\/moto-oprema.com\/de\/wp-json\/wp\/v2\/product_tag?post=107833"}],"curies":[{"name":"wp","href":"https:\/\/api.w.org\/{rel}","templated":true}]}}