{"id":107771,"date":"2023-05-15T08:55:36","date_gmt":"2023-05-15T08:55:36","guid":{"rendered":"https:\/\/moto-oprema.com\/Artikel\/dainese-atipica-air-2-schuhe-schwarz-carbon\/"},"modified":"2023-05-15T08:55:36","modified_gmt":"2023-05-15T08:55:36","slug":"dainese-atipica-air-2-schuhe-schwarz-carbon","status":"publish","type":"product","link":"https:\/\/moto-oprema.com\/de\/Artikel\/dainese-atipica-air-2-schuhe-schwarz-carbon\/","title":{"rendered":"DAINESE ATIPICA AIR 2 SCHUHE SCHWARZ CARBON"},"content":{"rendered":"<p>Der Atipica Air 2 ist ein Motorradschuh, der maximalen Komfort bietet, sowohl beim Fahren als auch beim Gehen, f\u00fcr den t\u00e4glichen Gebrauch in jeder st\u00e4dtischen Umgebung. Die Konstruktion des Obermaterials aus Mesh mit Hei\u00dfklebeapplikation l\u00e4sst die Luft str\u00f6men und tr\u00e4gt so zu einem leichten und atmungsaktiven Schuh bei, der auch in den hei\u00dfesten Jahreszeiten ideal ist. Der sportliche Look wird mit der Aufmerksamkeit f\u00fcr technische Details kombiniert: Verst\u00e4rkungen im Fersen-, Kn\u00f6chel- und Zehenbereich sorgen f\u00fcr Sicherheit, w\u00e4hrend die Laufsohlen, die sich beim Aufprall nicht verformen, mit der exklusiven Groundtrax\u00ae Technologie mit asymmetrischer Profilgeometrie ausgestattet sind. Die Schalt- und Bremszonen sind so konzipiert, dass sie maximale Kontrolle \u00fcber die Pedale bieten. Die Sohlenkonstruktion ist auf \u00fcberragenden Gehkomfort ausgelegt und bietet ein hohes Ma\u00df an Stabilit\u00e4t, Traktion und Grip, sowohl auf dem Fahrrad als auch auf dem Boden. Ein praktischer Knopfverschluss auf der R\u00fcckseite des Schuhs erleichtert das Anziehen, w\u00e4hrend die Ortholite\u00ae-Einlegesohle f\u00fcr maximale Atmungsaktivit\u00e4t und dauerhafte D\u00e4mpfung sorgt.     <\/p>\n<p>Merkmale:<\/p>\n<ul>\n<li>Elastisches Band zur Aufbewahrung von Schn\u00fcrsenkeln<\/li>\n<li>EVA d\u00e4mpfende Zwischensohle<\/li>\n<li>Schalthebelverst\u00e4rkung<\/li>\n<li>Groundtrax\u00ae Gummilaufsohle f\u00fcr hervorragenden Gehkomfort<\/li>\n<li>Ortholite-Einlage mit lang anhaltender D\u00e4mpfung und hoher Atmungsaktivit\u00e4t<\/li>\n<li>Reflektierende und weiche Eins\u00e4tze<\/li>\n<li>Mesh-Oberteil mit Schmelzbeschichtung<\/li>\n<li>PU-Lederverst\u00e4rkung auf der R\u00fcckseite<\/li>\n<li>Harte Eins\u00e4tze im Kn\u00f6chelbereich mit weichem D-Schaum auf der Innenseite<\/li>\n<li>Kategorie II &#8211; Norm EN 13634<\/li>\n<\/ul>\n","protected":false},"excerpt":{"rendered":"<p>Der Atipica Air 2 ist ein Motorradschuh, der maximalen Komfort bietet, sowohl beim Fahren als auch&#8230;<\/p>\n","protected":false},"featured_media":21628,"comment_status":"open","ping_status":"open","template":"","meta":{"_acf_changed":false},"brand":[2113],"gender":[],"product_brand":[],"product_cat":[1357,2043,2044],"product_tag":[],"class_list":{"0":"post-107771","1":"product","2":"type-product","3":"status-publish","4":"has-post-thumbnail","6":"brand-dainese-de","7":"product_cat-ausrustung-fur-motorradfahrer","8":"product_cat-schuhe","9":"product_cat-urbanes-schuhwerk","10":"pa_velikost-skornji-39-de","11":"pa_velikost-skornji-40-de","12":"pa_velikost-skornji-41-de","13":"pa_velikost-skornji-42-de","14":"pa_velikost-skornji-43-de","15":"pa_velikost-skornji-44-de","16":"pa_velikost-skornji-45-de","17":"pa_velikost-skornji-46-de","18":"pa_velikost-skornji-47-de","20":"first","21":"onbackorder","22":"taxable","23":"shipping-taxable","24":"purchasable","25":"product-type-variable"},"acf":[],"_links":{"self":[{"href":"https:\/\/moto-oprema.com\/de\/wp-json\/wp\/v2\/product\/107771","targetHints":{"allow":["GET"]}}],"collection":[{"href":"https:\/\/moto-oprema.com\/de\/wp-json\/wp\/v2\/product"}],"about":[{"href":"https:\/\/moto-oprema.com\/de\/wp-json\/wp\/v2\/types\/product"}],"replies":[{"embeddable":true,"href":"https:\/\/moto-oprema.com\/de\/wp-json\/wp\/v2\/comments?post=107771"}],"wp:featuredmedia":[{"embeddable":true,"href":"https:\/\/moto-oprema.com\/de\/wp-json\/wp\/v2\/media\/21628"}],"wp:attachment":[{"href":"https:\/\/moto-oprema.com\/de\/wp-json\/wp\/v2\/media?parent=107771"}],"wp:term":[{"taxonomy":"brand","embeddable":true,"href":"https:\/\/moto-oprema.com\/de\/wp-json\/wp\/v2\/brand?post=107771"},{"taxonomy":"gender","embeddable":true,"href":"https:\/\/moto-oprema.com\/de\/wp-json\/wp\/v2\/gender?post=107771"},{"taxonomy":"product_brand","embeddable":true,"href":"https:\/\/moto-oprema.com\/de\/wp-json\/wp\/v2\/product_brand?post=107771"},{"taxonomy":"product_cat","embeddable":true,"href":"https:\/\/moto-oprema.com\/de\/wp-json\/wp\/v2\/product_cat?post=107771"},{"taxonomy":"product_tag","embeddable":true,"href":"https:\/\/moto-oprema.com\/de\/wp-json\/wp\/v2\/product_tag?post=107771"}],"curies":[{"name":"wp","href":"https:\/\/api.w.org\/{rel}","templated":true}]}}