{"id":107737,"date":"2023-05-10T07:57:29","date_gmt":"2023-05-10T07:57:29","guid":{"rendered":"https:\/\/moto-oprema.com\/Artikel\/akrapovic-regen-corpo-jacke\/"},"modified":"2023-05-10T07:57:29","modified_gmt":"2023-05-10T07:57:29","slug":"akrapovic-regen-corpo-jacke","status":"publish","type":"product","link":"https:\/\/moto-oprema.com\/de\/Artikel\/akrapovic-regen-corpo-jacke\/","title":{"rendered":"AKRAPOVI\u010c REGEN CORPO JACKE"},"content":{"rendered":"<p>AKRAPOVIC CORPO COLLECTION<br \/>\nAkrapovic hat seine Expertise in der Entwicklung von Premium-Auspuffanlagen mit der Einf\u00fchrung der brandneuen Akrapovic Corpo Kollektion in die Welt der Bekleidung \u00fcbertragen.<\/p>\n<p>Das Design ist in den traditionellen schwarz-roten Farben von Akrapovi\u010d gehalten, mit einer dezenten Grafik auf der Brust &#8211; ein gemeinsames Element in der gesamten Kollektion &#8211; und einem minimalen Branding, wie es auch auf den vielen Auspuffen und Kohlefaser-Accessoires des Unternehmens verwendet wird, um dieser neuen Business-Bekleidungslinie einen hochwertigen Charakter zu verleihen.<\/p>\n<p>Diese 3-lagige wasserabweisende Jacke aus 100% Polyester h\u00e4lt Sie warm und trocken, ob auf der Rennstrecke oder in der Freizeit. Vollst\u00e4ndig verstellbare \u00c4rmelb\u00fcndchen und Taillenbund f\u00fcr maximalen Komfort. Mit schattiertem Logo und roten Akzenten, mit dezenten Logos auf der Vorder- und R\u00fcckseite.<\/p>\n","protected":false},"excerpt":{"rendered":"<p>AKRAPOVIC CORPO COLLECTION Akrapovic hat seine Expertise in der Entwicklung von Premium-Auspuffanlagen mit der Einf\u00fchrung der&#8230;<\/p>\n","protected":false},"featured_media":21533,"comment_status":"open","ping_status":"open","template":"","meta":{"_acf_changed":false},"brand":[2650],"gender":[],"product_brand":[],"product_cat":[2179,2471],"product_tag":[],"class_list":{"0":"post-107737","1":"product","2":"type-product","3":"status-publish","4":"has-post-thumbnail","6":"brand-akrapovic-de","7":"product_cat-freizeitkleidung","8":"product_cat-jakne-de-2","9":"pa_size-l-de","10":"pa_size-m-de","11":"pa_size-s-de","12":"pa_size-xl-de","13":"pa_size-xxl-de","15":"first","16":"instock","17":"taxable","18":"shipping-taxable","19":"purchasable","20":"product-type-variable"},"acf":[],"_links":{"self":[{"href":"https:\/\/moto-oprema.com\/de\/wp-json\/wp\/v2\/product\/107737","targetHints":{"allow":["GET"]}}],"collection":[{"href":"https:\/\/moto-oprema.com\/de\/wp-json\/wp\/v2\/product"}],"about":[{"href":"https:\/\/moto-oprema.com\/de\/wp-json\/wp\/v2\/types\/product"}],"replies":[{"embeddable":true,"href":"https:\/\/moto-oprema.com\/de\/wp-json\/wp\/v2\/comments?post=107737"}],"wp:featuredmedia":[{"embeddable":true,"href":"https:\/\/moto-oprema.com\/de\/wp-json\/wp\/v2\/media\/21533"}],"wp:attachment":[{"href":"https:\/\/moto-oprema.com\/de\/wp-json\/wp\/v2\/media?parent=107737"}],"wp:term":[{"taxonomy":"brand","embeddable":true,"href":"https:\/\/moto-oprema.com\/de\/wp-json\/wp\/v2\/brand?post=107737"},{"taxonomy":"gender","embeddable":true,"href":"https:\/\/moto-oprema.com\/de\/wp-json\/wp\/v2\/gender?post=107737"},{"taxonomy":"product_brand","embeddable":true,"href":"https:\/\/moto-oprema.com\/de\/wp-json\/wp\/v2\/product_brand?post=107737"},{"taxonomy":"product_cat","embeddable":true,"href":"https:\/\/moto-oprema.com\/de\/wp-json\/wp\/v2\/product_cat?post=107737"},{"taxonomy":"product_tag","embeddable":true,"href":"https:\/\/moto-oprema.com\/de\/wp-json\/wp\/v2\/product_tag?post=107737"}],"curies":[{"name":"wp","href":"https:\/\/api.w.org\/{rel}","templated":true}]}}