{"id":107726,"date":"2023-05-09T08:24:13","date_gmt":"2023-05-09T08:24:13","guid":{"rendered":"https:\/\/moto-oprema.com\/Artikel\/dainese-thermo-funktionsshirt-schwarz-rot\/"},"modified":"2023-05-09T08:24:13","modified_gmt":"2023-05-09T08:24:13","slug":"dainese-thermo-funktionsshirt-schwarz-rot","status":"publish","type":"product","link":"https:\/\/moto-oprema.com\/de\/Artikel\/dainese-thermo-funktionsshirt-schwarz-rot\/","title":{"rendered":"DAINESE THERMO FUNKTIONSSHIRT SCHWARZ ROT"},"content":{"rendered":"<p>Das Thermo LS ist ein bequemes, lang\u00e4rmeliges Thermoshirt, das ausgezeichneten Schutz vor K\u00e4lte bietet. Komfort und Zuversicht bei jeder Fahrt &#8211; und auch nachdem Sie vom Rad abgestiegen sind. Das Thermo LS ist aus Dryarn-Gewebe gefertigt und bietet exzellenten W\u00e4rmekomfort und hervorragende Isolierung. Eine Schicht, auf die Sie nicht verzichten k\u00f6nnen, damit Sie auch bei kalten Temperaturen f\u00fcr jede Herausforderung gewappnet sind. Die hohe Atmungsaktivit\u00e4t und Isolierf\u00e4higkeit halten die warme Luft an Ihrem K\u00f6rper und damit warm. Deshalb ist Thermo LS ideal f\u00fcr den Winter. Die Dryarn-Technologie transportiert Schwei\u00df und Feuchtigkeit von der Haut weg und h\u00e4lt die K\u00f6rpertemperatur konstant. Dank der nahtlosen Konstruktion, die an den am meisten beanspruchten Stellen verst\u00e4rkt ist, wird maximaler Komfort erreicht. Mit dem Thermo LS Isolationsshirt ist auch bei sehr niedrigen Au\u00dfentemperaturen eine optimale K\u00f6rpertemperatur gew\u00e4hrleistet.        <\/p>\n<p>Merkmale:<\/p>\n<p>Bakteriostatisch, hypoallergen und geruchsneutral<br \/>\nVerwendung in kalten Klimazonen<br \/>\nPressstruktur zur Optimierung der Muskelkompression<br \/>\nRei\u00dffest und abziehsicher<br \/>\nArmor Pad f\u00fcr mehr Komfort auf Kontaktfl\u00e4chen<br \/>\nNahtlose Konstruktion f\u00fcr maximalen Komfort<br \/>\nUmweltfreundliche Fasern, 100% recycelbar<br \/>\n3D-Rahmenarmierung f\u00fcr zus\u00e4tzliche W\u00e4rmeisolierung<br \/>\nAktives Feuchtigkeitsmanagement<br \/>\nDryarn\u00ae-Gewebe mit hohem Gewichts-\/H\u00f6henverh\u00e4ltnis<br \/>\nSch\u00fctzt Sie vor Feuchtigkeit<br \/>\nTemperaturbereich: -20\u00b0C \/ 10\u00b0C<br \/>\nMEHR PRODUKTINFORMATIONEN<br \/>\nMaterial 95% Polypropylen, 5% Elastan<\/p>\n","protected":false},"excerpt":{"rendered":"<p>Das Thermo LS ist ein bequemes, lang\u00e4rmeliges Thermoshirt, das ausgezeichneten Schutz vor K\u00e4lte bietet. Komfort und&#8230;<\/p>\n","protected":false},"featured_media":21515,"comment_status":"open","ping_status":"open","template":"","meta":{"_acf_changed":false},"brand":[2113],"gender":[],"product_brand":[],"product_cat":[1357,2208,2212],"product_tag":[],"class_list":{"0":"post-107726","1":"product","2":"type-product","3":"status-publish","4":"has-post-thumbnail","6":"brand-dainese-de","7":"product_cat-ausrustung-fur-motorradfahrer","8":"product_cat-funktionskleidung-und-unterwasche","9":"product_cat-unterkappen","10":"pa_size-l-de","11":"pa_size-m-de","12":"pa_size-xl-2xl-de","13":"pa_size-xs-s-de","15":"first","16":"instock","17":"sale","18":"taxable","19":"shipping-taxable","20":"purchasable","21":"product-type-variable"},"acf":[],"_links":{"self":[{"href":"https:\/\/moto-oprema.com\/de\/wp-json\/wp\/v2\/product\/107726","targetHints":{"allow":["GET"]}}],"collection":[{"href":"https:\/\/moto-oprema.com\/de\/wp-json\/wp\/v2\/product"}],"about":[{"href":"https:\/\/moto-oprema.com\/de\/wp-json\/wp\/v2\/types\/product"}],"replies":[{"embeddable":true,"href":"https:\/\/moto-oprema.com\/de\/wp-json\/wp\/v2\/comments?post=107726"}],"wp:featuredmedia":[{"embeddable":true,"href":"https:\/\/moto-oprema.com\/de\/wp-json\/wp\/v2\/media\/21515"}],"wp:attachment":[{"href":"https:\/\/moto-oprema.com\/de\/wp-json\/wp\/v2\/media?parent=107726"}],"wp:term":[{"taxonomy":"brand","embeddable":true,"href":"https:\/\/moto-oprema.com\/de\/wp-json\/wp\/v2\/brand?post=107726"},{"taxonomy":"gender","embeddable":true,"href":"https:\/\/moto-oprema.com\/de\/wp-json\/wp\/v2\/gender?post=107726"},{"taxonomy":"product_brand","embeddable":true,"href":"https:\/\/moto-oprema.com\/de\/wp-json\/wp\/v2\/product_brand?post=107726"},{"taxonomy":"product_cat","embeddable":true,"href":"https:\/\/moto-oprema.com\/de\/wp-json\/wp\/v2\/product_cat?post=107726"},{"taxonomy":"product_tag","embeddable":true,"href":"https:\/\/moto-oprema.com\/de\/wp-json\/wp\/v2\/product_tag?post=107726"}],"curies":[{"name":"wp","href":"https:\/\/api.w.org\/{rel}","templated":true}]}}