{"id":107666,"date":"2023-04-28T08:53:29","date_gmt":"2023-04-28T08:53:29","guid":{"rendered":"https:\/\/moto-oprema.com\/Artikel\/axxis-jet-helm-rabe-sv-schwarz-grau\/"},"modified":"2023-04-28T08:53:29","modified_gmt":"2023-04-28T08:53:29","slug":"axxis-jet-helm-rabe-sv-schwarz-grau","status":"publish","type":"product","link":"https:\/\/moto-oprema.com\/de\/Artikel\/axxis-jet-helm-rabe-sv-schwarz-grau\/","title":{"rendered":"AXXIS JET HELM RABE SV SCHWARZ GRAU"},"content":{"rendered":"<p>Der AXXIS Raven Jet bietet gro\u00dfe Bel\u00fcftungssysteme auf der Vorder- und R\u00fcckseite und einen internen Sonnenschirm. Sein Bubble-Design bietet hervorragenden Schutz f\u00fcr den gesamten Kopf. Spezielle grafische Designs bieten einen gut aussehenden Helm aus hochwertigen Materialien.  <\/p>\n<p>&#8211; 2 Gr\u00f6\u00dfen von Muscheln<\/p>\n<p>&#8211; ABS-Schale<\/p>\n<p>&#8211; ECE \/ DOT<\/p>\n<p>&#8211; Kleine Venusmuschel 1200 \u00b1 50 gr<\/p>\n<p>&#8211; Gro\u00dfe Venusmuschel 1300 \u00b1 50 gr<\/p>\n<p>&#8211; Sonnenschirm<\/p>\n<p>&#8211; Optisches Visier aus kratzfestem Polycarbonat<\/p>\n<p>&#8211; Vizir MT-V-23<\/p>\n<p>&#8211; Mikrometrische Schnellverschlussschnalle<\/p>\n<p>&#8211; Innenraum aus Polystyrol mit hoher Dichte<\/p>\n<p>&#8211; Anti-allergischer Stoff<\/p>\n<p>&#8211; Herausnehmbares und waschbares Futter<\/p>\n<p>&#8211; Interne Bel\u00fcftung<\/p>\n","protected":false},"excerpt":{"rendered":"<p>Der AXXIS Raven Jet bietet gro\u00dfe Bel\u00fcftungssysteme auf der Vorder- und R\u00fcckseite und einen internen Sonnenschirm&#8230;.<\/p>\n","protected":false},"featured_media":107670,"comment_status":"open","ping_status":"open","template":"","meta":{"_acf_changed":false},"brand":[2621],"gender":[],"product_brand":[],"product_cat":[1357,1360,2331],"product_tag":[],"class_list":{"0":"post-107666","1":"product","2":"type-product","3":"status-publish","4":"has-post-thumbnail","6":"brand-axxis-de","7":"product_cat-ausrustung-fur-motorradfahrer","8":"product_cat-helme","9":"product_cat-jet-de","10":"pa_size-l-de","11":"pa_size-m-de","12":"pa_size-s-de","13":"pa_size-xl-de","14":"pa_size-xs-de","15":"pa_size-xxl-de","17":"first","18":"onbackorder","19":"sale","20":"taxable","21":"shipping-taxable","22":"purchasable","23":"product-type-variable"},"acf":[],"_links":{"self":[{"href":"https:\/\/moto-oprema.com\/de\/wp-json\/wp\/v2\/product\/107666","targetHints":{"allow":["GET"]}}],"collection":[{"href":"https:\/\/moto-oprema.com\/de\/wp-json\/wp\/v2\/product"}],"about":[{"href":"https:\/\/moto-oprema.com\/de\/wp-json\/wp\/v2\/types\/product"}],"replies":[{"embeddable":true,"href":"https:\/\/moto-oprema.com\/de\/wp-json\/wp\/v2\/comments?post=107666"}],"wp:featuredmedia":[{"embeddable":true,"href":"https:\/\/moto-oprema.com\/de\/wp-json\/wp\/v2\/media\/107670"}],"wp:attachment":[{"href":"https:\/\/moto-oprema.com\/de\/wp-json\/wp\/v2\/media?parent=107666"}],"wp:term":[{"taxonomy":"brand","embeddable":true,"href":"https:\/\/moto-oprema.com\/de\/wp-json\/wp\/v2\/brand?post=107666"},{"taxonomy":"gender","embeddable":true,"href":"https:\/\/moto-oprema.com\/de\/wp-json\/wp\/v2\/gender?post=107666"},{"taxonomy":"product_brand","embeddable":true,"href":"https:\/\/moto-oprema.com\/de\/wp-json\/wp\/v2\/product_brand?post=107666"},{"taxonomy":"product_cat","embeddable":true,"href":"https:\/\/moto-oprema.com\/de\/wp-json\/wp\/v2\/product_cat?post=107666"},{"taxonomy":"product_tag","embeddable":true,"href":"https:\/\/moto-oprema.com\/de\/wp-json\/wp\/v2\/product_tag?post=107666"}],"curies":[{"name":"wp","href":"https:\/\/api.w.org\/{rel}","templated":true}]}}