{"id":107650,"date":"2023-02-09T10:22:29","date_gmt":"2023-02-09T10:22:29","guid":{"rendered":"https:\/\/moto-oprema.com\/Artikel\/hjc-i100-klapphelm-massiv-schwarz\/"},"modified":"2023-02-09T10:22:29","modified_gmt":"2023-02-09T10:22:29","slug":"hjc-i100-klapphelm-massiv-schwarz","status":"publish","type":"product","link":"https:\/\/moto-oprema.com\/de\/Artikel\/hjc-i100-klapphelm-massiv-schwarz\/","title":{"rendered":"HJC I100 KLAPPHELM MASSIV SCHWARZ"},"content":{"rendered":"<p>Der HJC I100 bringt Vielfalt in den Alltag eines modularen Helms. Dieser modulare Helm verf\u00fcgt \u00fcber einen vollst\u00e4ndig drehbaren Kinnb\u00fcgel, der dank seiner doppelten P\/J-Zulassung sowohl als offener als auch als Integralhelm verwendet werden kann. Das integrierte, einfach zu bedienende Visier (Dark Smoke) ist kabelbetrieben und befindet sich an der unteren linken Seite der Schale. Diese Schale besteht aus unserem fortschrittlichen Polycarbonatmaterial und ist in 3 Schalen in den Gr\u00f6\u00dfen XS bis 2XL f\u00fcr maximalen Komfort und Passform erh\u00e4ltlich. Au\u00dferdem wurde er mit optimaler Balance und Gewichtsverteilung f\u00fcr ganzt\u00e4gigen Fahrkomfort entworfen und konstruiert. Dieser Helm ist auch f\u00fcr die SMART Bluetooth-Systeme von HJC geeignet (10B und 20B).     <\/p>\n<p>Merkmale:<\/p>\n<ul>\n<li>  Doppelte Zulassung (P\/J)<\/li>\n<li>  Hochentwickelte Polycarbonat-Verbundschale: geringes Gewicht, hervorragende Passform und verbesserter Komfort dank der CAD-Technologie<\/li>\n<li>  Der schwenkbare Kinnb\u00fcgel erm\u00f6glicht einen einfachen Wechsel zwischen voller und offener Schale<\/li>\n<li>  ACS: Advanced Channeling System: Obere Bel\u00fcftungs\u00f6ffnungen und untere Bel\u00fcftungs\u00f6ffnungen mit 2 Kippschaltern; vollst\u00e4ndiger Luftstrom von vorne nach hinten leitet W\u00e4rme und Feuchtigkeit aus dem Helm ab<\/li>\n<li>  Pinlock Ready HJ-36 Visier: Bietet 99% UV-Schutz, Anti-Kratz-Beschichtung<\/li>\n<li>  Schnelles, einfaches und sicheres Visier-Ratschen-System<\/li>\n<li>  Der interne Sonnenschutz ist schnell und einfach zu installieren<\/li>\n<li>  Anti-Rost-Beschichtung<\/li>\n<li>  Farbton \u00fcber Kippschalter einstellbar<\/li>\n<li>  Feuchtigkeitsableitend und trocken, hoher Tragekomfort, optimale Stabilit\u00e4t<\/li>\n<li>  Kopf- und Wangenpolster: abnehmbar und waschbar<\/li>\n<li>  Wangenpolster: austauschbar f\u00fcr alle Gr\u00f6\u00dfen<\/li>\n<li>  Brillenkan\u00e4le ideal f\u00fcr Brillentr\u00e4ger<\/li>\n<li>  Vorbereitet f\u00fcr SMART HJC Bluetooth (Bluetooth separat erh\u00e4ltlich)<\/li>\n<\/ul>\n<p>Technische Daten:<\/p>\n<ul>\n<li>  Material: Polycarbonat<\/li>\n<li>  Standard: 22.06<\/li>\n<li>  Verschluss: Ratschenverschluss<\/li>\n<li>  Typ des Visiers: HJ-36<\/li>\n<li>  Sonnenblende: HJ-V11<\/li>\n<\/ul>\n<p>Gr\u00f6\u00dfen:<\/p>\n<p> Helm\/Helm\/Kopfpolstergr\u00f6\u00dfe:<br \/> XS (54-55cm)\/30mm\/12mm<br \/> S(55-56cm)\/25mm\/9mm<br \/> M(57-58cm)\/35mm\/12mm<br \/> L(58-59cm)\/25mm\/9mm<br \/> XL (60-61cm)\/30mm\/12mm<br \/> XXL (62-63cm)\/25mm\/7mm<\/p>\n","protected":false},"excerpt":{"rendered":"<p>Der HJC I100 bringt Vielfalt in den Alltag eines modularen Helms. Dieser modulare Helm verf\u00fcgt \u00fcber&#8230;<\/p>\n","protected":false},"featured_media":20740,"comment_status":"open","ping_status":"open","template":"","meta":{"_acf_changed":false},"brand":[2131],"gender":[2173],"product_brand":[],"product_cat":[2026,1357,1360],"product_tag":[],"class_list":{"0":"post-107650","1":"product","2":"type-product","3":"status-publish","4":"has-post-thumbnail","6":"brand-hjc-de","7":"gender-unisex-de","8":"product_cat-ausklappbar","9":"product_cat-ausrustung-fur-motorradfahrer","10":"product_cat-helme","11":"pa_size-l-de","12":"pa_size-m-de","13":"pa_size-s-de","14":"pa_size-xl-de","15":"pa_size-xxl-de","17":"first","18":"onbackorder","19":"sale","20":"taxable","21":"shipping-taxable","22":"purchasable","23":"product-type-variable"},"acf":[],"_links":{"self":[{"href":"https:\/\/moto-oprema.com\/de\/wp-json\/wp\/v2\/product\/107650","targetHints":{"allow":["GET"]}}],"collection":[{"href":"https:\/\/moto-oprema.com\/de\/wp-json\/wp\/v2\/product"}],"about":[{"href":"https:\/\/moto-oprema.com\/de\/wp-json\/wp\/v2\/types\/product"}],"replies":[{"embeddable":true,"href":"https:\/\/moto-oprema.com\/de\/wp-json\/wp\/v2\/comments?post=107650"}],"wp:featuredmedia":[{"embeddable":true,"href":"https:\/\/moto-oprema.com\/de\/wp-json\/wp\/v2\/media\/20740"}],"wp:attachment":[{"href":"https:\/\/moto-oprema.com\/de\/wp-json\/wp\/v2\/media?parent=107650"}],"wp:term":[{"taxonomy":"brand","embeddable":true,"href":"https:\/\/moto-oprema.com\/de\/wp-json\/wp\/v2\/brand?post=107650"},{"taxonomy":"gender","embeddable":true,"href":"https:\/\/moto-oprema.com\/de\/wp-json\/wp\/v2\/gender?post=107650"},{"taxonomy":"product_brand","embeddable":true,"href":"https:\/\/moto-oprema.com\/de\/wp-json\/wp\/v2\/product_brand?post=107650"},{"taxonomy":"product_cat","embeddable":true,"href":"https:\/\/moto-oprema.com\/de\/wp-json\/wp\/v2\/product_cat?post=107650"},{"taxonomy":"product_tag","embeddable":true,"href":"https:\/\/moto-oprema.com\/de\/wp-json\/wp\/v2\/product_tag?post=107650"}],"curies":[{"name":"wp","href":"https:\/\/api.w.org\/{rel}","templated":true}]}}