{"id":107600,"date":"2023-10-02T10:07:05","date_gmt":"2023-10-02T10:07:05","guid":{"rendered":"https:\/\/moto-oprema.com\/Artikel\/hjc-smart-sena-50b-kommunikation\/"},"modified":"2023-10-02T10:07:05","modified_gmt":"2023-10-02T10:07:05","slug":"hjc-smart-sena-50b-kommunikation","status":"publish","type":"product","link":"https:\/\/moto-oprema.com\/de\/Artikel\/hjc-smart-sena-50b-kommunikation\/","title":{"rendered":"HJC SMART SENA 50B KOMMUNIKATION"},"content":{"rendered":"<p>Das SMART Hjc-Modell der zweiten Generation des High-End-Bluetooth-Kommunikationssystems verf\u00fcgt \u00fcber ein vollst\u00e4ndig in den Helm integriertes All-in-One-Design, so dass Sie w\u00e4hrend der Fahrt die optimale Balance zwischen Gewicht und aerodynamischer Leistung sp\u00fcren.<\/p>\n<p>Das 50B (basierend auf dem Sen 50S\/50R), das auf dem energiesparenden BT 5.0-System basiert, bietet eine MESH-Sprechanlage und eine 4-Wege-Bluetooth-Sprechanlage. Zu den erweiterten Funktionen des Audiosystems geh\u00f6ren Audio-Multitasking, Audio-Equalisation, erweiterte Ger\u00e4uschunterdr\u00fcckung und mehr.  2. Die SMART Hjc Generation ist au\u00dferdem mit HD-Lautsprechern ausgestattet, die den Klang in den mittleren Tiefen bereichern.<\/p>\n<p>STEUERUNGSEINHEIT<\/p>\n<p>Ein\/Aus, Anrufe annehmen, Auflegen, Lautst\u00e4rke +\/-, Funkverbindung (FM), Interkom-Zusammenf\u00fchrung, Sprachsteuerung<\/p>\n<p>HAUPTEINHEIT<\/p>\n<p>Lang anhaltende Leistung (bis zu 13 Stunden)<br \/>\nBatteriepack &amp; PCB<\/p>\n<p>MIKROFONEINSTELLUNG<\/p>\n<p>Rahmentyp: Gilt f\u00fcr modulare Helme und JET-Helme.<br \/>\nKabeltyp: Gilt f\u00fcr Integralhelme.<\/p>\n<p>Bluetooth 5.0<br \/>\nMesh-Gegensprechanlage (offen\/Gruppe)<br \/>\nAudio-Multitasking<br \/>\nHD-Lautsprecher<br \/>\nZugriff auf den digitalen Assistenten<br \/>\n9-Wege-Gegensprechanlage<br \/>\nFM-Radio<br \/>\n1.600 m Gegensprechanlage<br \/>\nFernbedienung<br \/>\nMehrsprachige Sprachsteuerung<br \/>\nErweiterte Ger\u00e4uschkontrolle<br \/>\nAngepasst f\u00fcr Hjc-Helme<br \/>\nMusikfreigabe<\/p>\n<p>Mit der Smartphone-App k\u00f6nnen Sie die verschiedenen Funktionen des SMART HJC Kommunikationssystems schnell und einfach verwalten und die Schnellstartanleitung lesen.<\/p>\n<p>Kann an HJC-Modelle angepasst werden:<\/p>\n<ul>\n<li>RPHA 71 UND RPHA 71 KOHLENSTOFF<\/li>\n<li>RPHA 91 UND RPHA 91 KOHLENSTOFF<\/li>\n<li>RPHA31<\/li>\n<li>F71 UND F71 CARBON<\/li>\n<li>F31<\/li>\n<li>i71<\/li>\n<li>i91<\/li>\n<\/ul>\n","protected":false},"excerpt":{"rendered":"<p>Das HJC Smart Sena 50B ist ein Bluetooth-Kommunikationssystem, das speziell f\u00fcr HJC-Helme entwickelt wurde.<\/p>\n","protected":false},"featured_media":22754,"comment_status":"open","ping_status":"open","template":"","meta":{"_acf_changed":false},"brand":[2131],"gender":[],"product_brand":[],"product_cat":[1357,1360,2064],"product_tag":[],"class_list":{"0":"post-107600","1":"product","2":"type-product","3":"status-publish","4":"has-post-thumbnail","6":"brand-hjc-de","7":"product_cat-ausrustung-fur-motorradfahrer","8":"product_cat-helme","9":"product_cat-kommunikation","11":"first","12":"onbackorder","13":"taxable","14":"shipping-taxable","15":"purchasable","16":"product-type-simple"},"acf":[],"_links":{"self":[{"href":"https:\/\/moto-oprema.com\/de\/wp-json\/wp\/v2\/product\/107600","targetHints":{"allow":["GET"]}}],"collection":[{"href":"https:\/\/moto-oprema.com\/de\/wp-json\/wp\/v2\/product"}],"about":[{"href":"https:\/\/moto-oprema.com\/de\/wp-json\/wp\/v2\/types\/product"}],"replies":[{"embeddable":true,"href":"https:\/\/moto-oprema.com\/de\/wp-json\/wp\/v2\/comments?post=107600"}],"wp:featuredmedia":[{"embeddable":true,"href":"https:\/\/moto-oprema.com\/de\/wp-json\/wp\/v2\/media\/22754"}],"wp:attachment":[{"href":"https:\/\/moto-oprema.com\/de\/wp-json\/wp\/v2\/media?parent=107600"}],"wp:term":[{"taxonomy":"brand","embeddable":true,"href":"https:\/\/moto-oprema.com\/de\/wp-json\/wp\/v2\/brand?post=107600"},{"taxonomy":"gender","embeddable":true,"href":"https:\/\/moto-oprema.com\/de\/wp-json\/wp\/v2\/gender?post=107600"},{"taxonomy":"product_brand","embeddable":true,"href":"https:\/\/moto-oprema.com\/de\/wp-json\/wp\/v2\/product_brand?post=107600"},{"taxonomy":"product_cat","embeddable":true,"href":"https:\/\/moto-oprema.com\/de\/wp-json\/wp\/v2\/product_cat?post=107600"},{"taxonomy":"product_tag","embeddable":true,"href":"https:\/\/moto-oprema.com\/de\/wp-json\/wp\/v2\/product_tag?post=107600"}],"curies":[{"name":"wp","href":"https:\/\/api.w.org\/{rel}","templated":true}]}}