{"id":107160,"date":"2023-10-16T07:51:51","date_gmt":"2023-10-16T07:51:51","guid":{"rendered":"https:\/\/moto-oprema.com\/Artikel\/100-mx-mtb-brille-strata-2-fluo-gelb-klar\/"},"modified":"2023-10-16T07:51:51","modified_gmt":"2023-10-16T07:51:51","slug":"100-mx-mtb-brille-strata-2-fluo-gelb-klar","status":"publish","type":"product","link":"https:\/\/moto-oprema.com\/de\/Artikel\/100-mx-mtb-brille-strata-2-fluo-gelb-klar\/","title":{"rendered":"100% MX-MTB BRILLE STRATA 2 FLUO GELB-KLAR"},"content":{"rendered":"<p>MX &#8211; MTB-Schutzbrille 100% Strata 2<\/p>\n<ul class=\"product-features\">\n<li class=\"\">Verbesserte Passform und Abdichtung mit gr\u00f6\u00dferem Sichtfeld<\/li>\n<li class=\"\">Unterst\u00fctzt dreifache Pfostenabrei\u00dfer f\u00fcr sicheren Halt<\/li>\n<li class=\"\">Ultradicker doppellagiger Gesichtsschaum leitet Schwei\u00df ab<\/li>\n<li class=\"\">40 mm breites, silikonbeschichtetes Band h\u00e4lt die Brille an ihrem Platz<\/li>\n<li class=\"\">9-Punkt-Glasr\u00fcckhaltesystem sichert das Glas im Rahmen<\/li>\n<li class=\"\">Anti-Beschlag-beschichtete Polycarbonatlinse f\u00fcr klare Sicht<\/li>\n<li class=\"\">Racecraft 2, Accuri 2 und Strata 2 verwenden die gleiche Linse und die gleichen Abrisskappen.<\/li>\n<\/ul>\n","protected":false},"excerpt":{"rendered":"<p>MX &#8211; MTB-Schutzbrille 100% Strata 2 Farbe: Fluo Gelb &#8211; Klar<\/p>\n","protected":false},"featured_media":23166,"comment_status":"open","ping_status":"open","template":"","meta":{"_acf_changed":false},"brand":[2636],"gender":[2173],"product_brand":[],"product_cat":[2028,2182],"product_tag":[],"class_list":{"0":"post-107160","1":"product","2":"type-product","3":"status-publish","4":"has-post-thumbnail","6":"brand-100-de","7":"gender-unisex-de","8":"product_cat-motocross-ausrustung","9":"product_cat-mx-brille","11":"first","12":"instock","13":"sale","14":"taxable","15":"shipping-taxable","16":"purchasable","17":"product-type-simple"},"acf":[],"_links":{"self":[{"href":"https:\/\/moto-oprema.com\/de\/wp-json\/wp\/v2\/product\/107160","targetHints":{"allow":["GET"]}}],"collection":[{"href":"https:\/\/moto-oprema.com\/de\/wp-json\/wp\/v2\/product"}],"about":[{"href":"https:\/\/moto-oprema.com\/de\/wp-json\/wp\/v2\/types\/product"}],"replies":[{"embeddable":true,"href":"https:\/\/moto-oprema.com\/de\/wp-json\/wp\/v2\/comments?post=107160"}],"wp:featuredmedia":[{"embeddable":true,"href":"https:\/\/moto-oprema.com\/de\/wp-json\/wp\/v2\/media\/23166"}],"wp:attachment":[{"href":"https:\/\/moto-oprema.com\/de\/wp-json\/wp\/v2\/media?parent=107160"}],"wp:term":[{"taxonomy":"brand","embeddable":true,"href":"https:\/\/moto-oprema.com\/de\/wp-json\/wp\/v2\/brand?post=107160"},{"taxonomy":"gender","embeddable":true,"href":"https:\/\/moto-oprema.com\/de\/wp-json\/wp\/v2\/gender?post=107160"},{"taxonomy":"product_brand","embeddable":true,"href":"https:\/\/moto-oprema.com\/de\/wp-json\/wp\/v2\/product_brand?post=107160"},{"taxonomy":"product_cat","embeddable":true,"href":"https:\/\/moto-oprema.com\/de\/wp-json\/wp\/v2\/product_cat?post=107160"},{"taxonomy":"product_tag","embeddable":true,"href":"https:\/\/moto-oprema.com\/de\/wp-json\/wp\/v2\/product_tag?post=107160"}],"curies":[{"name":"wp","href":"https:\/\/api.w.org\/{rel}","templated":true}]}}