{"id":107078,"date":"2023-09-25T08:13:32","date_gmt":"2023-09-25T08:13:32","guid":{"rendered":"https:\/\/moto-oprema.com\/Artikel\/alpinestars-t-gp-r-v3-drystar-jacke-schwarz\/"},"modified":"2023-09-25T08:13:32","modified_gmt":"2023-09-25T08:13:32","slug":"alpinestars-t-gp-r-v3-drystar-jacke-schwarz","status":"publish","type":"product","link":"https:\/\/moto-oprema.com\/de\/Artikel\/alpinestars-t-gp-r-v3-drystar-jacke-schwarz\/","title":{"rendered":"ALPINESTARS T-GP R V3 DRYSTAR JACKE SCHWARZ"},"content":{"rendered":"<p>Die T-GP R V3 Drystar\u00ae Jacket ist eine aus dem Rennsport abgeleitete, wasserdichte Sporttextiljacke aus fortschrittlichen Stretch-Materialien mit einer ma\u00dfgeschneiderten 3D-Sportsilhouette und raffinierten Details. Die Silhouette zeichnet sich durch ein neues Muster aus, das der Jacke den Look einer echten Lederjacke verleiht, unterst\u00fctzt durch einen erweiterten Ellbogenschutz f\u00fcr den Rennsport. Dank des umfangreichen Einsatzes von Stretch bietet die Jacke unvergleichlichen Komfort und Bewegungsfreiheit. Mehr als die H\u00e4lfte der Jacke besteht aus strategisch platzierten technischen Stretch- und Stretch-Softshell-Materialien, der Rest aus einer Mischung aus 450D und 600D Polygewebe zur Verst\u00e4rkung. Wenn<br \/>\nWenn es um Schutz geht, sch\u00fctzen DFS Au\u00dfenschieber und Nucleon Flex Plus Level 1 Panzerung die Schultern des Fahrers mit verst\u00e4rkter GP-R Lite Panzerung an den Ellbogen und Unterarmen. Die leichte und wasserdichte T-GP R V3 Drystar\u00ae Jacke bietet atmungsaktive Leistung mit Rundum-Klimamanagement. F\u00fcr zus\u00e4tzliches Temperaturmanagement verf\u00fcgt die Jacke \u00fcber ein herausnehmbares Stretch-Thermofutter mit einer Mischung aus 100 g PrimaLoft\u00ae-Isolierung am Rumpf und 80 g Isolierung an den Armen, kombiniert mit Bel\u00fcftungs\u00f6ffnungen mit Rei\u00dfverschluss mit direkter \u00d6ffnung f\u00fcr den Fahrer und verdeckten Seiten. Die Laserperforation befindet sich auf dem R\u00fccken des Fahrers. Die abnehmbare Thermoweste verf\u00fcgt au\u00dferdem \u00fcber einen optimierten neuen Handgelenkverschluss mit 360-Grad-Klettsystem und weichem Velours am inneren Handgelenk.<br \/>\nRacing Sport-Textilweste mit 3D geschnittener Sportsilhouette und modernisiertem Look.        <\/p>\n<p>Fortschrittliche Stretch-Materialien wie Tech Stretch und Stretch Softshell sorgen f\u00fcr mehr Flexibilit\u00e4t, Bewegungsfreiheit und \u00fcberragenden Komfort.<br \/>\nDynamic Friction Shield (DFS) Schulterset mit Nucleon Flex Plus Schulterpanzer f\u00fcr Aufprallschutz, Reibungskontrolle und Bewegungskomfort.<br \/>\nDer erweiterte GP-R Lite Ellbogenschutz an den Ellbogen und Unterarmen mit einer vorgeformten 3D-Rennpassform bietet erweiterten Aufprallschutz<br \/>\nund nat\u00fcrlichen, vorgeformten Komfort in der Fahrposition.<br \/>\nDie wasserdichte und atmungsaktive Drystar\u00ae-Membran h\u00e4lt den Fahrer trocken und bietet verbesserte Atmungsaktivit\u00e4t.<br \/>\nDirekt zu \u00f6ffnende Bel\u00fcftungs\u00f6ffnungen an den Seiten der Jacke sorgen f\u00fcr eine optimale Luftzirkulation im ge\u00f6ffneten Zustand und eine umfassende Klimakontrolle.<br \/>\nDirekte Bel\u00fcftung mit laserperforierter \u00d6ffnung an der R\u00fcckseite zur Klimakontrolle.<br \/>\nNeue optimale Technologie am Handgelenk mit 360\u00b0 Klettsystem um die thermische Handgelenkschicht mit innerem Handgelenk<br \/>\nAus weichem Velours und mit Stretcheinsatz an den Manschetten f\u00fcr Komfort.<br \/>\nAbnehmbare Thermojacke aus 60% recyceltem PrimaLoft\u00ae 100g isoliert gegen K\u00e4lte.<br \/>\nDie Brustpolster und R\u00fcckenf\u00e4cher sind f\u00fcr die Aufnahme des Nucleon Brustbeutels konzipiert und in Standardgr\u00f6\u00dfen und -l\u00e4ngen erh\u00e4ltlich.<br \/>\nR\u00fcckenschutzpolster (als optionales Extra erh\u00e4ltlich).<br \/>\nFlacher Kragen mit 3D-texturiertem Mikrofaser-Komfortstoff am Kragenfutter und an den Manschetten.<br \/>\nZwei Rei\u00dfverschlusstaschen an den H\u00e4nden und eine wasserdichte Innentasche auf der Vorderseite.<br \/>\nDer G\u00fcrtelrei\u00dfverschluss erm\u00f6glicht die Befestigung an Alpinestars Hosen.<br \/>\nGedruckte Logos und reflektierende Details.<br \/>\nGem\u00e4\u00df der europ\u00e4ischen Gesetzgebung ist die CE-Kennzeichnung eine Konformit\u00e4tsbedingung f\u00fcr die Vermarktung dieses Produkts.<br \/>\n Die folgenden Normen gelten f\u00fcr dieses Produkt:<br \/>\nCE Certified, Category II EN 17092-4:2020 Class A.<br \/>\nCE Level 1, Category II EN 1621-1:2012 Nucleon Flex Plus Shoulder Protection.<br \/>\nCE Level 1, Category II EN 1621-1:2012 GP-R Lite Elbow Protection.<br \/>\nPrimaLoft\u00ae ist eine eingetragene Marke von PrimaLoft, Inc. <\/p>\n<p>&nbsp;<\/p>\n","protected":false},"excerpt":{"rendered":"<p>Alpinestars T-GP R V3 Drystar Jacke Farbe: Schwarz &nbsp;<\/p>\n","protected":false},"featured_media":22582,"comment_status":"open","ping_status":"open","template":"","meta":{"_acf_changed":false},"brand":[2111],"gender":[],"product_brand":[],"product_cat":[1357,2045,2048],"product_tag":[],"class_list":{"0":"post-107078","1":"product","2":"type-product","3":"status-publish","4":"has-post-thumbnail","6":"brand-alpinestars-de","7":"product_cat-ausrustung-fur-motorradfahrer","8":"product_cat-jakne-de","9":"product_cat-textil-jacken","10":"pa_size-l-de","11":"pa_size-m-de","12":"pa_size-s-de","13":"pa_size-xl-de","14":"pa_size-xxl-de","15":"pa_size-xxxl-de","17":"first","18":"instock","19":"taxable","20":"shipping-taxable","21":"purchasable","22":"product-type-variable"},"acf":[],"_links":{"self":[{"href":"https:\/\/moto-oprema.com\/de\/wp-json\/wp\/v2\/product\/107078","targetHints":{"allow":["GET"]}}],"collection":[{"href":"https:\/\/moto-oprema.com\/de\/wp-json\/wp\/v2\/product"}],"about":[{"href":"https:\/\/moto-oprema.com\/de\/wp-json\/wp\/v2\/types\/product"}],"replies":[{"embeddable":true,"href":"https:\/\/moto-oprema.com\/de\/wp-json\/wp\/v2\/comments?post=107078"}],"wp:featuredmedia":[{"embeddable":true,"href":"https:\/\/moto-oprema.com\/de\/wp-json\/wp\/v2\/media\/22582"}],"wp:attachment":[{"href":"https:\/\/moto-oprema.com\/de\/wp-json\/wp\/v2\/media?parent=107078"}],"wp:term":[{"taxonomy":"brand","embeddable":true,"href":"https:\/\/moto-oprema.com\/de\/wp-json\/wp\/v2\/brand?post=107078"},{"taxonomy":"gender","embeddable":true,"href":"https:\/\/moto-oprema.com\/de\/wp-json\/wp\/v2\/gender?post=107078"},{"taxonomy":"product_brand","embeddable":true,"href":"https:\/\/moto-oprema.com\/de\/wp-json\/wp\/v2\/product_brand?post=107078"},{"taxonomy":"product_cat","embeddable":true,"href":"https:\/\/moto-oprema.com\/de\/wp-json\/wp\/v2\/product_cat?post=107078"},{"taxonomy":"product_tag","embeddable":true,"href":"https:\/\/moto-oprema.com\/de\/wp-json\/wp\/v2\/product_tag?post=107078"}],"curies":[{"name":"wp","href":"https:\/\/api.w.org\/{rel}","templated":true}]}}