{"id":107002,"date":"2023-09-21T10:13:40","date_gmt":"2023-09-21T10:13:40","guid":{"rendered":"https:\/\/moto-oprema.com\/Artikel\/dainese-argon-handschuhe-schwarz\/"},"modified":"2023-09-21T10:13:40","modified_gmt":"2023-09-21T10:13:40","slug":"dainese-argon-handschuhe-schwarz","status":"publish","type":"product","link":"https:\/\/moto-oprema.com\/de\/Artikel\/dainese-argon-handschuhe-schwarz\/","title":{"rendered":"DAINESE ARGON HANDSCHUHE SCHWARZ"},"content":{"rendered":"<p>Die Argon-Handschuhe sind aus atmungsaktivem, elastischem Gewebe gefertigt und sind zertifizierte Motorradhandschuhe, die f\u00fcr maximalen Komfort und Schutz entwickelt wurden.<\/p>\n<p>Die nahtlos gestrickte R\u00fcckenkonstruktion erh\u00f6ht die Elastizit\u00e4t und reduziert Druckstellen, w\u00e4hrend sie selbst an hei\u00dfen Tagen f\u00fcr Komfort und hervorragende Atmungsaktivit\u00e4t sorgt. Viscoelastische Kn\u00f6chelpolster sorgen f\u00fcr Sicherheit, w\u00e4hrend die vorgekr\u00fcmmte Struktur an den Zehen die Ergonomie und den Fahrkomfort optimiert. <\/p>\n<p>Mikrofasereins\u00e4tze an Handfl\u00e4che und Stulpe erh\u00f6hen den Schutz an den am st\u00e4rksten beanspruchten Stellen, w\u00e4hrend der Klettverschluss und die verstellbare Passform an den Handgelenken den Tragekomfort des Handschuhs verbessern.<\/p>\n<p>Das Smart Touch Touchscreen-System erg\u00e4nzt die Argon-Handschuhe und macht sie praktisch und funktionell.<\/p>\n<p>&nbsp;<\/p>\n","protected":false},"excerpt":{"rendered":"<p>Die Argon-Handschuhe sind aus atmungsaktivem, elastischem Gewebe gefertigt und sind zertifizierte Motorradhandschuhe, die f\u00fcr maximalen Komfort&#8230;<\/p>\n","protected":false},"featured_media":22535,"comment_status":"open","ping_status":"closed","template":"","meta":{"_acf_changed":false},"brand":[2113],"gender":[],"product_brand":[],"product_cat":[1357,2086,2188],"product_tag":[],"class_list":{"0":"post-107002","1":"product","2":"type-product","3":"status-publish","4":"has-post-thumbnail","6":"brand-dainese-de","7":"product_cat-ausrustung-fur-motorradfahrer","8":"product_cat-handschuhe","9":"product_cat-lederhandschuhe","10":"pa_size-l-de","11":"pa_size-m-de","12":"pa_size-s-de","13":"pa_size-xl-de","14":"pa_size-xs-de","15":"pa_size-xxl-de","16":"pa_size-xxxl-de","18":"first","19":"instock","20":"sale","21":"taxable","22":"shipping-taxable","23":"purchasable","24":"product-type-variable"},"acf":[],"_links":{"self":[{"href":"https:\/\/moto-oprema.com\/de\/wp-json\/wp\/v2\/product\/107002","targetHints":{"allow":["GET"]}}],"collection":[{"href":"https:\/\/moto-oprema.com\/de\/wp-json\/wp\/v2\/product"}],"about":[{"href":"https:\/\/moto-oprema.com\/de\/wp-json\/wp\/v2\/types\/product"}],"replies":[{"embeddable":true,"href":"https:\/\/moto-oprema.com\/de\/wp-json\/wp\/v2\/comments?post=107002"}],"wp:featuredmedia":[{"embeddable":true,"href":"https:\/\/moto-oprema.com\/de\/wp-json\/wp\/v2\/media\/22535"}],"wp:attachment":[{"href":"https:\/\/moto-oprema.com\/de\/wp-json\/wp\/v2\/media?parent=107002"}],"wp:term":[{"taxonomy":"brand","embeddable":true,"href":"https:\/\/moto-oprema.com\/de\/wp-json\/wp\/v2\/brand?post=107002"},{"taxonomy":"gender","embeddable":true,"href":"https:\/\/moto-oprema.com\/de\/wp-json\/wp\/v2\/gender?post=107002"},{"taxonomy":"product_brand","embeddable":true,"href":"https:\/\/moto-oprema.com\/de\/wp-json\/wp\/v2\/product_brand?post=107002"},{"taxonomy":"product_cat","embeddable":true,"href":"https:\/\/moto-oprema.com\/de\/wp-json\/wp\/v2\/product_cat?post=107002"},{"taxonomy":"product_tag","embeddable":true,"href":"https:\/\/moto-oprema.com\/de\/wp-json\/wp\/v2\/product_tag?post=107002"}],"curies":[{"name":"wp","href":"https:\/\/api.w.org\/{rel}","templated":true}]}}