{"id":106896,"date":"2023-09-18T07:26:56","date_gmt":"2023-09-18T07:26:56","guid":{"rendered":"https:\/\/moto-oprema.com\/Artikel\/spidi-traveler-3-h2out-frauen-jacke-schwarz\/"},"modified":"2023-09-18T07:26:56","modified_gmt":"2023-09-18T07:26:56","slug":"spidi-traveler-3-h2out-frauen-jacke-schwarz","status":"publish","type":"product","link":"https:\/\/moto-oprema.com\/de\/Artikel\/spidi-traveler-3-h2out-frauen-jacke-schwarz\/","title":{"rendered":"SPIDI TRAVELER 3 H2OUT FRAUEN JACKE SCHWARZ"},"content":{"rendered":"<p><span class=\"VIiyi\" lang=\"sl\" xml_lang=\"sl\"><span class=\"JLqJ4b\">Die Spidi Traveler 3 H2Out Jacket wurde entwickelt, um Komfort und zus\u00e4tzliche Strapazierf\u00e4higkeit f\u00fcr das Motorradfahren bei jedem Wetter zu bieten. Um sie so vielseitig wie m\u00f6glich zu machen, verf\u00fcgt die Jacke \u00fcber ein herausnehmbares 150 gsm Thermofutter und eine H2Out\u00ae-Membran, die sie wasserdicht, winddicht und atmungsaktiv macht. Die Konstruktion der Jacke besteht aus einem sehr widerstandsf\u00e4higen Material mit vielen Bel\u00fcftungs\u00f6ffnungen und einem Front- und R\u00fcckenrei\u00dfverschluss mit dem exklusiven Spidi Direct Air System, das den Feuchtigkeitstransport und den Fahrkomfort an den w\u00e4rmsten Tagen des Jahres effektiv verbessert. Die Traveler 3 verf\u00fcgt \u00fcber eine verstellbare Taille, weitenverstellbare Arme und Unterarme, die eine ganz individuelle Passform erm\u00f6glichen. Zu den wichtigen Sicherheitsmerkmalen geh\u00f6ren ein Rei\u00dfverschluss, mit dem die Jacke an der Hose befestigt werden kann, abnehmbare Warrior Light (En 1621-1: 2012) Schulter- und Ellbogenpolster und eine R\u00fcckenschutztasche f\u00fcr Level 1 oder 2 (nicht im Lieferumfang enthalten). Die spezielle Kombination aus 1200er und 600er Polyester und das technische Design der Sicherheitsbereiche haben zu einer hochentwickelten Jacke gef\u00fchrt, die der anspruchsvollen Norm prEN 17092-2: 2017 Klasse AA entspricht. Die Au\u00dfenjacke und das Innenfutter wurden mit wasserdichten Innentaschen f\u00fcr Dokumente und kleine mobile Ger\u00e4te ausgestattet. Au\u00dferdem 3M\u00ae Scotchlite reflektierende Bereiche, die die Sichtbarkeit im Dunkeln deutlich verbessern.         <\/span><\/span><\/p>\n<p>Zusammensetzung des Rohmaterials:<\/p>\n<p>&#8211; 100% Polyester<\/p>\n","protected":false},"excerpt":{"rendered":"<p>Spidi Traveler 3 Touring Jacke.<\/p>\n","protected":false},"featured_media":106914,"comment_status":"open","ping_status":"closed","template":"","meta":{"_acf_changed":false},"brand":[2124],"gender":[2170],"product_brand":[],"product_cat":[1357,2045,2048],"product_tag":[],"class_list":{"0":"post-106896","1":"product","2":"type-product","3":"status-publish","4":"has-post-thumbnail","6":"brand-spidi-de","7":"gender-zenska-de","8":"product_cat-ausrustung-fur-motorradfahrer","9":"product_cat-jakne-de","10":"product_cat-textil-jacken","11":"pa_size-l-de","12":"pa_size-m-de","13":"pa_size-s-de","14":"pa_size-xl-de","15":"pa_size-xs-de","16":"pa_size-xxl-de","17":"pa_size-xxxl-de","19":"first","20":"instock","21":"sale","22":"taxable","23":"shipping-taxable","24":"purchasable","25":"product-type-variable"},"acf":[],"_links":{"self":[{"href":"https:\/\/moto-oprema.com\/de\/wp-json\/wp\/v2\/product\/106896","targetHints":{"allow":["GET"]}}],"collection":[{"href":"https:\/\/moto-oprema.com\/de\/wp-json\/wp\/v2\/product"}],"about":[{"href":"https:\/\/moto-oprema.com\/de\/wp-json\/wp\/v2\/types\/product"}],"replies":[{"embeddable":true,"href":"https:\/\/moto-oprema.com\/de\/wp-json\/wp\/v2\/comments?post=106896"}],"wp:featuredmedia":[{"embeddable":true,"href":"https:\/\/moto-oprema.com\/de\/wp-json\/wp\/v2\/media\/106914"}],"wp:attachment":[{"href":"https:\/\/moto-oprema.com\/de\/wp-json\/wp\/v2\/media?parent=106896"}],"wp:term":[{"taxonomy":"brand","embeddable":true,"href":"https:\/\/moto-oprema.com\/de\/wp-json\/wp\/v2\/brand?post=106896"},{"taxonomy":"gender","embeddable":true,"href":"https:\/\/moto-oprema.com\/de\/wp-json\/wp\/v2\/gender?post=106896"},{"taxonomy":"product_brand","embeddable":true,"href":"https:\/\/moto-oprema.com\/de\/wp-json\/wp\/v2\/product_brand?post=106896"},{"taxonomy":"product_cat","embeddable":true,"href":"https:\/\/moto-oprema.com\/de\/wp-json\/wp\/v2\/product_cat?post=106896"},{"taxonomy":"product_tag","embeddable":true,"href":"https:\/\/moto-oprema.com\/de\/wp-json\/wp\/v2\/product_tag?post=106896"}],"curies":[{"name":"wp","href":"https:\/\/api.w.org\/{rel}","templated":true}]}}