{"id":106801,"date":"2023-09-13T07:04:38","date_gmt":"2023-09-13T07:04:38","guid":{"rendered":"https:\/\/moto-oprema.com\/Artikel\/shoei-slr3-alte-kommunikation-mesh\/"},"modified":"2023-09-13T07:04:38","modified_gmt":"2023-09-13T07:04:38","slug":"shoei-slr3-alte-kommunikation-mesh","status":"publish","type":"product","link":"https:\/\/moto-oprema.com\/de\/Artikel\/shoei-slr3-alte-kommunikation-mesh\/","title":{"rendered":"SHOEI SLR3 ALTE KOMMUNIKATION MESH"},"content":{"rendered":"<p>Shoei Sena SRL3 Bluetooth Kommunikationssystem f\u00fcr einen Helm<\/p>\n<p>Satter Sound, umfangreiche Funktionen, perfekte Integration in die Helmschale dank der minimalen Gr\u00f6\u00dfe des Ger\u00e4ts. Das SRL3 Kommunikationssystem von Sena\u00ae bietet beste Unterhaltung und aktuelle Informationen w\u00e4hrend der Fahrt und ist optisch ansprechend und diskret. Das SRL3 wurde speziell f\u00fcr den Einbau in die Innenaussparungen der Helme Shoei Neotec 3 und Shoei GT-Air 3 entwickelt. Einmal installiert, ist die kompakte SRL3-Einheit von au\u00dfen praktisch unsichtbar. Auf der linken Seite des SRL3 befindet sich ein Drei-Tasten-Controller, w\u00e4hrend sich auf der rechten Seite eine Mesh Intercom\u2122-Taste befindet.    <\/p>\n<p>Merkmale:<\/p>\n<p>Bluetooth\u00ae-Verbindung zu Ihrem Navigationsger\u00e4t, Mobiltelefon oder andere Ger\u00e4te<br \/>\nFM-Radioempfang<br \/>\nHD-Lautsprecher mit Harman\/Kardon\u00ae Premium-Soundsystem<br \/>\nAudio-Equalizer f\u00fcr individuelle Klangabstimmung<br \/>\nBessere Kommunikation durch Unterdr\u00fcckung st\u00f6render Ger\u00e4usche mit Advanced Noise Control\u00ae<br \/>\nSprachsteuerung in 8 Sprachen<br \/>\nUnterst\u00fctzung f\u00fcr Siri und Google Voice<br \/>\nAudio-Multitasking<br \/>\nBluetooth 5.0 f\u00fcr hohe Kompatibilit\u00e4t<br \/>\n4-Wege-Bluetooth\u00ae-Gegensprechanlage<\/p>\n<p>Technische Daten:<\/p>\n<p>Mesh Intercom mit Group Mesh\u00ae: 24 Gruppenteilnehmer oder Open Mesh f\u00fcr nahezu unbegrenzte Anzahl von Gruppenteilnehmern<br \/>\nBluetooth\u00ae Intercom: 4 Gruppenteilnehmer<br \/>\nMesh\u00ae Reichweite: bis zu 2 km, erweiterbar auf bis zu 8 km (bei mindestens 6 Gruppenmitgliedern)<br \/>\nBluetooth\u00ae Reichweite: bis zu 1,2 km<br \/>\nSprechzeit: bis zu 8 Stunden<br \/>\nAdvanced Noise Control\u2122<\/p>\n<p>Kompatibilit\u00e4t:<\/p>\n<p>Shoei Neotec 3<br \/>\nShoei GT Air 3<\/p>\n<p>Hinweis des Herstellers: Das SRL3 mit Netzwerkfunktion kann einfach und schnell in die COMLINK-Schnittstelle der Shoei Neotec 3 und GT-Air 3 Helmmodelle eingesetzt werden.<\/p>\n<p>Enthalten:<\/p>\n<p>1 x Shoei Sena SRL3 Hauptger\u00e4t<br \/>\n1 x kabelgebundenes Mikrofon f\u00fcr Helme an einem Kippschalter<br \/>\n1 x kabelgebundenes Mikrofon f\u00fcr Integralhelme<br \/>\n1 Paar Mikrofonadapter f\u00fcr kabelgebundenes Mikrofon an einer Halterung<br \/>\n1 x Klettband zur Befestigung des kabelgebundenen Mikrofons<br \/>\n1 x WiFi-Adapter<\/p>\n","protected":false},"excerpt":{"rendered":"<p>Sena SRL3 Bluetooth Kommunikationssystem f\u00fcr Shoei GT-Air 3 \/ Neotec 3<\/p>\n","protected":false},"featured_media":22122,"comment_status":"open","ping_status":"open","template":"","meta":{"_acf_changed":false},"brand":[2126],"gender":[],"product_brand":[],"product_cat":[1357,1360,2064],"product_tag":[],"class_list":{"0":"post-106801","1":"product","2":"type-product","3":"status-publish","4":"has-post-thumbnail","6":"brand-shoei-de","7":"product_cat-ausrustung-fur-motorradfahrer","8":"product_cat-helme","9":"product_cat-kommunikation","11":"first","12":"instock","13":"taxable","14":"shipping-taxable","15":"purchasable","16":"product-type-simple"},"acf":[],"_links":{"self":[{"href":"https:\/\/moto-oprema.com\/de\/wp-json\/wp\/v2\/product\/106801","targetHints":{"allow":["GET"]}}],"collection":[{"href":"https:\/\/moto-oprema.com\/de\/wp-json\/wp\/v2\/product"}],"about":[{"href":"https:\/\/moto-oprema.com\/de\/wp-json\/wp\/v2\/types\/product"}],"replies":[{"embeddable":true,"href":"https:\/\/moto-oprema.com\/de\/wp-json\/wp\/v2\/comments?post=106801"}],"wp:featuredmedia":[{"embeddable":true,"href":"https:\/\/moto-oprema.com\/de\/wp-json\/wp\/v2\/media\/22122"}],"wp:attachment":[{"href":"https:\/\/moto-oprema.com\/de\/wp-json\/wp\/v2\/media?parent=106801"}],"wp:term":[{"taxonomy":"brand","embeddable":true,"href":"https:\/\/moto-oprema.com\/de\/wp-json\/wp\/v2\/brand?post=106801"},{"taxonomy":"gender","embeddable":true,"href":"https:\/\/moto-oprema.com\/de\/wp-json\/wp\/v2\/gender?post=106801"},{"taxonomy":"product_brand","embeddable":true,"href":"https:\/\/moto-oprema.com\/de\/wp-json\/wp\/v2\/product_brand?post=106801"},{"taxonomy":"product_cat","embeddable":true,"href":"https:\/\/moto-oprema.com\/de\/wp-json\/wp\/v2\/product_cat?post=106801"},{"taxonomy":"product_tag","embeddable":true,"href":"https:\/\/moto-oprema.com\/de\/wp-json\/wp\/v2\/product_tag?post=106801"}],"curies":[{"name":"wp","href":"https:\/\/api.w.org\/{rel}","templated":true}]}}