{"id":106776,"date":"2023-09-12T09:17:35","date_gmt":"2023-09-12T09:17:35","guid":{"rendered":"https:\/\/moto-oprema.com\/Artikel\/shoei-gt-air-3-weiss\/"},"modified":"2023-09-12T09:17:35","modified_gmt":"2023-09-12T09:17:35","slug":"shoei-gt-air-3-weiss","status":"publish","type":"product","link":"https:\/\/moto-oprema.com\/de\/Artikel\/shoei-gt-air-3-weiss\/","title":{"rendered":"SHOEI GT-AIR 3 WEISS"},"content":{"rendered":"<p>Shoei GT-Air 3 Helm<\/p>\n<p>Der Shoei GT-Air in seiner dritten Generation ist mehr als ein Allround-Helm &#8211; er ist ein hochfunktioneller Sport- und Reisehelm. Unverwechselbar im Design, mit herausragendem Tragekomfort, vollgepackt mit revolution\u00e4ren Features, homologiert nach den neuesten Sicherheitsstandards, erbringt er Leistungen auf h\u00f6chstem Niveau und unterstreicht seinen Anspruch, die Nummer eins unter den Sporttourenhelmen zu sein. <\/p>\n<p>Merkmale:<\/p>\n<p>AIM-Mantel<br \/>\nOrganische Fasern und Multikomposit-Fasern in den Au\u00dfenschichten zur Sto\u00dfd\u00e4mpfung<br \/>\nLineares EPS-System mit verschiedenen Dichten<br \/>\noptimierter Schutz mit EPS-Elementen<br \/>\nElemente mit unterschiedlichen D\u00e4mpfungsgraden<br \/>\nCNS-1C Pinlock\u00ae beschlagabweisendes Visier<br \/>\nQSV-2 Sonnenblende mit erweitertem Beschattungsbereich (EN1836)<br \/>\n3 verschiedene Au\u00dfenschalenkonstruktionen f\u00fcr eine perfekte Passform und kompakte Abmessungen (XS-M \/ L \/ XL-XXL)<br \/>\n3D-Polsterung in der Mitte, herausnehmbar und waschbar f\u00fcr hohen Tragekomfort<br \/>\nHerausnehmbare und waschbare Wangenpolster<br \/>\nDer Kinnriemenbezug ist abnehmbar und waschbar<br \/>\nOhrpolster zur Ger\u00e4uschreduzierung<br \/>\nbereit f\u00fcr die Installation der Gegensprechanlage<br \/>\nSpeziell entwickelt f\u00fcr die Integration von SENA\u00ae SRL3 Mesh Kommunikationssystemen<br \/>\nMehrfache Be- und Entl\u00fcftung f\u00fcr optimale Bel\u00fcftungsleistung<br \/>\nEing\u00e4nge an der Oberseite des Kopfes und des Kinns<br \/>\nEntl\u00fcftungs\u00f6ffnungen an R\u00fccken und Nacken zum Abf\u00fchren der warmen Luft<br \/>\nDie neue Position des Visiers verhindert, dass das Visier falsch ausgerichtet wird<br \/>\nIntegrierter Spoiler f\u00fcr optimierte aerodynamische Leistung<\/p>\n<p>Technische Daten:<\/p>\n<p>ECE 22.06<br \/>\nGewicht: ca. 1700 g<br \/>\nMikro-Ratschenverschluss aus Edelstahl<br \/>\nEQRS (Emergency Quick Release System)<\/p>\n<p>Enthalten:<\/p>\n<p>1x Shoei GT-Air 3 Helm<br \/>\n1x Pinlock Scheibe<br \/>\n1x Ersatzstifte<br \/>\n1x kleines Wartungswerkzeug<br \/>\n1x Atemschutz<br \/>\n1x Kinnschutz<br \/>\n1x Helmtasche<br \/>\n1x Silikon\u00f6l<br \/>\n1x Shoei Logoaufkleber<\/p>\n","protected":false},"excerpt":{"rendered":"<p>Gr\u00f6\u00dfe XS und S Erste Lieferung Januar 2024!<\/p>\n","protected":false},"featured_media":22044,"comment_status":"open","ping_status":"open","template":"","meta":{"_acf_changed":false},"brand":[2126],"gender":[2173],"product_brand":[],"product_cat":[1357,1360,1361],"product_tag":[],"class_list":{"0":"post-106776","1":"product","2":"type-product","3":"status-publish","4":"has-post-thumbnail","6":"brand-shoei-de","7":"gender-unisex-de","8":"product_cat-ausrustung-fur-motorradfahrer","9":"product_cat-helme","10":"product_cat-integral","11":"pa_size-l-de","12":"pa_size-m-de","13":"pa_size-s-de","14":"pa_size-xl-de","15":"pa_size-xs-de","16":"pa_size-xxl-de","18":"first","19":"onbackorder","20":"taxable","21":"shipping-taxable","22":"purchasable","23":"product-type-variable"},"acf":[],"_links":{"self":[{"href":"https:\/\/moto-oprema.com\/de\/wp-json\/wp\/v2\/product\/106776","targetHints":{"allow":["GET"]}}],"collection":[{"href":"https:\/\/moto-oprema.com\/de\/wp-json\/wp\/v2\/product"}],"about":[{"href":"https:\/\/moto-oprema.com\/de\/wp-json\/wp\/v2\/types\/product"}],"replies":[{"embeddable":true,"href":"https:\/\/moto-oprema.com\/de\/wp-json\/wp\/v2\/comments?post=106776"}],"wp:featuredmedia":[{"embeddable":true,"href":"https:\/\/moto-oprema.com\/de\/wp-json\/wp\/v2\/media\/22044"}],"wp:attachment":[{"href":"https:\/\/moto-oprema.com\/de\/wp-json\/wp\/v2\/media?parent=106776"}],"wp:term":[{"taxonomy":"brand","embeddable":true,"href":"https:\/\/moto-oprema.com\/de\/wp-json\/wp\/v2\/brand?post=106776"},{"taxonomy":"gender","embeddable":true,"href":"https:\/\/moto-oprema.com\/de\/wp-json\/wp\/v2\/gender?post=106776"},{"taxonomy":"product_brand","embeddable":true,"href":"https:\/\/moto-oprema.com\/de\/wp-json\/wp\/v2\/product_brand?post=106776"},{"taxonomy":"product_cat","embeddable":true,"href":"https:\/\/moto-oprema.com\/de\/wp-json\/wp\/v2\/product_cat?post=106776"},{"taxonomy":"product_tag","embeddable":true,"href":"https:\/\/moto-oprema.com\/de\/wp-json\/wp\/v2\/product_tag?post=106776"}],"curies":[{"name":"wp","href":"https:\/\/api.w.org\/{rel}","templated":true}]}}