{"id":106758,"date":"2023-05-15T08:24:02","date_gmt":"2023-05-15T08:24:02","guid":{"rendered":"https:\/\/moto-oprema.com\/Artikel\/dainese-metractive-air-schuhe-schwarz\/"},"modified":"2023-05-15T08:24:02","modified_gmt":"2023-05-15T08:24:02","slug":"dainese-metractive-air-schuhe-schwarz","status":"publish","type":"product","link":"https:\/\/moto-oprema.com\/de\/Artikel\/dainese-metractive-air-schuhe-schwarz\/","title":{"rendered":"DAINESE METRACTIVE AIR SCHUHE SCHWARZ"},"content":{"rendered":"<p>Sch\u00fctzende und bequeme Motorrad-Stra\u00dfenschuhe f\u00fcr den t\u00e4glichen Gebrauch. Das hoch atmungsaktive, gestrickte Obermaterial macht den Schuh auch an den hei\u00dfesten Tagen leicht und bequem. F\u00fcr maximalen Schutz sorgen Verst\u00e4rkungen an der Ferse und am Kn\u00f6chel, die auch die Stabilit\u00e4t beim Fahren erh\u00f6hen. Die asymmetrische Groundtrax\u00ae-Sohlenkonstruktion mit Differenzierung im Schalt- und Bremsbereich sorgt f\u00fcr maximalen Komfort. Die Au\u00dfensohlen sind resistent gegen Verformungen durch St\u00f6\u00dfe und vermitteln ein Gef\u00fchl von Stabilit\u00e4t und Sicherheit beim Fahren. Der Schuh ist so konzipiert, dass er sowohl beim Fahren als auch beim Gehen maximalen Komfort und Schutz bietet. Er verf\u00fcgt \u00fcber eine praktische Zunge mit einer Tasche zum Verstecken der Schn\u00fcrsenkel. Die Ortholite\u00ae-Einlegesohle bietet maximale Atmungsaktivit\u00e4t und dauerhafte D\u00e4mpfung.      <\/p>\n<p>Merkmale:<\/p>\n<ul>\n<li>Elastisches Band zur Aufbewahrung von Schn\u00fcrsenkeln<\/li>\n<li>PU-Schalthebelverst\u00e4rkung<\/li>\n<li>Groundtrax\u00ae Gummilaufsohle, entwickelt f\u00fcr hervorragenden Gehkomfort<\/li>\n<li>Gestrickte obere Konstruktion<\/li>\n<li>Ortholite-Einlegesohle mit lang anhaltender D\u00e4mpfung und hoher Atmungsaktivit\u00e4t Lange Zunge mit Platz zum Verstecken der Schn\u00fcrsenkel<\/li>\n<li>Eins\u00e4tze aus synthetischem Wildleder<\/li>\n<li>Harte Eins\u00e4tze im Kn\u00f6chelbereich mit weichem D-Schaum auf der Innenseite des Mesh-Futters<\/li>\n<li>Kategorie II &#8211; EN 13634<\/li>\n<\/ul>\n","protected":false},"excerpt":{"rendered":"<p>Sch\u00fctzende und bequeme Motorrad-Stra\u00dfenschuhe f\u00fcr den t\u00e4glichen Gebrauch. Das hoch atmungsaktive, gestrickte Obermaterial macht den Schuh&#8230;<\/p>\n","protected":false},"featured_media":21589,"comment_status":"open","ping_status":"open","template":"","meta":{"_acf_changed":false},"brand":[2113],"gender":[],"product_brand":[],"product_cat":[1357,2043,2044],"product_tag":[],"class_list":{"0":"post-106758","1":"product","2":"type-product","3":"status-publish","4":"has-post-thumbnail","6":"brand-dainese-de","7":"product_cat-ausrustung-fur-motorradfahrer","8":"product_cat-schuhe","9":"product_cat-urbanes-schuhwerk","10":"pa_velikost-skornji-39-de","11":"pa_velikost-skornji-40-de","12":"pa_velikost-skornji-41-de","13":"pa_velikost-skornji-42-de","14":"pa_velikost-skornji-43-de","15":"pa_velikost-skornji-44-de","16":"pa_velikost-skornji-45-de","17":"pa_velikost-skornji-46-de","18":"pa_velikost-skornji-47-de","20":"first","21":"onbackorder","22":"taxable","23":"shipping-taxable","24":"purchasable","25":"product-type-variable"},"acf":[],"_links":{"self":[{"href":"https:\/\/moto-oprema.com\/de\/wp-json\/wp\/v2\/product\/106758","targetHints":{"allow":["GET"]}}],"collection":[{"href":"https:\/\/moto-oprema.com\/de\/wp-json\/wp\/v2\/product"}],"about":[{"href":"https:\/\/moto-oprema.com\/de\/wp-json\/wp\/v2\/types\/product"}],"replies":[{"embeddable":true,"href":"https:\/\/moto-oprema.com\/de\/wp-json\/wp\/v2\/comments?post=106758"}],"wp:featuredmedia":[{"embeddable":true,"href":"https:\/\/moto-oprema.com\/de\/wp-json\/wp\/v2\/media\/21589"}],"wp:attachment":[{"href":"https:\/\/moto-oprema.com\/de\/wp-json\/wp\/v2\/media?parent=106758"}],"wp:term":[{"taxonomy":"brand","embeddable":true,"href":"https:\/\/moto-oprema.com\/de\/wp-json\/wp\/v2\/brand?post=106758"},{"taxonomy":"gender","embeddable":true,"href":"https:\/\/moto-oprema.com\/de\/wp-json\/wp\/v2\/gender?post=106758"},{"taxonomy":"product_brand","embeddable":true,"href":"https:\/\/moto-oprema.com\/de\/wp-json\/wp\/v2\/product_brand?post=106758"},{"taxonomy":"product_cat","embeddable":true,"href":"https:\/\/moto-oprema.com\/de\/wp-json\/wp\/v2\/product_cat?post=106758"},{"taxonomy":"product_tag","embeddable":true,"href":"https:\/\/moto-oprema.com\/de\/wp-json\/wp\/v2\/product_tag?post=106758"}],"curies":[{"name":"wp","href":"https:\/\/api.w.org\/{rel}","templated":true}]}}