{"id":106733,"date":"2023-05-15T08:04:17","date_gmt":"2023-05-15T08:04:17","guid":{"rendered":"https:\/\/moto-oprema.com\/Artikel\/dainese-seeker-gore-tex-army-schuhe\/"},"modified":"2023-05-15T08:04:17","modified_gmt":"2023-05-15T08:04:17","slug":"dainese-seeker-gore-tex-army-schuhe","status":"publish","type":"product","link":"https:\/\/moto-oprema.com\/de\/Artikel\/dainese-seeker-gore-tex-army-schuhe\/","title":{"rendered":"DAINESE SEEKER GORE-TEX\u00ae ARMY SCHUHE"},"content":{"rendered":"<p>Aventure &#8211; Touring-Schuh von Dainese. \u00dcberragender Komfort und Schutz f\u00fcr Gel\u00e4ndemotorr\u00e4der. Sicherheit und Kontrolle f\u00fcr Erkundungstouren mit maximaler Freiheit. Die hochwertige Lederkonstruktion mit wasserdichter Gore-Tex\u00ae Performance-Membran bietet ein H\u00f6chstma\u00df an Strapazierf\u00e4higkeit und Wetterbest\u00e4ndigkeit f\u00fcr einen sicheren und bequemen Sitz bei allen Wetterbedingungen. Der Fokus auf Leichtigkeit und Komfort wird mit einem Schwerpunkt auf Schutz kombiniert, auch dank des Schienbeinschutzes mit Dainese Pro-Armor Technologie, der maximale Sicherheit und Bewegungsfreiheit erm\u00f6glicht. Der Verschluss ist sicher und pr\u00e4zise dank des QuickLacing-Systems mit doppelten Metallriemen. Die innovative asymmetrische Groundtrax\u00ae-Au\u00dfensohle mit Differenzierung in den Schalt- und Bremszonen wurde entwickelt, um optimale Stabilit\u00e4t, Grip und Traktion auf und abseits des Sattels auf jedem Terrain zu bieten. Dank der Robustheit und Steifigkeit des Profils ist der Seeker Gore-Tex\u00ae sowohl f\u00fcr den Einsatz auf der Stra\u00dfe als auch im Gel\u00e4nde geeignet und bietet jederzeit ein H\u00f6chstma\u00df an Balance und Komfort. Ausgestattet mit einem Verstellsystem am Schaft f\u00fcr maximale Passform und Komfort.        <\/p>\n<p>Merkmale:<\/p>\n<p>TPU-Schutz<br \/>\nEinstellriemen f\u00fcr die Wade<br \/>\nObermaterial aus vollnarbigem Rindsleder<br \/>\nSpaltledereins\u00e4tze auf der Innenseite<br \/>\nSteife Kn\u00f6chelpaneele<br \/>\nZwei verstellbare Metallschnallen<br \/>\nGore-Tex Performance Comfort Schuhmembran<br \/>\nFlexible Gelenke f\u00fcr zus\u00e4tzlichen Komfort<br \/>\nSchnellverschluss auf der Innenseite<\/p>\n","protected":false},"excerpt":{"rendered":"<p>Farbe: Milit\u00e4rgr\u00fcn<\/p>\n","protected":false},"featured_media":21577,"comment_status":"open","ping_status":"open","template":"","meta":{"_acf_changed":false},"brand":[2113],"gender":[],"product_brand":[],"product_cat":[1357],"product_tag":[],"class_list":{"0":"post-106733","1":"product","2":"type-product","3":"status-publish","4":"has-post-thumbnail","6":"brand-dainese-de","7":"product_cat-ausrustung-fur-motorradfahrer","8":"pa_velikost-skornji-40-de","9":"pa_velikost-skornji-41-de","10":"pa_velikost-skornji-42-de","11":"pa_velikost-skornji-43-de","12":"pa_velikost-skornji-44-de","13":"pa_velikost-skornji-45-de","14":"pa_velikost-skornji-46-de","15":"pa_velikost-skornji-47-de","17":"first","18":"instock","19":"sale","20":"taxable","21":"shipping-taxable","22":"purchasable","23":"product-type-variable"},"acf":[],"_links":{"self":[{"href":"https:\/\/moto-oprema.com\/de\/wp-json\/wp\/v2\/product\/106733","targetHints":{"allow":["GET"]}}],"collection":[{"href":"https:\/\/moto-oprema.com\/de\/wp-json\/wp\/v2\/product"}],"about":[{"href":"https:\/\/moto-oprema.com\/de\/wp-json\/wp\/v2\/types\/product"}],"replies":[{"embeddable":true,"href":"https:\/\/moto-oprema.com\/de\/wp-json\/wp\/v2\/comments?post=106733"}],"wp:featuredmedia":[{"embeddable":true,"href":"https:\/\/moto-oprema.com\/de\/wp-json\/wp\/v2\/media\/21577"}],"wp:attachment":[{"href":"https:\/\/moto-oprema.com\/de\/wp-json\/wp\/v2\/media?parent=106733"}],"wp:term":[{"taxonomy":"brand","embeddable":true,"href":"https:\/\/moto-oprema.com\/de\/wp-json\/wp\/v2\/brand?post=106733"},{"taxonomy":"gender","embeddable":true,"href":"https:\/\/moto-oprema.com\/de\/wp-json\/wp\/v2\/gender?post=106733"},{"taxonomy":"product_brand","embeddable":true,"href":"https:\/\/moto-oprema.com\/de\/wp-json\/wp\/v2\/product_brand?post=106733"},{"taxonomy":"product_cat","embeddable":true,"href":"https:\/\/moto-oprema.com\/de\/wp-json\/wp\/v2\/product_cat?post=106733"},{"taxonomy":"product_tag","embeddable":true,"href":"https:\/\/moto-oprema.com\/de\/wp-json\/wp\/v2\/product_tag?post=106733"}],"curies":[{"name":"wp","href":"https:\/\/api.w.org\/{rel}","templated":true}]}}