{"id":106732,"date":"2023-04-08T04:34:39","date_gmt":"2023-04-08T04:34:39","guid":{"rendered":"https:\/\/moto-oprema.com\/Artikel\/alpinestars-1pc-gp-tech-anzug-v4-blau\/"},"modified":"2023-04-08T04:34:39","modified_gmt":"2023-04-08T04:34:39","slug":"alpinestars-1pc-gp-tech-anzug-v4-blau","status":"publish","type":"product","link":"https:\/\/moto-oprema.com\/de\/Artikel\/alpinestars-1pc-gp-tech-anzug-v4-blau\/","title":{"rendered":"ALPINESTARS 1PC GP TECH ANZUG V4 BLAU"},"content":{"rendered":"<div class=\"rte\">Der Alpinestars GP Tech V4 Einteiler ist ein neues Modell eines Schutzanzugs f\u00fcr den professionellen Einsatz.<\/div>\n<div class=\"rte\">\n<p>Empfohlen von den besten Champions, die diese Marke tragen. Entwickelt f\u00fcr maximale Leistung, Sicherheit und hervorragenden Komfort. Ein Anzug, der f\u00fcr das Tech-Air 10 Airbag-System entwickelt wurde und gleichzeitig Schutz und Bewegungsfreiheit bietet. Hergestellt aus neuen Materialien wie MATRYX, atmungsaktiv und mit ausgezeichneter Abriebfestigkeit. Der Anzug wurde mit der Cool-iR Tech-Technologie behandelt, um einen Hitzestau zu verhindern, und die Kevlar-Mesh-Verst\u00e4rkung verhindert die W\u00e4rme\u00fcbertragung.     Die MATRYX-Paneele werden aus fortschrittlichen Materialien hergestellt und befinden sich an den Stellen des K\u00f6rpers, die am st\u00e4rksten beansprucht werden. Sie bieten au\u00dferdem eine bessere Bel\u00fcftung und mechanische Widerstandsf\u00e4higkeit gegen Rei\u00dfen und Abrieb und bleiben dabei sehr d\u00fcnn und leicht. Der Unterschenkel besteht ebenfalls aus MATRYX, das mit Hochleistungs-Polyurethan beschichtet ist, wie es auch in der MotoGP verwendet wird. Diese Technologie sorgt f\u00fcr eine geringere Belastung der Beine, eine bessere Bel\u00fcftung und eine ausgezeichnete Bewegungsfreiheit.   <\/p>\n<p>Technische Merkmale Alpinestars Gp Tech V4 Anzug<\/p>\n<p>Hergestellt aus K\u00e4nguruleder mit Eins\u00e4tzen aus Rindsleder<br \/>\nKevlar-Stretcheins\u00e4tze an der Brust, den Armen und der R\u00fcckseite der Beine f\u00fcr mehr Komfort und Haltbarkeit<br \/>\nExterne GP-DFS-Schutzelemente sorgen f\u00fcr eine hervorragende Schlag- und Abriebfestigkeit mit ausgezeichneter Reibungskontrolle<br \/>\nAuswechselbare Ellbogenschieber<br \/>\nGP-R weicher Innenschutz, der Komfort und erweiterten Schutz an den K\u00f6rperstellen bietet, an denen er am meisten ben\u00f6tigt wird<br \/>\nBio-Flex Race H\u00fcftschutz f\u00fcr optimale Sto\u00dffestigkeit<br \/>\nStrategische Perforationen an Armen und Beinen zur Verbesserung der Luftzirkulation<br \/>\nHerausnehmbares Komfortfutter mit Rei\u00dfverschluss f\u00fcr zus\u00e4tzlichen Komfort und Polygiene-Behandlung f\u00fcr lang anhaltende Frische<br \/>\nInternes G\u00fcrtelhakensystem, um den Anzug beim Absteigen vom Fahrrad an Ort und Stelle zu halten, wobei die Oberseite des Anzugs \u00fcber die Schultern hinausragt<br \/>\nCE-gepr\u00fcftes Ger\u00e4t &#8211; Kat II (EN17092) Klasse AAA<\/p>\n<\/div>\n<div class=\"rte\">Zusammensetzung des Rohmaterials: 100% Leder<\/div>\n","protected":false},"excerpt":{"rendered":"<p>Farbe: Blau-schwarz-wei\u00df<\/p>\n","protected":false},"featured_media":20847,"comment_status":"open","ping_status":"open","template":"","meta":{"_acf_changed":false},"brand":[2111],"gender":[],"product_brand":[],"product_cat":[2220,1357],"product_tag":[],"class_list":{"0":"post-106732","1":"product","2":"type-product","3":"status-publish","4":"has-post-thumbnail","6":"brand-alpinestars-de","7":"product_cat-1-teilige-latzhose","8":"product_cat-ausrustung-fur-motorradfahrer","9":"pa_size-44-de","10":"pa_size-46-de","11":"pa_size-48-de","12":"pa_size-50-de","13":"pa_size-52-de","14":"pa_size-54-de","15":"pa_size-56-de","16":"pa_size-58-de","18":"first","19":"instock","20":"sale","21":"taxable","22":"shipping-taxable","23":"purchasable","24":"product-type-variable"},"acf":[],"_links":{"self":[{"href":"https:\/\/moto-oprema.com\/de\/wp-json\/wp\/v2\/product\/106732","targetHints":{"allow":["GET"]}}],"collection":[{"href":"https:\/\/moto-oprema.com\/de\/wp-json\/wp\/v2\/product"}],"about":[{"href":"https:\/\/moto-oprema.com\/de\/wp-json\/wp\/v2\/types\/product"}],"replies":[{"embeddable":true,"href":"https:\/\/moto-oprema.com\/de\/wp-json\/wp\/v2\/comments?post=106732"}],"wp:featuredmedia":[{"embeddable":true,"href":"https:\/\/moto-oprema.com\/de\/wp-json\/wp\/v2\/media\/20847"}],"wp:attachment":[{"href":"https:\/\/moto-oprema.com\/de\/wp-json\/wp\/v2\/media?parent=106732"}],"wp:term":[{"taxonomy":"brand","embeddable":true,"href":"https:\/\/moto-oprema.com\/de\/wp-json\/wp\/v2\/brand?post=106732"},{"taxonomy":"gender","embeddable":true,"href":"https:\/\/moto-oprema.com\/de\/wp-json\/wp\/v2\/gender?post=106732"},{"taxonomy":"product_brand","embeddable":true,"href":"https:\/\/moto-oprema.com\/de\/wp-json\/wp\/v2\/product_brand?post=106732"},{"taxonomy":"product_cat","embeddable":true,"href":"https:\/\/moto-oprema.com\/de\/wp-json\/wp\/v2\/product_cat?post=106732"},{"taxonomy":"product_tag","embeddable":true,"href":"https:\/\/moto-oprema.com\/de\/wp-json\/wp\/v2\/product_tag?post=106732"}],"curies":[{"name":"wp","href":"https:\/\/api.w.org\/{rel}","templated":true}]}}