{"id":106671,"date":"2023-11-15T08:15:44","date_gmt":"2023-11-15T08:15:44","guid":{"rendered":"https:\/\/moto-oprema.com\/Artikel\/hjc-jet-helm-f31-ludi-mc5\/"},"modified":"2023-11-15T08:15:44","modified_gmt":"2023-11-15T08:15:44","slug":"hjc-jet-helm-f31-ludi-mc5","status":"publish","type":"product","link":"https:\/\/moto-oprema.com\/de\/Artikel\/hjc-jet-helm-f31-ludi-mc5\/","title":{"rendered":"HJC JET HELM F31 LUDI MC5"},"content":{"rendered":"<p>Hochentwickelte Fiberglasschale: Leicht, mit ausgezeichneter Passform und Komfort dank fortschrittlicher CAD-Technologie.<br \/>\nVISOR HJ-43 Ready: Bietet 99% UV-Schutz, Anti-Kratz-Beschichtung, bidirektionale Schnappratsche, sanftes Einrasten und verbesserte Abdichtung.<br \/>\nMehrstufiger dynamischer Sonnenschutz f\u00fcr optimierte Positionierung.<br \/>\nAdvanced Ventilation System &#8222;ACS&#8220;: Vollst\u00e4ndige Bel\u00fcftung von vorne nach hinten, damit W\u00e4rme und Feuchtigkeit aus dem Helm entweichen k\u00f6nnen.<br \/>\nInnenausstattung: gef\u00fcttert und feuchtigkeitstransportierend.<br \/>\nInnenschale und Wangenpolster sind herausnehmbar und waschbar.<br \/>\nVorbereitet f\u00fcr SMART Hjc 11B, 21B und 50B Bluetooth<br \/>\n(separat erh\u00e4ltlich).<br \/>\nPinlock inklusive.<br \/>\n3 Schalengr\u00f6\u00dfen: XS-S, M-L, XL-2XL.<\/p>\n","protected":false},"excerpt":{"rendered":"<p>HJC Jet-Helm F 31<\/p>\n","protected":false},"featured_media":105608,"comment_status":"open","ping_status":"closed","template":"","meta":{"_acf_changed":false},"brand":[2131],"gender":[],"product_brand":[],"product_cat":[1357,1360,2331],"product_tag":[],"class_list":{"0":"post-106671","1":"product","2":"type-product","3":"status-publish","4":"has-post-thumbnail","6":"brand-hjc-de","7":"product_cat-ausrustung-fur-motorradfahrer","8":"product_cat-helme","9":"product_cat-jet-de","10":"pa_size-l-de","11":"pa_size-m-de","12":"pa_size-s-de","13":"pa_size-xl-de","14":"pa_size-xs-de","15":"pa_size-xxl-de","17":"first","18":"instock","19":"taxable","20":"shipping-taxable","21":"purchasable","22":"product-type-variable"},"acf":[],"_links":{"self":[{"href":"https:\/\/moto-oprema.com\/de\/wp-json\/wp\/v2\/product\/106671","targetHints":{"allow":["GET"]}}],"collection":[{"href":"https:\/\/moto-oprema.com\/de\/wp-json\/wp\/v2\/product"}],"about":[{"href":"https:\/\/moto-oprema.com\/de\/wp-json\/wp\/v2\/types\/product"}],"replies":[{"embeddable":true,"href":"https:\/\/moto-oprema.com\/de\/wp-json\/wp\/v2\/comments?post=106671"}],"wp:featuredmedia":[{"embeddable":true,"href":"https:\/\/moto-oprema.com\/de\/wp-json\/wp\/v2\/media\/105608"}],"wp:attachment":[{"href":"https:\/\/moto-oprema.com\/de\/wp-json\/wp\/v2\/media?parent=106671"}],"wp:term":[{"taxonomy":"brand","embeddable":true,"href":"https:\/\/moto-oprema.com\/de\/wp-json\/wp\/v2\/brand?post=106671"},{"taxonomy":"gender","embeddable":true,"href":"https:\/\/moto-oprema.com\/de\/wp-json\/wp\/v2\/gender?post=106671"},{"taxonomy":"product_brand","embeddable":true,"href":"https:\/\/moto-oprema.com\/de\/wp-json\/wp\/v2\/product_brand?post=106671"},{"taxonomy":"product_cat","embeddable":true,"href":"https:\/\/moto-oprema.com\/de\/wp-json\/wp\/v2\/product_cat?post=106671"},{"taxonomy":"product_tag","embeddable":true,"href":"https:\/\/moto-oprema.com\/de\/wp-json\/wp\/v2\/product_tag?post=106671"}],"curies":[{"name":"wp","href":"https:\/\/api.w.org\/{rel}","templated":true}]}}