{"id":106649,"date":"2023-11-13T11:59:59","date_gmt":"2023-11-13T11:59:59","guid":{"rendered":"https:\/\/moto-oprema.com\/Artikel\/hjc-jet-helm-rpha-31-kouv-mc21sf\/"},"modified":"2023-11-13T11:59:59","modified_gmt":"2023-11-13T11:59:59","slug":"hjc-jet-helm-rpha-31-kouv-mc21sf","status":"publish","type":"product","link":"https:\/\/moto-oprema.com\/de\/Artikel\/hjc-jet-helm-rpha-31-kouv-mc21sf\/","title":{"rendered":"HJC JET HELM RPHA 31 KOUV MC21SF"},"content":{"rendered":"<p>Der RPHA 31 bietet dank der Premium Integrated Matrix (PIM) Evo-Schale und dem Multi-Density-EPS eine verbesserte Sto\u00dffestigkeit und maximalen Schutz. Der mit einer Sonnenblende ausgestattete RPHA 31 wurde in umfangreichen Windkanaltests entwickelt, um eine leisere und aerodynamischere Fahrt zu erm\u00f6glichen und Ger\u00e4uschpegel und Windturbulenzen zu reduzieren. Der RPHA 31 ist au\u00dferdem mit dem SMART HJC Bluetooth-Kommunikationssystem der zweiten Generation kompatibel, so dass der Fahrer in Verbindung bleiben und sich auf die Stra\u00dfe konzentrieren kann.  <\/p>\n<p>Merkmale:<\/p>\n<p>PIM-EVO-Schale: ein neues Schalenmaterial mit Carbon-Aramid-Fasern, Kohlefasern, Glasfasern, organischen Vliesstoffen und nat\u00fcrlichen Flachsfasern f\u00fcr eine verbesserte Sto\u00dffestigkeit und einen komfortableren und leichteren Helm<br \/>\nFortschrittliches Gewebe f\u00fcr verbesserten Feuchtigkeitstransport und schnelles Trocknen<br \/>\nDer RPHA 31 hat eine verl\u00e4ngerte Schale und EPS f\u00fcr das Kinn, was eine bessere Passform im Vergleich zu Integralhelmen bietet.<br \/>\nMit einem v\u00f6llig neuen, einziehbaren Visierdeflektor und einer Visierhalterung zur Ger\u00e4uschreduzierung, zur Sicherung des Visiers und zum Blockieren von eindringendem Wind<br \/>\n3D-Konturierung der Wangenpolster<br \/>\nReflektierendes Material f\u00fcr die Sicherheit<br \/>\nAuswechselbare Wangenknochen in allen Gr\u00f6\u00dfen f\u00fcr eine individuelle Anpassung<br \/>\nWaschbares Komfortfutter und Wangenpolster<br \/>\nKompatibel mit Smart HJC Kommunikationssystemen der zweiten Generation<br \/>\nGeeignet f\u00fcr Brillentr\u00e4ger<\/p>\n<p>Technische Daten:<\/p>\n<p>Material: PIM Evo Verbundwerkstoff: Karbon, Aramidfaser, Glasfaser und Vlies<br \/>\nErf\u00fcllt: Norm : 22.06<br \/>\nVerschluss: mikrometrischer Ratschenverschluss<br \/>\nVisierart: HJ-39, rostfrei beschichtet, verschlussfertig<br \/>\nSonnenblende: HJ-V12<br \/>\nGr\u00f6\u00dfen:<\/p>\n<p>Helm\/Helm\/Kopfpolster Gr\u00f6\u00dfe:<br \/>\nXS (54-55cm)\/40mm\/12mm<br \/>\nS(55-56cm)\/35mm\/9mm<br \/>\nM(57-58cm)\/35mm9mm<br \/>\nL(58-59cm)\/35mm\/9mm<br \/>\nXL (60-61cm)\/35mm\/12mm<br \/>\nXXL (62-63cm)\/25mm\/7mm<\/p>\n","protected":false},"excerpt":{"rendered":"<p>HJC Jet-Helm RPHA 31<\/p>\n","protected":false},"featured_media":24044,"comment_status":"open","ping_status":"open","template":"","meta":{"_acf_changed":false},"brand":[2131],"gender":[],"product_brand":[],"product_cat":[1357,1360,2331],"product_tag":[],"class_list":{"0":"post-106649","1":"product","2":"type-product","3":"status-publish","4":"has-post-thumbnail","6":"brand-hjc-de","7":"product_cat-ausrustung-fur-motorradfahrer","8":"product_cat-helme","9":"product_cat-jet-de","10":"pa_size-l-de","11":"pa_size-m-de","12":"pa_size-s-de","13":"pa_size-xl-de","14":"pa_size-xs-de","15":"pa_size-xxl-de","17":"first","18":"instock","19":"taxable","20":"shipping-taxable","21":"purchasable","22":"product-type-variable"},"acf":[],"_links":{"self":[{"href":"https:\/\/moto-oprema.com\/de\/wp-json\/wp\/v2\/product\/106649","targetHints":{"allow":["GET"]}}],"collection":[{"href":"https:\/\/moto-oprema.com\/de\/wp-json\/wp\/v2\/product"}],"about":[{"href":"https:\/\/moto-oprema.com\/de\/wp-json\/wp\/v2\/types\/product"}],"replies":[{"embeddable":true,"href":"https:\/\/moto-oprema.com\/de\/wp-json\/wp\/v2\/comments?post=106649"}],"wp:featuredmedia":[{"embeddable":true,"href":"https:\/\/moto-oprema.com\/de\/wp-json\/wp\/v2\/media\/24044"}],"wp:attachment":[{"href":"https:\/\/moto-oprema.com\/de\/wp-json\/wp\/v2\/media?parent=106649"}],"wp:term":[{"taxonomy":"brand","embeddable":true,"href":"https:\/\/moto-oprema.com\/de\/wp-json\/wp\/v2\/brand?post=106649"},{"taxonomy":"gender","embeddable":true,"href":"https:\/\/moto-oprema.com\/de\/wp-json\/wp\/v2\/gender?post=106649"},{"taxonomy":"product_brand","embeddable":true,"href":"https:\/\/moto-oprema.com\/de\/wp-json\/wp\/v2\/product_brand?post=106649"},{"taxonomy":"product_cat","embeddable":true,"href":"https:\/\/moto-oprema.com\/de\/wp-json\/wp\/v2\/product_cat?post=106649"},{"taxonomy":"product_tag","embeddable":true,"href":"https:\/\/moto-oprema.com\/de\/wp-json\/wp\/v2\/product_tag?post=106649"}],"curies":[{"name":"wp","href":"https:\/\/api.w.org\/{rel}","templated":true}]}}