{"id":106510,"date":"2023-10-18T10:25:02","date_gmt":"2023-10-18T10:25:02","guid":{"rendered":"https:\/\/moto-oprema.com\/Artikel\/fox-bomber-ce-schwarz-handschuhe\/"},"modified":"2023-10-18T10:25:02","modified_gmt":"2023-10-18T10:25:02","slug":"fox-bomber-ce-schwarz-handschuhe","status":"publish","type":"product","link":"https:\/\/moto-oprema.com\/de\/Artikel\/fox-bomber-ce-schwarz-handschuhe\/","title":{"rendered":"FOX BOMBER CE SCHWARZ HANDSCHUHE"},"content":{"rendered":"<p>Der FOX Bomber CE ist ein extrem robuster Handschuh und bietet Ihnen kompletten Schutz von den Fingern bis zum Handgelenk. Ein Muss f\u00fcr hartes Terrain und jedes Offroad-Abenteuer. Die geformten Kn\u00f6chel- und Fingerprotektoren aus Kunststoff bieten Schutz vor Steinen und \u00c4sten, w\u00e4hrend die breite Klettverschlussmanschette das Handgelenk selbst vor den h\u00e4rtesten St\u00f6\u00dfen sch\u00fctzt. Das perforierte R\u00fcckenpolster aus Ziegenleder erh\u00f6ht den Komfort und sorgt f\u00fcr eine optimale Luftzirkulation, w\u00e4hrend der Silikon-Fingerabdruck eine bessere Kontrolle \u00fcber den Schalthebel und die Kupplung erm\u00f6glicht. Eine gepolsterte Handfl\u00e4che aus doppellagigem, leitf\u00e4higem Clarine bietet zus\u00e4tzlichen Komfort und ist mit Touchscreens kompatibel. CE Level 1 zertifiziert.     <\/p>\n<p>&nbsp;<\/p>\n","protected":false},"excerpt":{"rendered":"<p>Der FOX Bomber CE ist ein extrem robuster Handschuh und bietet Ihnen kompletten Schutz von den&#8230;<\/p>\n","protected":false},"featured_media":106525,"comment_status":"open","ping_status":"closed","template":"","meta":{"_acf_changed":false},"brand":[2115],"gender":[],"product_brand":[],"product_cat":[2028,2070],"product_tag":[],"class_list":{"0":"post-106510","1":"product","2":"type-product","3":"status-publish","4":"has-post-thumbnail","6":"brand-fox-de","7":"product_cat-motocross-ausrustung","8":"product_cat-mx-handschuhe","9":"pa_size-l-de","10":"pa_size-m-de","11":"pa_size-s-de","12":"pa_size-xl-de","13":"pa_size-xxl-de","14":"pa_size-xxxl-de","15":"pa_size-xxxxl-de","17":"first","18":"instock","19":"sale","20":"taxable","21":"shipping-taxable","22":"purchasable","23":"product-type-variable"},"acf":[],"_links":{"self":[{"href":"https:\/\/moto-oprema.com\/de\/wp-json\/wp\/v2\/product\/106510","targetHints":{"allow":["GET"]}}],"collection":[{"href":"https:\/\/moto-oprema.com\/de\/wp-json\/wp\/v2\/product"}],"about":[{"href":"https:\/\/moto-oprema.com\/de\/wp-json\/wp\/v2\/types\/product"}],"replies":[{"embeddable":true,"href":"https:\/\/moto-oprema.com\/de\/wp-json\/wp\/v2\/comments?post=106510"}],"wp:featuredmedia":[{"embeddable":true,"href":"https:\/\/moto-oprema.com\/de\/wp-json\/wp\/v2\/media\/106525"}],"wp:attachment":[{"href":"https:\/\/moto-oprema.com\/de\/wp-json\/wp\/v2\/media?parent=106510"}],"wp:term":[{"taxonomy":"brand","embeddable":true,"href":"https:\/\/moto-oprema.com\/de\/wp-json\/wp\/v2\/brand?post=106510"},{"taxonomy":"gender","embeddable":true,"href":"https:\/\/moto-oprema.com\/de\/wp-json\/wp\/v2\/gender?post=106510"},{"taxonomy":"product_brand","embeddable":true,"href":"https:\/\/moto-oprema.com\/de\/wp-json\/wp\/v2\/product_brand?post=106510"},{"taxonomy":"product_cat","embeddable":true,"href":"https:\/\/moto-oprema.com\/de\/wp-json\/wp\/v2\/product_cat?post=106510"},{"taxonomy":"product_tag","embeddable":true,"href":"https:\/\/moto-oprema.com\/de\/wp-json\/wp\/v2\/product_tag?post=106510"}],"curies":[{"name":"wp","href":"https:\/\/api.w.org\/{rel}","templated":true}]}}