{"id":106332,"date":"2023-10-06T09:04:43","date_gmt":"2023-10-06T09:04:43","guid":{"rendered":"https:\/\/moto-oprema.com\/Artikel\/hjc-klapphelm-rpha-91-carbon-noela-mc5\/"},"modified":"2023-10-06T09:04:43","modified_gmt":"2023-10-06T09:04:43","slug":"hjc-klapphelm-rpha-91-carbon-noela-mc5","status":"publish","type":"product","link":"https:\/\/moto-oprema.com\/de\/Artikel\/hjc-klapphelm-rpha-91-carbon-noela-mc5\/","title":{"rendered":"HJC KLAPPHELM RPHA 91 CARBON NOELA MC5"},"content":{"rendered":"<p>Der RPHA 91 ist der neue Reise-Klapphelm von HJC, der f\u00fcr ganzt\u00e4gigen Komfort entwickelt wurde. Die neue Premium Integrated Matrix EVO (P.I.M. EVO) Schale bietet eine verbesserte Sto\u00dffestigkeit und ist dank der Verwendung von Verst\u00e4rkungsmaterialien wie Carbon-Aramid, Kohlefaser, Glasfaser, organischem Vlies und Flachs (Naturfaser) besonders leicht. Das neue HJ-37 Anti-Verzerrungsvisier und das HJ-V17 Visier bieten dem Fahrer eine klare und verbesserte periphere Sicht. Das Kinnverschlusssystem wurde verfeinert und verf\u00fcgt jetzt \u00fcber einen versteckten Verriegelungspunkt, der einen sanften Kontakt und weniger Druck auf den Wangenbereich erm\u00f6glicht. Die Ger\u00e4uschentwicklung wird durch das 3D-gefr\u00e4ste, ger\u00e4uscharme Innere des RPHA 91 auf ein Minimum reduziert. Dazu geh\u00f6rt auch ein Nackenpolstersystem, das daf\u00fcr sorgt, dass die Ger\u00e4uschentwicklung unterdr\u00fcckt wird. Die EPS-Konstruktion ist f\u00fcr Fahrer mit Brillen geeignet. Der RPHA 91 ist auch mit den Bluetooth Smart Systemen der zweiten Generation von HJC kompatibel.       <\/p>\n<p>Merkmale:<\/p>\n<ul>\n<li>  Neues Schalenmaterial mit Carbon-Aramid-Fasern, Karbonfasern, Glasfasern, organischen Vliesstoffen und nat\u00fcrlichen Flachsfasern f\u00fcr verbesserte Sto\u00dffestigkeit und einen komfortableren und leichteren Helm<\/li>\n<li>  Eingebauter Sonnenschutz: Die rostfreie Abdeckung mit get\u00f6ntem Visier ist mit dem neuen Bediensystem schnell und einfach zu installieren. Der neue Mechanismus erm\u00f6glicht es Ihnen, die Tiefe in 3 verschiedenen Positionen entsprechend Ihrer Morphologie und Ihren Vorlieben einzustellen, um einen optimalen Sitz zu gew\u00e4hrleisten. <\/li>\n<li>  Push &amp; Release: die neue Visierverriegelung ist sowohl sicherer als auch einfacher zu l\u00f6sen<\/li>\n<li>  Hochentwickeltes Innenfutter f\u00fcr besseren Feuchtigkeitstransport und schnelles Trocknen<\/li>\n<li>  Geeignet f\u00fcr Brillentr\u00e4ger<\/li>\n<li>  3D geformte Wangenpolster<\/li>\n<li>  Reflektierendes Material f\u00fcr die Sicherheit<\/li>\n<li>  Austauschbare Wangenklappen in allen Gr\u00f6\u00dfen f\u00fcr individuelle Anpassungen<\/li>\n<li>  Waschbares Komfortfutter und Wangenpolster<\/li>\n<\/ul>\n<p>Technische Daten:<\/p>\n<ul>\n<li>  Material: PIM Evo Composite: Kohlefaser, Aramidfaser, Glasfaser und Vliesstoff<\/li>\n<li>  Standard: 22.06<\/li>\n<li>  Verschluss: mikrometrischer Ratschenverschluss mit einem Tastendruck<\/li>\n<li>  Visier Typ: HJ-40, rostschutzbeschichtet<\/li>\n<li>  Sonnenblende: HJ-V12<\/li>\n<\/ul>\n<p>P&amp;J Front\u00f6ffnung:<\/p>\n<ul>\n<li>  Option zur Verriegelung des Kinnb\u00fcgels, wenn Sie mit offener Position fahren m\u00f6chten, um sicherer zu fahren<\/li>\n<li>  Der Kinnvorhang l\u00e4sst sich hochklappen, wenn der Helm ge\u00f6ffnet ist, um das Aufsetzen zu erleichtern und den Windwiderstand zu verringern<\/li>\n<li>  Das untere Schlie\u00dfsystem versteckt sich automatisch in der offenen Position, um Windger\u00e4usche und Luftwiderstand zu reduzieren<\/li>\n<li>  Der neue, in zwei Richtungen drehbare Kinnb\u00fcgel erm\u00f6glicht es, den Helm kompakter zu gestalten (niedriger als zuvor) und gleichzeitig offen zu bleiben, um Windger\u00e4usche und Luftwiderstand zu reduzieren.<\/li>\n<\/ul>\n<p>Gr\u00f6\u00dfen:<\/p>\n<p>Helm\/Helm\/Kopfpolster Gr\u00f6\u00dfe:<br \/>\nXS (54-55cm)\/40mm\/9mm<br \/>\nS(55-56cm)\/35mm\/12mm<br \/>\nM(57-58cm)\/35mm\/9mm<br \/>\nL(58-59cm)\/35mm\/12mm<br \/>\nXL (60-61cm)\/35mm\/12mm<br \/>\nXXL (62-63cm)\/25mm\/7mm<\/p>\n<p>Enthalten:<\/p>\n<p>1x HJC RPHA 91 Helm<br \/>\n1x Pinlock<br \/>\n1x Helmtasche<\/p>\n","protected":false},"excerpt":{"rendered":"<p>HJC RPHA 91 CARBON Farbe: Schwarz &#8211; Grau &#8211; CARBON<\/p>\n","protected":false},"featured_media":106339,"comment_status":"open","ping_status":"closed","template":"","meta":{"_acf_changed":false},"brand":[2131],"gender":[2173],"product_brand":[],"product_cat":[2026,1357,1360],"product_tag":[],"class_list":{"0":"post-106332","1":"product","2":"type-product","3":"status-publish","4":"has-post-thumbnail","6":"brand-hjc-de","7":"gender-unisex-de","8":"product_cat-ausklappbar","9":"product_cat-ausrustung-fur-motorradfahrer","10":"product_cat-helme","11":"pa_size-l-de","12":"pa_size-m-de","13":"pa_size-s-de","14":"pa_size-xl-de","15":"pa_size-xs-de","16":"pa_size-xxl-de","18":"first","19":"instock","20":"taxable","21":"shipping-taxable","22":"purchasable","23":"product-type-variable"},"acf":[],"_links":{"self":[{"href":"https:\/\/moto-oprema.com\/de\/wp-json\/wp\/v2\/product\/106332","targetHints":{"allow":["GET"]}}],"collection":[{"href":"https:\/\/moto-oprema.com\/de\/wp-json\/wp\/v2\/product"}],"about":[{"href":"https:\/\/moto-oprema.com\/de\/wp-json\/wp\/v2\/types\/product"}],"replies":[{"embeddable":true,"href":"https:\/\/moto-oprema.com\/de\/wp-json\/wp\/v2\/comments?post=106332"}],"wp:featuredmedia":[{"embeddable":true,"href":"https:\/\/moto-oprema.com\/de\/wp-json\/wp\/v2\/media\/106339"}],"wp:attachment":[{"href":"https:\/\/moto-oprema.com\/de\/wp-json\/wp\/v2\/media?parent=106332"}],"wp:term":[{"taxonomy":"brand","embeddable":true,"href":"https:\/\/moto-oprema.com\/de\/wp-json\/wp\/v2\/brand?post=106332"},{"taxonomy":"gender","embeddable":true,"href":"https:\/\/moto-oprema.com\/de\/wp-json\/wp\/v2\/gender?post=106332"},{"taxonomy":"product_brand","embeddable":true,"href":"https:\/\/moto-oprema.com\/de\/wp-json\/wp\/v2\/product_brand?post=106332"},{"taxonomy":"product_cat","embeddable":true,"href":"https:\/\/moto-oprema.com\/de\/wp-json\/wp\/v2\/product_cat?post=106332"},{"taxonomy":"product_tag","embeddable":true,"href":"https:\/\/moto-oprema.com\/de\/wp-json\/wp\/v2\/product_tag?post=106332"}],"curies":[{"name":"wp","href":"https:\/\/api.w.org\/{rel}","templated":true}]}}