{"id":106135,"date":"2023-10-02T09:55:19","date_gmt":"2023-10-02T09:55:19","guid":{"rendered":"https:\/\/moto-oprema.com\/Artikel\/hjc-smart-sena-21b-kommunikation\/"},"modified":"2023-10-02T09:55:19","modified_gmt":"2023-10-02T09:55:19","slug":"hjc-smart-sena-21b-kommunikation","status":"publish","type":"product","link":"https:\/\/moto-oprema.com\/de\/Artikel\/hjc-smart-sena-21b-kommunikation\/","title":{"rendered":"HJC SMART SENA 21B KOMMUNIKATION"},"content":{"rendered":"<p>Das SMART HJC 21B ist das Modell der 2. Generation des Standard-Bluetooth-Kommunikationssystems, das 21B-kompatible HJC-Helme unterst\u00fctzt, mit strukturellen Schnittstellen, die Benutzer leicht an HJC-Helmen anbringen k\u00f6nnen. Basierend auf dem energiesparenden BT 5.1-System bietet das 21B eine Bluetooth-4-Wege-Gegensprechanlage mit \u00fcber 22 Stunden Sprechzeit.<br \/>\nEnhanced Sound bietet Benutzern einen HD-Lautsprecher, der die mittleren bis tiefen T\u00f6ne bereichert.  <\/p>\n<p>Die SMART Hjc-Modelle der 2. Generation des High-End-Bluetooth-Kommunikationssystems verf\u00fcgen \u00fcber ein All-in-One-Design, das vollst\u00e4ndig in den Helm integriert ist, so dass Sie w\u00e4hrend der Fahrt die optimale Balance zwischen Gewicht und aerodynamischer Leistung sp\u00fcren. Entwickelt in Zusammenarbeit mit Sena und speziell f\u00fcr HJC-Helme angepasst.  <\/p>\n<p>Spezifikationen:<\/p>\n<p>Bluetooth 5.1<br \/>\nErweiterte Rauschunterdr\u00fcckung<br \/>\nGegensprechanlage bis zu 1600m<br \/>\nSprachansage<br \/>\nUniverselle Gegensprechanlage<br \/>\nHD-Lautsprecher<br \/>\nAudio-Multitasking<br \/>\n4-Wege Gegensprechanlage.<\/p>\n<p>Mit der Smartphone-App k\u00f6nnen Sie die verschiedenen Funktionen des SMART HJC Kommunikationssystems schnell und einfach verwalten und die Schnellstartanleitung lesen.<\/p>\n<p>Kann an HJC-Modelle angepasst werden:<\/p>\n<ul>\n<li>RPHA 71 UND RPHA 71 KOHLENSTOFF<\/li>\n<li>RPHA 91 UND RPHA 91 KOHLENSTOFF<\/li>\n<li>RPHA31<\/li>\n<li>F71 UND F71 CARBON<\/li>\n<li>F31<\/li>\n<li>i71<\/li>\n<li>i91<\/li>\n<\/ul>\n","protected":false},"excerpt":{"rendered":"<p>Das HJC Smart Sena 21B ist ein Bluetooth-Kommunikationssystem, das speziell f\u00fcr HJC-Helme entwickelt wurde.<\/p>\n","protected":false},"featured_media":22748,"comment_status":"open","ping_status":"open","template":"","meta":{"_acf_changed":false},"brand":[2131],"gender":[],"product_brand":[],"product_cat":[1357,1360,2064],"product_tag":[],"class_list":{"0":"post-106135","1":"product","2":"type-product","3":"status-publish","4":"has-post-thumbnail","6":"brand-hjc-de","7":"product_cat-ausrustung-fur-motorradfahrer","8":"product_cat-helme","9":"product_cat-kommunikation","11":"first","12":"onbackorder","13":"sale","14":"taxable","15":"shipping-taxable","16":"purchasable","17":"product-type-simple"},"acf":[],"_links":{"self":[{"href":"https:\/\/moto-oprema.com\/de\/wp-json\/wp\/v2\/product\/106135","targetHints":{"allow":["GET"]}}],"collection":[{"href":"https:\/\/moto-oprema.com\/de\/wp-json\/wp\/v2\/product"}],"about":[{"href":"https:\/\/moto-oprema.com\/de\/wp-json\/wp\/v2\/types\/product"}],"replies":[{"embeddable":true,"href":"https:\/\/moto-oprema.com\/de\/wp-json\/wp\/v2\/comments?post=106135"}],"wp:featuredmedia":[{"embeddable":true,"href":"https:\/\/moto-oprema.com\/de\/wp-json\/wp\/v2\/media\/22748"}],"wp:attachment":[{"href":"https:\/\/moto-oprema.com\/de\/wp-json\/wp\/v2\/media?parent=106135"}],"wp:term":[{"taxonomy":"brand","embeddable":true,"href":"https:\/\/moto-oprema.com\/de\/wp-json\/wp\/v2\/brand?post=106135"},{"taxonomy":"gender","embeddable":true,"href":"https:\/\/moto-oprema.com\/de\/wp-json\/wp\/v2\/gender?post=106135"},{"taxonomy":"product_brand","embeddable":true,"href":"https:\/\/moto-oprema.com\/de\/wp-json\/wp\/v2\/product_brand?post=106135"},{"taxonomy":"product_cat","embeddable":true,"href":"https:\/\/moto-oprema.com\/de\/wp-json\/wp\/v2\/product_cat?post=106135"},{"taxonomy":"product_tag","embeddable":true,"href":"https:\/\/moto-oprema.com\/de\/wp-json\/wp\/v2\/product_tag?post=106135"}],"curies":[{"name":"wp","href":"https:\/\/api.w.org\/{rel}","templated":true}]}}